{"id":2309,"date":"2020-04-26T15:18:36","date_gmt":"2020-04-26T12:18:36","guid":{"rendered":"https:\/\/berkanresorlu.com\/?page_id=2309"},"modified":"2022-11-15T22:19:48","modified_gmt":"2022-11-15T19:19:48","slug":"hidrosel-ve-fitik","status":"publish","type":"page","link":"https:\/\/berkanresorlu.com\/en\/hidrosel-ve-fitik\/","title":{"rendered":"Hydrocele and Hernia"},"content":{"rendered":"<\/p>\n<div class=\"row\"  id=\"row-257238393\">\n\n\t<div id=\"col-1682054087\" class=\"col small-12 large-12\"  >\n\t\t\t\t<div class=\"col-inner\"  >\n\t\t\t\n\t\t\t\n<div class=\"slider-wrapper relative\" id=\"slider-767990126\" >\n    <div class=\"slider slider-nav-circle slider-nav-large slider-nav-light slider-style-normal\"\n        data-flickity-options='{\n            \"cellAlign\": \"center\",\n            \"imagesLoaded\": true,\n            \"lazyLoad\": 1,\n            \"freeScroll\": false,\n            \"wrapAround\": false,\n            \"autoPlay\": 6000,\n            \"pauseAutoPlayOnHover\" : true,\n            \"prevNextButtons\": false,\n            \"contain\" : true,\n            \"adaptiveHeight\" : true,\n            \"dragThreshold\" : 10,\n            \"percentPosition\": true,\n            \"pageDots\": false,\n            \"rightToLeft\": false,\n            \"draggable\": false,\n            \"selectedAttraction\": 0.1,\n            \"parallax\" : 0,\n            \"friction\": 0.6        }'\n        >\n        \n\n  <div class=\"banner has-hover bg-zoom\" id=\"banner-1530129225\">\n          <div class=\"banner-inner fill\">\n        <div class=\"banner-bg fill\" >\n            <img decoding=\"async\" width=\"1048\" height=\"350\" src=\"https:\/\/berkanresorlu.com\/wp-content\/uploads\/2020\/04\/Hidrosel-ve-F\u0131t\u0131k-tedavisi.jpg\" class=\"bg attachment-original size-original\" alt=\"\" \/>                                    \n                    <\/div>\n\t\t\n        <div class=\"banner-layers container\">\n            <div class=\"fill banner-link\"><\/div>            \n        <\/div>\n      <\/div>\n\n            \n<style>\n#banner-1530129225 {\n  padding-top: 350px;\n  background-color: rgb(255, 255, 255);\n}\n#banner-1530129225 .banner-bg img {\n  object-position: 69% 58%;\n}\n<\/style>\n  <\/div>\n\n\n     <\/div>\n\n     <div class=\"loading-spin dark large centered\"><\/div>\n\n\t<\/div>\n\n\n\t\t<\/div>\n\t\t\t\t\t<\/div>\n\n\t\n\n\t<div id=\"col-1247331901\" class=\"col small-12 large-12\"  >\n\t\t\t\t<div class=\"col-inner\"  >\n\t\t\t\n\t\t\t\n<p><strong>Hydrocele<\/strong> is the name given to fluid accumulation between the two membranes surrounding the testicle. There are two types:<\/p>\n<ul>\n<li>The relationship between the membrane surrounding the communicating testicle and the membrane in the abdominal cavity continues. The fluid in the abdomen fills around the testicle through this opening and a condition called hydrocele or water hernia occurs among the people. If this opening is large, a hernia occurs by protruding from here in the abdominal organs.<\/li>\n<li>Non-communicating hydrocele usually occurs at older ages and the swelling that occurs is not related to the peritoneum.<\/li>\n<\/ul>\n<p><strong>Symptoms<\/strong><\/p>\n<p>Usually the only sign of hydrocele is painless swelling. The communicating type swelling usually disappears in the morning and increases later in the day. This swelling, which becomes more pronounced in cases that increase intra-abdominal pressure, such as crying and straining, can also be seen with hernia. With the method called translumination and examining the scrotal contents with a light, it can be understood whether there is a hernia inside. If necessary, ultrasonography can be performed for this purpose.<\/p>\n<p><strong>Treatment<\/strong><\/p>\n<p>The treatment of hydrocele is surgical, but it is recommended to wait 1 year as the possibility of spontaneous recovery is high in the first 12 months. If a hernia or a testicular pathology accompanies the event, early surgery can be performed.<\/p>\n<p><strong>NOTE:<\/strong> The page content is for informational purposes only, please consult your doctor for diagnosis and treatment.<\/p>\n\t\t<\/div>\n\t\t\t\t\t<\/div>\n\n\t\n<\/div>\n<p>\n","protected":false},"excerpt":{"rendered":"","protected":false},"author":1,"featured_media":0,"parent":0,"menu_order":0,"comment_status":"closed","ping_status":"closed","template":"page-blank-title-center.php","meta":{"footnotes":""},"class_list":["post-2309","page","type-page","status-publish","hentry"],"yoast_head":"<!-- This site is optimized with the Yoast SEO plugin v27.3 - https:\/\/yoast.com\/product\/yoast-seo-wordpress\/ -->\n<title>Hydrocele and Hernia<\/title>\n<meta name=\"description\" content=\"Hydrocele and Hernia\" \/>\n<meta name=\"robots\" content=\"index, follow, max-snippet:-1, max-image-preview:large, max-video-preview:-1\" \/>\n<link rel=\"canonical\" href=\"https:\/\/berkanresorlu.com\/en\/hidrosel-ve-fitik\/\" \/>\n<meta property=\"og:locale\" content=\"en_US\" \/>\n<meta property=\"og:locale:alternate\" content=\"tr_TR\" \/>\n<meta property=\"og:type\" content=\"article\" \/>\n<meta property=\"og:title\" content=\"Hydrocele and Hernia\" \/>\n<meta property=\"og:description\" content=\"Hydrocele and Hernia\" \/>\n<meta property=\"og:url\" content=\"https:\/\/berkanresorlu.com\/en\/hidrosel-ve-fitik\/\" \/>\n<meta property=\"og:site_name\" content=\"Prof. Dr. Berkan RE\u015eORLU M.D.\" \/>\n<meta property=\"article:publisher\" content=\"https:\/\/www.facebook.com\/berkan.resorlu\" \/>\n<meta property=\"article:modified_time\" content=\"2022-11-15T19:19:48+00:00\" \/>\n<meta property=\"og:image\" content=\"https:\/\/berkanresorlu.com\/wp-content\/uploads\/2020\/01\/Doc\u0327-Doktor-Berkan-Res\u0327orlu-Ankara-U\u0308roloji.jpg\" \/>\n\t<meta property=\"og:image:width\" content=\"1000\" \/>\n\t<meta property=\"og:image:height\" content=\"562\" \/>\n\t<meta property=\"og:image:type\" content=\"image\/jpeg\" \/>\n<meta name=\"twitter:card\" content=\"summary_large_image\" \/>\n<meta name=\"twitter:site\" content=\"@berkanresorlu\" \/>\n<meta name=\"twitter:label1\" content=\"Est. reading time\" \/>\n\t<meta name=\"twitter:data1\" content=\"3 minutes\" \/>\n<script type=\"application\/ld+json\" class=\"yoast-schema-graph\">{\"@context\":\"https:\\\/\\\/schema.org\",\"@graph\":[{\"@type\":\"WebPage\",\"@id\":\"https:\\\/\\\/berkanresorlu.com\\\/hidrosel-ve-fitik\\\/\",\"url\":\"https:\\\/\\\/berkanresorlu.com\\\/hidrosel-ve-fitik\\\/\",\"name\":\"Hydrocele and Hernia\",\"isPartOf\":{\"@id\":\"https:\\\/\\\/berkanresorlu.com\\\/#website\"},\"datePublished\":\"2020-04-26T12:18:36+00:00\",\"dateModified\":\"2022-11-15T19:19:48+00:00\",\"description\":\"Hydrocele and Hernia\",\"breadcrumb\":{\"@id\":\"https:\\\/\\\/berkanresorlu.com\\\/hidrosel-ve-fitik\\\/#breadcrumb\"},\"inLanguage\":\"en-US\",\"potentialAction\":[{\"@type\":\"ReadAction\",\"target\":[\"https:\\\/\\\/berkanresorlu.com\\\/hidrosel-ve-fitik\\\/\"]}]},{\"@type\":\"BreadcrumbList\",\"@id\":\"https:\\\/\\\/berkanresorlu.com\\\/hidrosel-ve-fitik\\\/#breadcrumb\",\"itemListElement\":[{\"@type\":\"ListItem\",\"position\":1,\"name\":\"Ana sayfa\",\"item\":\"https:\\\/\\\/berkanresorlu.com\\\/\"},{\"@type\":\"ListItem\",\"position\":2,\"name\":\"Hidrosel ve F\u0131t\u0131k\"}]},{\"@type\":\"WebSite\",\"@id\":\"https:\\\/\\\/berkanresorlu.com\\\/#website\",\"url\":\"https:\\\/\\\/berkanresorlu.com\\\/\",\"name\":\"Prof. Dr. Berkan RE\u015eORLU M.D.\",\"description\":\"Ankara Urology Professor\",\"publisher\":{\"@id\":\"https:\\\/\\\/berkanresorlu.com\\\/#organization\"},\"alternateName\":\"Berkan Re\u015forlu\",\"potentialAction\":[{\"@type\":\"SearchAction\",\"target\":{\"@type\":\"EntryPoint\",\"urlTemplate\":\"https:\\\/\\\/berkanresorlu.com\\\/?s={search_term_string}\"},\"query-input\":{\"@type\":\"PropertyValueSpecification\",\"valueRequired\":true,\"valueName\":\"search_term_string\"}}],\"inLanguage\":\"en-US\"},{\"@type\":\"Organization\",\"@id\":\"https:\\\/\\\/berkanresorlu.com\\\/#organization\",\"name\":\"Prof. Dr. Berkan RE\u015eORLU Muayenehanesi \\\/ \u00dcroloji Doktoru\",\"alternateName\":\"Ankara \u00dcroloji Profes\u00f6r\u00fc\",\"url\":\"https:\\\/\\\/berkanresorlu.com\\\/\",\"logo\":{\"@type\":\"ImageObject\",\"inLanguage\":\"en-US\",\"@id\":\"https:\\\/\\\/berkanresorlu.com\\\/#\\\/schema\\\/logo\\\/image\\\/\",\"url\":\"https:\\\/\\\/berkanresorlu.com\\\/wp-content\\\/uploads\\\/2023\\\/03\\\/prof-dr-berkan-resorlu-logo.jpg\",\"contentUrl\":\"https:\\\/\\\/berkanresorlu.com\\\/wp-content\\\/uploads\\\/2023\\\/03\\\/prof-dr-berkan-resorlu-logo.jpg\",\"width\":2073,\"height\":2073,\"caption\":\"Prof. Dr. Berkan RE\u015eORLU Muayenehanesi \\\/ \u00dcroloji Doktoru\"},\"image\":{\"@id\":\"https:\\\/\\\/berkanresorlu.com\\\/#\\\/schema\\\/logo\\\/image\\\/\"},\"sameAs\":[\"https:\\\/\\\/www.facebook.com\\\/berkan.resorlu\",\"https:\\\/\\\/x.com\\\/berkanresorlu\",\"https:\\\/\\\/www.instagram.com\\\/prof.dr.berkanresorlu\\\/\",\"https:\\\/\\\/www.linkedin.com\\\/in\\\/berkan-reorlu-217ab9123\\\/\",\"https:\\\/\\\/www.youtube.com\\\/@prof.dr.berkanresorlu\"]}]}<\/script>\n<!-- \/ Yoast SEO plugin. -->","yoast_head_json":{"title":"Hydrocele and Hernia","description":"[:tr]Hidrosel ve F\u0131t\u0131k[:en]Hydrocele and Hernia[:ar]\u0627\u0644\u0642\u064a\u0644\u0629 \u0648\u0627\u0644\u0641\u062a\u0642[:]","robots":{"index":"index","follow":"follow","max-snippet":"max-snippet:-1","max-image-preview":"max-image-preview:large","max-video-preview":"max-video-preview:-1"},"canonical":"https:\/\/berkanresorlu.com\/en\/hidrosel-ve-fitik\/","og_locale":"en_US","og_type":"article","og_title":"[:tr]Hidrosel ve F\u0131t\u0131k[:en]Hydrocele and Hernia[:ar]\u0627\u0644\u0642\u064a\u0644\u0629 \u0648\u0627\u0644\u0641\u062a\u0642[:] | Prof. Dr. Berkan RE\u015eORLU M.D.","og_description":"[:tr]Hidrosel ve F\u0131t\u0131k[:en]Hydrocele and Hernia[:ar]\u0627\u0644\u0642\u064a\u0644\u0629 \u0648\u0627\u0644\u0641\u062a\u0642[:]","og_url":"https:\/\/berkanresorlu.com\/en\/hidrosel-ve-fitik\/","og_site_name":"Prof. Dr. Berkan RE\u015eORLU M.D.","article_publisher":"https:\/\/www.facebook.com\/berkan.resorlu","article_modified_time":"2022-11-15T19:19:48+00:00","og_image":[{"width":1000,"height":562,"url":"https:\/\/berkanresorlu.com\/wp-content\/uploads\/2020\/01\/Doc\u0327-Doktor-Berkan-Res\u0327orlu-Ankara-U\u0308roloji.jpg","type":"image\/jpeg"}],"twitter_card":"summary_large_image","twitter_site":"@berkanresorlu","twitter_misc":{"Est. reading time":"3 minutes"},"schema":{"@context":"https:\/\/schema.org","@graph":[{"@type":"WebPage","@id":"https:\/\/berkanresorlu.com\/hidrosel-ve-fitik\/","url":"https:\/\/berkanresorlu.com\/hidrosel-ve-fitik\/","name":"Hydrocele and Hernia","isPartOf":{"@id":"https:\/\/berkanresorlu.com\/#website"},"datePublished":"2020-04-26T12:18:36+00:00","dateModified":"2022-11-15T19:19:48+00:00","description":"Hydrocele and Hernia","breadcrumb":{"@id":"https:\/\/berkanresorlu.com\/hidrosel-ve-fitik\/#breadcrumb"},"inLanguage":"en-US","potentialAction":[{"@type":"ReadAction","target":["https:\/\/berkanresorlu.com\/hidrosel-ve-fitik\/"]}]},{"@type":"BreadcrumbList","@id":"https:\/\/berkanresorlu.com\/hidrosel-ve-fitik\/#breadcrumb","itemListElement":[{"@type":"ListItem","position":1,"name":"Ana sayfa","item":"https:\/\/berkanresorlu.com\/"},{"@type":"ListItem","position":2,"name":"Hidrosel ve F\u0131t\u0131k"}]},{"@type":"WebSite","@id":"https:\/\/berkanresorlu.com\/#website","url":"https:\/\/berkanresorlu.com\/","name":"Prof. Dr. Berkan RE\u015eORLU M.D.","description":"Ankara Urology Professor","publisher":{"@id":"https:\/\/berkanresorlu.com\/#organization"},"alternateName":"Berkan Re\u015forlu","potentialAction":[{"@type":"SearchAction","target":{"@type":"EntryPoint","urlTemplate":"https:\/\/berkanresorlu.com\/?s={search_term_string}"},"query-input":{"@type":"PropertyValueSpecification","valueRequired":true,"valueName":"search_term_string"}}],"inLanguage":"en-US"},{"@type":"Organization","@id":"https:\/\/berkanresorlu.com\/#organization","name":"Prof. Dr. Berkan RE\u015eORLU Muayenehanesi \/ \u00dcroloji Doktoru","alternateName":"Ankara \u00dcroloji Profes\u00f6r\u00fc","url":"https:\/\/berkanresorlu.com\/","logo":{"@type":"ImageObject","inLanguage":"en-US","@id":"https:\/\/berkanresorlu.com\/#\/schema\/logo\/image\/","url":"https:\/\/berkanresorlu.com\/wp-content\/uploads\/2023\/03\/prof-dr-berkan-resorlu-logo.jpg","contentUrl":"https:\/\/berkanresorlu.com\/wp-content\/uploads\/2023\/03\/prof-dr-berkan-resorlu-logo.jpg","width":2073,"height":2073,"caption":"Prof. Dr. Berkan RE\u015eORLU Muayenehanesi \/ \u00dcroloji Doktoru"},"image":{"@id":"https:\/\/berkanresorlu.com\/#\/schema\/logo\/image\/"},"sameAs":["https:\/\/www.facebook.com\/berkan.resorlu","https:\/\/x.com\/berkanresorlu","https:\/\/www.instagram.com\/prof.dr.berkanresorlu\/","https:\/\/www.linkedin.com\/in\/berkan-reorlu-217ab9123\/","https:\/\/www.youtube.com\/@prof.dr.berkanresorlu"]}]}},"_links":{"self":[{"href":"https:\/\/berkanresorlu.com\/en\/wp-json\/wp\/v2\/pages\/2309","targetHints":{"allow":["GET"]}}],"collection":[{"href":"https:\/\/berkanresorlu.com\/en\/wp-json\/wp\/v2\/pages"}],"about":[{"href":"https:\/\/berkanresorlu.com\/en\/wp-json\/wp\/v2\/types\/page"}],"author":[{"embeddable":true,"href":"https:\/\/berkanresorlu.com\/en\/wp-json\/wp\/v2\/users\/1"}],"replies":[{"embeddable":true,"href":"https:\/\/berkanresorlu.com\/en\/wp-json\/wp\/v2\/comments?post=2309"}],"version-history":[{"count":1,"href":"https:\/\/berkanresorlu.com\/en\/wp-json\/wp\/v2\/pages\/2309\/revisions"}],"predecessor-version":[{"id":5810,"href":"https:\/\/berkanresorlu.com\/en\/wp-json\/wp\/v2\/pages\/2309\/revisions\/5810"}],"wp:attachment":[{"href":"https:\/\/berkanresorlu.com\/en\/wp-json\/wp\/v2\/media?parent=2309"}],"curies":[{"name":"wp","href":"https:\/\/api.w.org\/{rel}","templated":true}]}}