{"id":2367,"date":"2020-07-15T21:58:50","date_gmt":"2020-07-15T18:58:50","guid":{"rendered":"https:\/\/berkanresorlu.com\/?page_id=2367"},"modified":"2021-05-14T21:07:53","modified_gmt":"2021-05-14T18:07:53","slug":"lazerle-prostat-ameliyati","status":"publish","type":"page","link":"https:\/\/berkanresorlu.com\/en\/lazerle-prostat-ameliyati\/","title":{"rendered":"Thulium Laser Prostate Surgery (ThuLEP)"},"content":{"rendered":"<div class=\"row\"  id=\"row-2044013203\">\n\n\t<div id=\"col-559436104\" class=\"col small-12 large-12\"  >\n\t\t\t\t<div class=\"col-inner\"  >\n\t\t\t\n\t\t\t\n<div class=\"slider-wrapper relative\" id=\"slider-601009067\" >\n    <div class=\"slider slider-nav-circle slider-nav-large slider-nav-light slider-style-normal\"\n        data-flickity-options='{\n            \"cellAlign\": \"center\",\n            \"imagesLoaded\": true,\n            \"lazyLoad\": 1,\n            \"freeScroll\": false,\n            \"wrapAround\": false,\n            \"autoPlay\": 6000,\n            \"pauseAutoPlayOnHover\" : true,\n            \"prevNextButtons\": false,\n            \"contain\" : true,\n            \"adaptiveHeight\" : true,\n            \"dragThreshold\" : 10,\n            \"percentPosition\": true,\n            \"pageDots\": false,\n            \"rightToLeft\": false,\n            \"draggable\": false,\n            \"selectedAttraction\": 0.1,\n            \"parallax\" : 0,\n            \"friction\": 0.6        }'\n        >\n        \n\n  <div class=\"banner has-hover bg-zoom\" id=\"banner-1414914450\">\n          <div class=\"banner-inner fill\">\n        <div class=\"banner-bg fill\" >\n            <img decoding=\"async\" width=\"1048\" height=\"350\" src=\"https:\/\/berkanresorlu.com\/wp-content\/uploads\/2020\/07\/Thulium-Lazerle-Prostat-Ameliyat\u0131-ThuLEP.jpg\" class=\"bg attachment-original size-original\" alt=\"\" \/>                                    \n                    <\/div>\n\t\t\n        <div class=\"banner-layers container\">\n            <div class=\"fill banner-link\"><\/div>            \n        <\/div>\n      <\/div>\n\n            \n<style>\n#banner-1414914450 {\n  padding-top: 350px;\n  background-color: rgb(255, 255, 255);\n}\n#banner-1414914450 .banner-bg img {\n  object-position: 51% 62%;\n}\n<\/style>\n  <\/div>\n\n\n     <\/div>\n\n     <div class=\"loading-spin dark large centered\"><\/div>\n\n\t<\/div>\n\n\n\t\t<\/div>\n\t\t\t\t\t<\/div>\n\n\t\n\n\t<div id=\"col-1973437940\" class=\"col small-12 large-12\"  >\n\t\t\t\t<div class=\"col-inner\"  >\n\t\t\t\n\t\t\t\n<p>Thulium laser is the most up-to-date and most modern laser technology used in the treatment of enlarged prostate (BPH). The superiority of Thulium laser over other laser techniques in prostate surgery is due to its high cutting power, low tissue penetration (0.25mm) and constant temperature (continuous wavelength).<\/p>\n<p><strong>How Is It Applied?<\/strong><\/p>\n<p>The term for ThuLEP surgery is \u201cThulium Laser Enucleation of Prostate\u201d, which means the removal of the enlarged prostate inner tissue (adenoma) from the capsule with the help of thulium laser. This is done by entering through the urinary canal through an endoscope without any incision. The prostate tissue separated from its capsule with the help of laser is then separated into small pieces in the bladder and taken out.<\/p>\n<p><strong>What are its advantages?<\/strong><\/p>\n<p>Since Thulium laser is a laser with a very high cutting power, it enables the prostate tissues to be removed from the capsule quickly without bleeding. The risk of bleeding is lower than all other surgical techniques (TUR, HoLEP, Greenlight, Open Surgery) because of the high cutting power of the Thulium laser and does not penetrate deep tissues.<\/p>\n<p>Since the entire portion of the prostate tissue outside the capsule is removed in ThuLEP surgery, the risk of recurrence of the disease is almost negligible. Due to the fact that the prostate tissue cannot be completely removed in the operations performed with closed methods such as TUR and Greenlight, the results are not as pleasant as ThuLEP and HoLEP, especially in large prostates. Prostate tissue remaining in these surgeries can grow over time and cause similar complaints again after a while.<\/p>\n<p>In Thulium laser, less tissue and cell damage occurs as a result of less tissue penetration depth and constant operation of the wavelength with continuous energy at a certain temperature. After the surgery, the muscles that keep urine, the nerves that provide hardening and the ejaculation are better protected. In this way, post-operative urinary incontinence and erection problems are not experienced.<\/p>\n<p><strong>NOTE:<\/strong> The content of the page is for informational purposes only, please consult your doctor for diagnosis and treatment.<\/p>\n\t\t<\/div>\n\t\t\t\t\t<\/div>\n\n\t\n<\/div>\n","protected":false},"excerpt":{"rendered":"","protected":false},"author":1,"featured_media":2368,"parent":0,"menu_order":0,"comment_status":"closed","ping_status":"closed","template":"page-blank-title-center.php","meta":{"footnotes":""},"class_list":["post-2367","page","type-page","status-publish","has-post-thumbnail","hentry"],"yoast_head":"<!-- This site is optimized with the Yoast SEO plugin v27.5 - https:\/\/yoast.com\/product\/yoast-seo-wordpress\/ -->\n<title>Thulium Laser Prostate Surgery (ThuLEP)<\/title>\n<meta name=\"description\" content=\"Thulium Laser Prostate Surgery (ThuLEP)\" \/>\n<meta name=\"robots\" content=\"index, follow, max-snippet:-1, max-image-preview:large, max-video-preview:-1\" \/>\n<link rel=\"canonical\" href=\"https:\/\/berkanresorlu.com\/en\/lazerle-prostat-ameliyati\/\" \/>\n<meta property=\"og:locale\" content=\"en_US\" \/>\n<meta property=\"og:locale:alternate\" content=\"tr_TR\" \/>\n<meta property=\"og:type\" content=\"article\" \/>\n<meta property=\"og:title\" content=\"Thulium Laser Prostate Surgery (ThuLEP)\" \/>\n<meta property=\"og:description\" content=\"Thulium Laser Prostate Surgery (ThuLEP)\" \/>\n<meta property=\"og:url\" content=\"https:\/\/berkanresorlu.com\/en\/lazerle-prostat-ameliyati\/\" \/>\n<meta property=\"og:site_name\" content=\"Prof. Dr. Berkan RE\u015eORLU M.D.\" \/>\n<meta property=\"article:publisher\" content=\"https:\/\/www.facebook.com\/berkan.resorlu\" \/>\n<meta property=\"article:modified_time\" content=\"2021-05-14T18:07:53+00:00\" \/>\n<meta property=\"og:image\" content=\"https:\/\/berkanresorlu.com\/wp-content\/uploads\/2020\/07\/Thulium-Lazerle-Prostat-Ameliyat\u0131-ThuLEP.jpg\" \/>\n\t<meta property=\"og:image:width\" content=\"1048\" \/>\n\t<meta property=\"og:image:height\" content=\"350\" \/>\n\t<meta property=\"og:image:type\" content=\"image\/jpeg\" \/>\n<meta name=\"twitter:card\" content=\"summary_large_image\" \/>\n<meta name=\"twitter:site\" content=\"@berkanresorlu\" \/>\n<meta name=\"twitter:label1\" content=\"Est. reading time\" \/>\n\t<meta name=\"twitter:data1\" content=\"4 minutes\" \/>\n<script type=\"application\/ld+json\" class=\"yoast-schema-graph\">{\"@context\":\"https:\\\/\\\/schema.org\",\"@graph\":[{\"@type\":\"WebPage\",\"@id\":\"https:\\\/\\\/berkanresorlu.com\\\/lazerle-prostat-ameliyati\\\/\",\"url\":\"https:\\\/\\\/berkanresorlu.com\\\/lazerle-prostat-ameliyati\\\/\",\"name\":\"Thulium Laser Prostate Surgery (ThuLEP)\",\"isPartOf\":{\"@id\":\"https:\\\/\\\/berkanresorlu.com\\\/#website\"},\"primaryImageOfPage\":{\"@id\":\"https:\\\/\\\/berkanresorlu.com\\\/lazerle-prostat-ameliyati\\\/#primaryimage\"},\"image\":{\"@id\":\"https:\\\/\\\/berkanresorlu.com\\\/lazerle-prostat-ameliyati\\\/#primaryimage\"},\"thumbnailUrl\":\"https:\\\/\\\/berkanresorlu.com\\\/wp-content\\\/uploads\\\/2020\\\/07\\\/Thulium-Lazerle-Prostat-Ameliyat\u0131-ThuLEP.jpg\",\"datePublished\":\"2020-07-15T18:58:50+00:00\",\"dateModified\":\"2021-05-14T18:07:53+00:00\",\"description\":\"Thulium Laser Prostate Surgery (ThuLEP)\",\"breadcrumb\":{\"@id\":\"https:\\\/\\\/berkanresorlu.com\\\/lazerle-prostat-ameliyati\\\/#breadcrumb\"},\"inLanguage\":\"en-US\",\"potentialAction\":[{\"@type\":\"ReadAction\",\"target\":[\"https:\\\/\\\/berkanresorlu.com\\\/lazerle-prostat-ameliyati\\\/\"]}]},{\"@type\":\"ImageObject\",\"inLanguage\":\"en-US\",\"@id\":\"https:\\\/\\\/berkanresorlu.com\\\/lazerle-prostat-ameliyati\\\/#primaryimage\",\"url\":\"https:\\\/\\\/berkanresorlu.com\\\/wp-content\\\/uploads\\\/2020\\\/07\\\/Thulium-Lazerle-Prostat-Ameliyat\u0131-ThuLEP.jpg\",\"contentUrl\":\"https:\\\/\\\/berkanresorlu.com\\\/wp-content\\\/uploads\\\/2020\\\/07\\\/Thulium-Lazerle-Prostat-Ameliyat\u0131-ThuLEP.jpg\",\"width\":1048,\"height\":350},{\"@type\":\"BreadcrumbList\",\"@id\":\"https:\\\/\\\/berkanresorlu.com\\\/lazerle-prostat-ameliyati\\\/#breadcrumb\",\"itemListElement\":[{\"@type\":\"ListItem\",\"position\":1,\"name\":\"Ana sayfa\",\"item\":\"https:\\\/\\\/berkanresorlu.com\\\/\"},{\"@type\":\"ListItem\",\"position\":2,\"name\":\"Thulium Lazerle Prostat Ameliyat\u0131 (ThuLEP)\"}]},{\"@type\":\"WebSite\",\"@id\":\"https:\\\/\\\/berkanresorlu.com\\\/#website\",\"url\":\"https:\\\/\\\/berkanresorlu.com\\\/\",\"name\":\"Prof. Dr. Berkan RE\u015eORLU M.D.\",\"description\":\"Ankara Urology Professor\",\"publisher\":{\"@id\":\"https:\\\/\\\/berkanresorlu.com\\\/#organization\"},\"alternateName\":\"Berkan Re\u015forlu\",\"potentialAction\":[{\"@type\":\"SearchAction\",\"target\":{\"@type\":\"EntryPoint\",\"urlTemplate\":\"https:\\\/\\\/berkanresorlu.com\\\/?s={search_term_string}\"},\"query-input\":{\"@type\":\"PropertyValueSpecification\",\"valueRequired\":true,\"valueName\":\"search_term_string\"}}],\"inLanguage\":\"en-US\"},{\"@type\":\"Organization\",\"@id\":\"https:\\\/\\\/berkanresorlu.com\\\/#organization\",\"name\":\"Prof. Dr. Berkan RE\u015eORLU Muayenehanesi \\\/ \u00dcroloji Doktoru\",\"alternateName\":\"Ankara \u00dcroloji Profes\u00f6r\u00fc\",\"url\":\"https:\\\/\\\/berkanresorlu.com\\\/\",\"logo\":{\"@type\":\"ImageObject\",\"inLanguage\":\"en-US\",\"@id\":\"https:\\\/\\\/berkanresorlu.com\\\/#\\\/schema\\\/logo\\\/image\\\/\",\"url\":\"https:\\\/\\\/berkanresorlu.com\\\/wp-content\\\/uploads\\\/2023\\\/03\\\/prof-dr-berkan-resorlu-logo.jpg\",\"contentUrl\":\"https:\\\/\\\/berkanresorlu.com\\\/wp-content\\\/uploads\\\/2023\\\/03\\\/prof-dr-berkan-resorlu-logo.jpg\",\"width\":2073,\"height\":2073,\"caption\":\"Prof. Dr. Berkan RE\u015eORLU Muayenehanesi \\\/ \u00dcroloji Doktoru\"},\"image\":{\"@id\":\"https:\\\/\\\/berkanresorlu.com\\\/#\\\/schema\\\/logo\\\/image\\\/\"},\"sameAs\":[\"https:\\\/\\\/www.facebook.com\\\/berkan.resorlu\",\"https:\\\/\\\/x.com\\\/berkanresorlu\",\"https:\\\/\\\/www.instagram.com\\\/prof.dr.berkanresorlu\\\/\",\"https:\\\/\\\/www.linkedin.com\\\/in\\\/berkan-reorlu-217ab9123\\\/\",\"https:\\\/\\\/www.youtube.com\\\/@prof.dr.berkanresorlu\"]}]}<\/script>\n<!-- \/ Yoast SEO plugin. -->","yoast_head_json":{"title":"Thulium Laser Prostate Surgery (ThuLEP)","description":"[:tr]Thulium Lazerle Prostat Ameliyat\u0131 (ThuLEP)[:en]Thulium Laser Prostate Surgery (ThuLEP)[:ar]\u0627\u0644\u062b\u0648\u0644\u064a\u0648\u0645 \u062c\u0631\u0627\u062d\u0629 \u0627\u0644\u0628\u0631\u0648\u0633\u062a\u0627\u062a\u0627 \u0628\u0644\u064a\u0632[:]","robots":{"index":"index","follow":"follow","max-snippet":"max-snippet:-1","max-image-preview":"max-image-preview:large","max-video-preview":"max-video-preview:-1"},"canonical":"https:\/\/berkanresorlu.com\/en\/lazerle-prostat-ameliyati\/","og_locale":"en_US","og_type":"article","og_title":"[:tr]Thulium Lazerle Prostat Ameliyat\u0131 (ThuLEP)[:en]Thulium Laser Prostate Surgery (ThuLEP)[:ar]\u0627\u0644\u062b\u0648\u0644\u064a\u0648\u0645 \u062c\u0631\u0627\u062d\u0629 \u0627\u0644\u0628\u0631\u0648\u0633\u062a\u0627\u062a\u0627 \u0628\u0644\u064a\u0632[:] | Prof. Dr. Berkan RE\u015eORLU M.D.","og_description":"[:tr]Thulium Lazerle Prostat Ameliyat\u0131 (ThuLEP)[:en]Thulium Laser Prostate Surgery (ThuLEP)[:ar]\u0627\u0644\u062b\u0648\u0644\u064a\u0648\u0645 \u062c\u0631\u0627\u062d\u0629 \u0627\u0644\u0628\u0631\u0648\u0633\u062a\u0627\u062a\u0627 \u0628\u0644\u064a\u0632[:]","og_url":"https:\/\/berkanresorlu.com\/en\/lazerle-prostat-ameliyati\/","og_site_name":"Prof. Dr. Berkan RE\u015eORLU M.D.","article_publisher":"https:\/\/www.facebook.com\/berkan.resorlu","article_modified_time":"2021-05-14T18:07:53+00:00","og_image":[{"width":1048,"height":350,"url":"https:\/\/berkanresorlu.com\/wp-content\/uploads\/2020\/07\/Thulium-Lazerle-Prostat-Ameliyat\u0131-ThuLEP.jpg","type":"image\/jpeg"}],"twitter_card":"summary_large_image","twitter_site":"@berkanresorlu","twitter_misc":{"Est. reading time":"4 minutes"},"schema":{"@context":"https:\/\/schema.org","@graph":[{"@type":"WebPage","@id":"https:\/\/berkanresorlu.com\/lazerle-prostat-ameliyati\/","url":"https:\/\/berkanresorlu.com\/lazerle-prostat-ameliyati\/","name":"Thulium Laser Prostate Surgery (ThuLEP)","isPartOf":{"@id":"https:\/\/berkanresorlu.com\/#website"},"primaryImageOfPage":{"@id":"https:\/\/berkanresorlu.com\/lazerle-prostat-ameliyati\/#primaryimage"},"image":{"@id":"https:\/\/berkanresorlu.com\/lazerle-prostat-ameliyati\/#primaryimage"},"thumbnailUrl":"https:\/\/berkanresorlu.com\/wp-content\/uploads\/2020\/07\/Thulium-Lazerle-Prostat-Ameliyat\u0131-ThuLEP.jpg","datePublished":"2020-07-15T18:58:50+00:00","dateModified":"2021-05-14T18:07:53+00:00","description":"Thulium Laser Prostate Surgery (ThuLEP)","breadcrumb":{"@id":"https:\/\/berkanresorlu.com\/lazerle-prostat-ameliyati\/#breadcrumb"},"inLanguage":"en-US","potentialAction":[{"@type":"ReadAction","target":["https:\/\/berkanresorlu.com\/lazerle-prostat-ameliyati\/"]}]},{"@type":"ImageObject","inLanguage":"en-US","@id":"https:\/\/berkanresorlu.com\/lazerle-prostat-ameliyati\/#primaryimage","url":"https:\/\/berkanresorlu.com\/wp-content\/uploads\/2020\/07\/Thulium-Lazerle-Prostat-Ameliyat\u0131-ThuLEP.jpg","contentUrl":"https:\/\/berkanresorlu.com\/wp-content\/uploads\/2020\/07\/Thulium-Lazerle-Prostat-Ameliyat\u0131-ThuLEP.jpg","width":1048,"height":350},{"@type":"BreadcrumbList","@id":"https:\/\/berkanresorlu.com\/lazerle-prostat-ameliyati\/#breadcrumb","itemListElement":[{"@type":"ListItem","position":1,"name":"Ana sayfa","item":"https:\/\/berkanresorlu.com\/"},{"@type":"ListItem","position":2,"name":"Thulium Lazerle Prostat Ameliyat\u0131 (ThuLEP)"}]},{"@type":"WebSite","@id":"https:\/\/berkanresorlu.com\/#website","url":"https:\/\/berkanresorlu.com\/","name":"Prof. Dr. Berkan RE\u015eORLU M.D.","description":"Ankara Urology Professor","publisher":{"@id":"https:\/\/berkanresorlu.com\/#organization"},"alternateName":"Berkan Re\u015forlu","potentialAction":[{"@type":"SearchAction","target":{"@type":"EntryPoint","urlTemplate":"https:\/\/berkanresorlu.com\/?s={search_term_string}"},"query-input":{"@type":"PropertyValueSpecification","valueRequired":true,"valueName":"search_term_string"}}],"inLanguage":"en-US"},{"@type":"Organization","@id":"https:\/\/berkanresorlu.com\/#organization","name":"Prof. Dr. Berkan RE\u015eORLU Muayenehanesi \/ \u00dcroloji Doktoru","alternateName":"Ankara \u00dcroloji Profes\u00f6r\u00fc","url":"https:\/\/berkanresorlu.com\/","logo":{"@type":"ImageObject","inLanguage":"en-US","@id":"https:\/\/berkanresorlu.com\/#\/schema\/logo\/image\/","url":"https:\/\/berkanresorlu.com\/wp-content\/uploads\/2023\/03\/prof-dr-berkan-resorlu-logo.jpg","contentUrl":"https:\/\/berkanresorlu.com\/wp-content\/uploads\/2023\/03\/prof-dr-berkan-resorlu-logo.jpg","width":2073,"height":2073,"caption":"Prof. Dr. Berkan RE\u015eORLU Muayenehanesi \/ \u00dcroloji Doktoru"},"image":{"@id":"https:\/\/berkanresorlu.com\/#\/schema\/logo\/image\/"},"sameAs":["https:\/\/www.facebook.com\/berkan.resorlu","https:\/\/x.com\/berkanresorlu","https:\/\/www.instagram.com\/prof.dr.berkanresorlu\/","https:\/\/www.linkedin.com\/in\/berkan-reorlu-217ab9123\/","https:\/\/www.youtube.com\/@prof.dr.berkanresorlu"]}]}},"_links":{"self":[{"href":"https:\/\/berkanresorlu.com\/en\/wp-json\/wp\/v2\/pages\/2367","targetHints":{"allow":["GET"]}}],"collection":[{"href":"https:\/\/berkanresorlu.com\/en\/wp-json\/wp\/v2\/pages"}],"about":[{"href":"https:\/\/berkanresorlu.com\/en\/wp-json\/wp\/v2\/types\/page"}],"author":[{"embeddable":true,"href":"https:\/\/berkanresorlu.com\/en\/wp-json\/wp\/v2\/users\/1"}],"replies":[{"embeddable":true,"href":"https:\/\/berkanresorlu.com\/en\/wp-json\/wp\/v2\/comments?post=2367"}],"version-history":[{"count":0,"href":"https:\/\/berkanresorlu.com\/en\/wp-json\/wp\/v2\/pages\/2367\/revisions"}],"wp:featuredmedia":[{"embeddable":true,"href":"https:\/\/berkanresorlu.com\/en\/wp-json\/wp\/v2\/media\/2368"}],"wp:attachment":[{"href":"https:\/\/berkanresorlu.com\/en\/wp-json\/wp\/v2\/media?parent=2367"}],"curies":[{"name":"wp","href":"https:\/\/api.w.org\/{rel}","templated":true}]}}