{"id":705,"date":"2019-10-08T17:45:40","date_gmt":"2019-10-08T14:45:40","guid":{"rendered":"http:\/\/berkanresorlu.com\/?page_id=705"},"modified":"2022-11-18T19:08:26","modified_gmt":"2022-11-18T16:08:26","slug":"bobrek-tas-hastaliklari","status":"publish","type":"page","link":"https:\/\/berkanresorlu.com\/en\/bobrek-tas-hastaliklari\/","title":{"rendered":"KIDNEY STONES"},"content":{"rendered":"<\/p>\n<\/p>\n<div class=\"row row-collapse\"  id=\"row-656563762\">\n\n\n\t<div id=\"col-841129322\" class=\"col medium-6 small-12 large-6\"  >\n\t\t\t\t<div class=\"col-inner\"  >\n\t\t\t\n\t\t\t\n\n<div class=\"row row-collapse row-full-width align-center\"  id=\"row-302956540\">\n\n\n\t<div id=\"col-1306726691\" class=\"col medium-6 small-6 large-6\"  >\n\t\t\t\t<div class=\"col-inner\"  >\n\t\t\t\n\t\t\t\n\n\t<div class=\"img has-hover x md-x lg-x y md-y lg-y\" id=\"image_162856195\">\n\t\t\t\t\t\t\t\t<div class=\"img-inner dark\" style=\"margin:5px 5px 5px 5px;\">\n\t\t\t<img decoding=\"async\" width=\"260\" height=\"300\" src=\"https:\/\/berkanresorlu.com\/wp-content\/uploads\/2022\/11\/bobrek-tas-hastaligi-ankara-urolog.webp\" class=\"attachment-original size-original\" alt=\"\" \/>\t\t\t\t\t\t\n\t\t\t\t\t<\/div>\n\t\t\t\t\t\t\t\t\n<style>\n#image_162856195 {\n  width: 100%;\n}\n<\/style>\n\t<\/div>\n\t\n\n\n\t\t<\/div>\n\t\t\t\t\n<style>\n#col-1306726691 > .col-inner {\n  margin: 0px 0px 0px 20px;\n}\n<\/style>\n\t<\/div>\n\n\t\n\n\t<div id=\"col-1785034615\" class=\"col medium-6 small-6 large-6\"  >\n\t\t\t\t<div class=\"col-inner\"  >\n\t\t\t\n\t\t\t\n\n\n  <div class=\"banner has-hover\" id=\"banner-1394325508\">\n          <div class=\"banner-inner fill\">\n        <div class=\"banner-bg fill\" >\n                                    <div class=\"overlay\"><\/div>            \n\t<div class=\"is-border\"\n\t\tstyle=\"border-color:rgb(255, 255, 255);border-width:5px 5px 5px 5px;\">\n\t<\/div>\n                    <\/div>\n\t\t\n        <div class=\"banner-layers container\">\n            <div class=\"fill banner-link\"><\/div>            \n\n   <div id=\"text-box-409836616\" class=\"text-box banner-layer x50 md-x50 lg-x50 y50 md-y50 lg-y50 res-text\">\n                                <div class=\"text-box-content text \">\n              \n              <div class=\"text-inner text-center\">\n                  \n\n<h4 class=\"uppercase\"><a href=\"https:\/\/berkanresorlu.com\/en\/bobrek-tasi\/\"><span style=\"font-size: 150%;\"><strong>Kidney Stone Disease<\/strong><\/span><\/a><\/h4>\n\n              <\/div>\n           <\/div>\n                            \n<style>\n#text-box-409836616 {\n  width: 88%;\n}\n#text-box-409836616 .text-box-content {\n  font-size: 70%;\n}\n@media (min-width:550px) {\n  #text-box-409836616 {\n    width: 89%;\n  }\n  #text-box-409836616 .text-box-content {\n    font-size: 80%;\n  }\n}\n@media (min-width:850px) {\n  #text-box-409836616 .text-box-content {\n    font-size: 100%;\n  }\n}\n<\/style>\n    <\/div>\n \n\n        <\/div>\n      <\/div>\n\n            \n<style>\n#banner-1394325508 {\n  padding-top: 250px;\n}\n#banner-1394325508 .overlay {\n  background-color: rgb(241, 223, 220);\n}\n@media (min-width:850px) {\n  #banner-1394325508 {\n    padding-top: 300px;\n  }\n}\n<\/style>\n  <\/div>\n\n\n\n\t\t<\/div>\n\t\t\t\t\n<style>\n#col-1785034615 > .col-inner {\n  margin: 50px 0px 0px -10px;\n}\n@media (min-width:550px) {\n  #col-1785034615 > .col-inner {\n    margin: 70px 0px 0px -10px;\n  }\n}\n<\/style>\n\t<\/div>\n\n\t\n\n<\/div>\n\n\t\t<\/div>\n\t\t\t\t\t<\/div>\n\n\t\n\n\t<div id=\"col-1464383253\" class=\"col medium-6 small-12 large-6\"  >\n\t\t\t\t<div class=\"col-inner\"  >\n\t\t\t\n\t\t\t\n\n<div class=\"row row-collapse row-full-width align-center\"  id=\"row-786468383\">\n\n\n\t<div id=\"col-76015837\" class=\"col medium-6 small-6 large-6\"  >\n\t\t\t\t<div class=\"col-inner\"  >\n\t\t\t\n\t\t\t\n\n\t<div class=\"img has-hover x md-x lg-x y md-y lg-y\" id=\"image_1811443722\">\n\t\t\t\t\t\t\t\t<div class=\"img-inner dark\" style=\"margin:5px 5px 5px 5px;\">\n\t\t\t<img decoding=\"async\" width=\"260\" height=\"300\" src=\"https:\/\/berkanresorlu.com\/wp-content\/uploads\/2022\/11\/ses-dalgalariyla-tas-kirma-eswl-ankara-urolog.webp\" class=\"attachment-original size-original\" alt=\"\" \/>\t\t\t\t\t\t\n\t\t\t\t\t<\/div>\n\t\t\t\t\t\t\t\t\n<style>\n#image_1811443722 {\n  width: 100%;\n}\n<\/style>\n\t<\/div>\n\t\n\n\n\t\t<\/div>\n\t\t\t\t\n<style>\n#col-76015837 > .col-inner {\n  margin: 0px 0px 0px 20px;\n}\n<\/style>\n\t<\/div>\n\n\t\n\n\t<div id=\"col-506678829\" class=\"col medium-6 small-6 large-6\"  >\n\t\t\t\t<div class=\"col-inner\"  >\n\t\t\t\n\t\t\t\n\n\n  <div class=\"banner has-hover\" id=\"banner-1799502871\">\n          <div class=\"banner-inner fill\">\n        <div class=\"banner-bg fill\" >\n                                    <div class=\"overlay\"><\/div>            \n\t<div class=\"is-border\"\n\t\tstyle=\"border-color:rgb(255, 255, 255);border-width:5px 5px 5px 5px;\">\n\t<\/div>\n                    <\/div>\n\t\t\n        <div class=\"banner-layers container\">\n            <div class=\"fill banner-link\"><\/div>            \n\n   <div id=\"text-box-425194158\" class=\"text-box banner-layer x50 md-x50 lg-x50 y50 md-y50 lg-y50 res-text\">\n                                <div class=\"text-box-content text \">\n              \n              <div class=\"text-inner text-center\">\n                  \n\n<h4 class=\"uppercase\"><a href=\"https:\/\/berkanresorlu.com\/en\/ses-dalgalariyla-tas-kirma-eswl\/\"><span style=\"font-size: 150%;\"><strong>Extracorporeal Shock Wave Lithotripsy (ESWL)<\/strong><\/span><\/a><\/h4>\n\n              <\/div>\n           <\/div>\n                            \n<style>\n#text-box-425194158 {\n  width: 88%;\n}\n#text-box-425194158 .text-box-content {\n  font-size: 70%;\n}\n@media (min-width:550px) {\n  #text-box-425194158 {\n    width: 89%;\n  }\n  #text-box-425194158 .text-box-content {\n    font-size: 80%;\n  }\n}\n@media (min-width:850px) {\n  #text-box-425194158 .text-box-content {\n    font-size: 100%;\n  }\n}\n<\/style>\n    <\/div>\n \n\n        <\/div>\n      <\/div>\n\n            \n<style>\n#banner-1799502871 {\n  padding-top: 250px;\n}\n#banner-1799502871 .overlay {\n  background-color: rgb(241, 223, 220);\n}\n@media (min-width:850px) {\n  #banner-1799502871 {\n    padding-top: 300px;\n  }\n}\n<\/style>\n  <\/div>\n\n\n\n\t\t<\/div>\n\t\t\t\t\n<style>\n#col-506678829 > .col-inner {\n  margin: 50px 0px 0px -10px;\n}\n@media (min-width:550px) {\n  #col-506678829 > .col-inner {\n    margin: 70px 0px 0px -10px;\n  }\n}\n<\/style>\n\t<\/div>\n\n\t\n\n<\/div>\n\n\t\t<\/div>\n\t\t\t\t\t<\/div>\n\n\t\n\n<\/div>\n<div class=\"row row-collapse\"  id=\"row-687043374\">\n\n\n\t<div id=\"col-2111528145\" class=\"col medium-6 small-12 large-6\"  >\n\t\t\t\t<div class=\"col-inner\"  >\n\t\t\t\n\t\t\t\n\n<div class=\"row row-collapse row-full-width align-center\"  id=\"row-1979854467\">\n\n\n\t<div id=\"col-544344523\" class=\"col medium-6 small-6 large-6\"  >\n\t\t\t\t<div class=\"col-inner\"  >\n\t\t\t\n\t\t\t\n\n\t<div class=\"img has-hover x md-x lg-x y md-y lg-y\" id=\"image_1415358111\">\n\t\t\t\t\t\t\t\t<div class=\"img-inner dark\" style=\"margin:5px 5px 5px 5px;\">\n\t\t\t<img decoding=\"async\" width=\"260\" height=\"300\" src=\"https:\/\/berkanresorlu.com\/wp-content\/uploads\/2022\/11\/ureteroskopi-urs-ankara-urolog.webp\" class=\"attachment-original size-original\" alt=\"ureteroskopi urs ankara urolog\" \/>\t\t\t\t\t\t\n\t\t\t\t\t<\/div>\n\t\t\t\t\t\t\t\t\n<style>\n#image_1415358111 {\n  width: 100%;\n}\n<\/style>\n\t<\/div>\n\t\n\n\n\t\t<\/div>\n\t\t\t\t\n<style>\n#col-544344523 > .col-inner {\n  margin: 0px 0px 0px 20px;\n}\n<\/style>\n\t<\/div>\n\n\t\n\n\t<div id=\"col-1414826958\" class=\"col medium-6 small-6 large-6\"  >\n\t\t\t\t<div class=\"col-inner\"  >\n\t\t\t\n\t\t\t\n\n\n  <div class=\"banner has-hover\" id=\"banner-1664877467\">\n          <div class=\"banner-inner fill\">\n        <div class=\"banner-bg fill\" >\n                                    <div class=\"overlay\"><\/div>            \n\t<div class=\"is-border\"\n\t\tstyle=\"border-color:rgb(255, 255, 255);border-width:5px 5px 5px 5px;\">\n\t<\/div>\n                    <\/div>\n\t\t\n        <div class=\"banner-layers container\">\n            <div class=\"fill banner-link\"><\/div>            \n\n   <div id=\"text-box-1941629515\" class=\"text-box banner-layer x50 md-x50 lg-x50 y50 md-y50 lg-y50 res-text\">\n                                <div class=\"text-box-content text \">\n              \n              <div class=\"text-inner text-center\">\n                  \n\n<h4 class=\"uppercase\"><a href=\"https:\/\/berkanresorlu.com\/en\/ureteroskopi-urs\/\"><span style=\"font-size: 150%;\"><strong>Ureteroscopy (URS)<\/strong><\/span><\/a><\/h4>\n\n              <\/div>\n           <\/div>\n                            \n<style>\n#text-box-1941629515 {\n  width: 88%;\n}\n#text-box-1941629515 .text-box-content {\n  font-size: 70%;\n}\n@media (min-width:550px) {\n  #text-box-1941629515 {\n    width: 89%;\n  }\n  #text-box-1941629515 .text-box-content {\n    font-size: 80%;\n  }\n}\n@media (min-width:850px) {\n  #text-box-1941629515 .text-box-content {\n    font-size: 100%;\n  }\n}\n<\/style>\n    <\/div>\n \n\n        <\/div>\n      <\/div>\n\n            \n<style>\n#banner-1664877467 {\n  padding-top: 250px;\n}\n#banner-1664877467 .overlay {\n  background-color: rgb(241, 223, 220);\n}\n@media (min-width:850px) {\n  #banner-1664877467 {\n    padding-top: 300px;\n  }\n}\n<\/style>\n  <\/div>\n\n\n\n\t\t<\/div>\n\t\t\t\t\n<style>\n#col-1414826958 > .col-inner {\n  margin: 50px 0px 0px -10px;\n}\n@media (min-width:550px) {\n  #col-1414826958 > .col-inner {\n    margin: 70px 0px 0px -10px;\n  }\n}\n<\/style>\n\t<\/div>\n\n\t\n\n<\/div>\n\n\t\t<\/div>\n\t\t\t\t\t<\/div>\n\n\t\n\n\t<div id=\"col-2069553302\" class=\"col medium-6 small-12 large-6\"  >\n\t\t\t\t<div class=\"col-inner\"  >\n\t\t\t\n\t\t\t\n\n<div class=\"row row-collapse row-full-width align-center\"  id=\"row-783655788\">\n\n\n\t<div id=\"col-939386968\" class=\"col medium-6 small-6 large-6\"  >\n\t\t\t\t<div class=\"col-inner\"  >\n\t\t\t\n\t\t\t\n\n\t<div class=\"img has-hover x md-x lg-x y md-y lg-y\" id=\"image_986253957\">\n\t\t\t\t\t\t\t\t<div class=\"img-inner dark\" style=\"margin:5px 5px 5px 5px;\">\n\t\t\t<img decoding=\"async\" width=\"260\" height=\"300\" src=\"https:\/\/berkanresorlu.com\/wp-content\/uploads\/2022\/11\/RIRC-bobrek-ameliyati-ankara-urolog.webp\" class=\"attachment-original size-original\" alt=\"\" \/>\t\t\t\t\t\t\n\t\t\t\t\t<\/div>\n\t\t\t\t\t\t\t\t\n<style>\n#image_986253957 {\n  width: 100%;\n}\n<\/style>\n\t<\/div>\n\t\n\n\n\t\t<\/div>\n\t\t\t\t\n<style>\n#col-939386968 > .col-inner {\n  margin: 0px 0px 0px 20px;\n}\n<\/style>\n\t<\/div>\n\n\t\n\n\t<div id=\"col-594689315\" class=\"col medium-6 small-6 large-6\"  >\n\t\t\t\t<div class=\"col-inner\"  >\n\t\t\t\n\t\t\t\n\n\n  <div class=\"banner has-hover\" id=\"banner-1335063280\">\n          <div class=\"banner-inner fill\">\n        <div class=\"banner-bg fill\" >\n                                    <div class=\"overlay\"><\/div>            \n\t<div class=\"is-border\"\n\t\tstyle=\"border-color:rgb(255, 255, 255);border-width:5px 5px 5px 5px;\">\n\t<\/div>\n                    <\/div>\n\t\t\n        <div class=\"banner-layers container\">\n            <div class=\"fill banner-link\"><\/div>            \n\n   <div id=\"text-box-1757535968\" class=\"text-box banner-layer x50 md-x50 lg-x50 y50 md-y50 lg-y50 res-text\">\n                                <div class=\"text-box-content text \">\n              \n              <div class=\"text-inner text-center\">\n                  \n\n<h4 class=\"uppercase\"><a href=\"https:\/\/berkanresorlu.com\/en\/rirs-ameliyati\/\"><span style=\"font-size: 150%;\"><strong>Retrograde Intrarenal Surgery (RIRs)<\/strong><\/span><\/a><\/h4>\n\n              <\/div>\n           <\/div>\n                            \n<style>\n#text-box-1757535968 {\n  width: 88%;\n}\n#text-box-1757535968 .text-box-content {\n  font-size: 65%;\n}\n@media (min-width:550px) {\n  #text-box-1757535968 {\n    width: 89%;\n  }\n  #text-box-1757535968 .text-box-content {\n    font-size: 80%;\n  }\n}\n@media (min-width:850px) {\n  #text-box-1757535968 .text-box-content {\n    font-size: 100%;\n  }\n}\n<\/style>\n    <\/div>\n \n\n        <\/div>\n      <\/div>\n\n            \n<style>\n#banner-1335063280 {\n  padding-top: 250px;\n}\n#banner-1335063280 .overlay {\n  background-color: rgb(241, 223, 220);\n}\n@media (min-width:850px) {\n  #banner-1335063280 {\n    padding-top: 300px;\n  }\n}\n<\/style>\n  <\/div>\n\n\n\n\t\t<\/div>\n\t\t\t\t\n<style>\n#col-594689315 > .col-inner {\n  margin: 50px 0px 0px -10px;\n}\n@media (min-width:550px) {\n  #col-594689315 > .col-inner {\n    margin: 70px 0px 0px -10px;\n  }\n}\n<\/style>\n\t<\/div>\n\n\t\n\n<\/div>\n\n\t\t<\/div>\n\t\t\t\t\t<\/div>\n\n\t\n\n<\/div>\n<div class=\"row row-collapse\"  id=\"row-884686044\">\n\n\n\t<div id=\"col-1491540735\" class=\"col medium-6 small-12 large-6\"  >\n\t\t\t\t<div class=\"col-inner\"  >\n\t\t\t\n\t\t\t\n\n<div class=\"row row-collapse row-full-width align-center\"  id=\"row-1311455206\">\n\n\n\t<div id=\"col-209808727\" class=\"col medium-6 small-6 large-6\"  >\n\t\t\t\t<div class=\"col-inner\"  >\n\t\t\t\n\t\t\t\n\n\t<div class=\"img has-hover x md-x lg-x y md-y lg-y\" id=\"image_80313930\">\n\t\t\t\t\t\t\t\t<div class=\"img-inner dark\" style=\"margin:5px 5px 5px 5px;\">\n\t\t\t<img decoding=\"async\" width=\"260\" height=\"300\" src=\"https:\/\/berkanresorlu.com\/wp-content\/uploads\/2022\/11\/pnl-perkutan-nefrolitotomi-tedavisi-ankara-urolog.webp\" class=\"attachment-original size-original\" alt=\"\" \/>\t\t\t\t\t\t\n\t\t\t\t\t<\/div>\n\t\t\t\t\t\t\t\t\n<style>\n#image_80313930 {\n  width: 100%;\n}\n<\/style>\n\t<\/div>\n\t\n\n\n\t\t<\/div>\n\t\t\t\t\n<style>\n#col-209808727 > .col-inner {\n  margin: 0px 0px 0px 20px;\n}\n<\/style>\n\t<\/div>\n\n\t\n\n\t<div id=\"col-1504906386\" class=\"col medium-6 small-6 large-6\"  >\n\t\t\t\t<div class=\"col-inner\"  >\n\t\t\t\n\t\t\t\n\n\n  <div class=\"banner has-hover\" id=\"banner-896391706\">\n          <div class=\"banner-inner fill\">\n        <div class=\"banner-bg fill\" >\n                                    <div class=\"overlay\"><\/div>            \n\t<div class=\"is-border\"\n\t\tstyle=\"border-color:rgb(255, 255, 255);border-width:5px 5px 5px 5px;\">\n\t<\/div>\n                    <\/div>\n\t\t\n        <div class=\"banner-layers container\">\n            <div class=\"fill banner-link\"><\/div>            \n\n   <div id=\"text-box-888018137\" class=\"text-box banner-layer x50 md-x50 lg-x50 y50 md-y50 lg-y50 res-text\">\n                                <div class=\"text-box-content text \">\n              \n              <div class=\"text-inner text-center\">\n                  \n\n<h4 class=\"uppercase\"><a href=\"https:\/\/berkanresorlu.com\/en\/pnl-perkutan-nefrolitotomi\/\"><span style=\"font-size: 150%;\"><strong>Percutaneous Nephrolithotomy (PNL)<\/strong><\/span><\/a><\/h4>\n\n              <\/div>\n           <\/div>\n                            \n<style>\n#text-box-888018137 {\n  width: 88%;\n}\n#text-box-888018137 .text-box-content {\n  font-size: 70%;\n}\n@media (min-width:550px) {\n  #text-box-888018137 {\n    width: 89%;\n  }\n  #text-box-888018137 .text-box-content {\n    font-size: 80%;\n  }\n}\n@media (min-width:850px) {\n  #text-box-888018137 .text-box-content {\n    font-size: 100%;\n  }\n}\n<\/style>\n    <\/div>\n \n\n        <\/div>\n      <\/div>\n\n            \n<style>\n#banner-896391706 {\n  padding-top: 250px;\n}\n#banner-896391706 .overlay {\n  background-color: rgb(241, 223, 220);\n}\n@media (min-width:850px) {\n  #banner-896391706 {\n    padding-top: 300px;\n  }\n}\n<\/style>\n  <\/div>\n\n\n\n\t\t<\/div>\n\t\t\t\t\n<style>\n#col-1504906386 > .col-inner {\n  margin: 50px 0px 0px -10px;\n}\n@media (min-width:550px) {\n  #col-1504906386 > .col-inner {\n    margin: 70px 0px 0px -10px;\n  }\n}\n<\/style>\n\t<\/div>\n\n\t\n\n<\/div>\n\n\t\t<\/div>\n\t\t\t\t\t<\/div>\n\n\t\n\n<\/div>\n<p>\n\n\n\n<p>\n","protected":false},"excerpt":{"rendered":"","protected":false},"author":1,"featured_media":0,"parent":0,"menu_order":0,"comment_status":"closed","ping_status":"closed","template":"page-blank-title-center.php","meta":{"footnotes":""},"class_list":["post-705","page","type-page","status-publish","hentry"],"yoast_head":"<!-- This site is optimized with the Yoast SEO plugin v27.5 - https:\/\/yoast.com\/product\/yoast-seo-wordpress\/ -->\n<title>KIDNEY STONES<\/title>\n<meta name=\"description\" content=\"KIDNEY STONES\" \/>\n<meta name=\"robots\" content=\"index, follow, max-snippet:-1, max-image-preview:large, max-video-preview:-1\" \/>\n<link rel=\"canonical\" href=\"https:\/\/berkanresorlu.com\/en\/bobrek-tas-hastaliklari\/\" \/>\n<meta property=\"og:locale\" content=\"en_US\" \/>\n<meta property=\"og:locale:alternate\" content=\"tr_TR\" \/>\n<meta property=\"og:type\" content=\"article\" \/>\n<meta property=\"og:title\" content=\"KIDNEY STONES\" \/>\n<meta property=\"og:description\" content=\"KIDNEY STONES\" \/>\n<meta property=\"og:url\" content=\"https:\/\/berkanresorlu.com\/en\/bobrek-tas-hastaliklari\/\" \/>\n<meta property=\"og:site_name\" content=\"Prof. Dr. Berkan RE\u015eORLU M.D.\" \/>\n<meta property=\"article:publisher\" content=\"https:\/\/www.facebook.com\/berkan.resorlu\" \/>\n<meta property=\"article:modified_time\" content=\"2022-11-18T16:08:26+00:00\" \/>\n<meta property=\"og:image\" content=\"https:\/\/berkanresorlu.com\/wp-content\/uploads\/2020\/01\/Doc\u0327-Doktor-Berkan-Res\u0327orlu-Ankara-U\u0308roloji.jpg\" \/>\n\t<meta property=\"og:image:width\" content=\"1000\" \/>\n\t<meta property=\"og:image:height\" content=\"562\" \/>\n\t<meta property=\"og:image:type\" content=\"image\/jpeg\" \/>\n<meta name=\"twitter:card\" content=\"summary_large_image\" \/>\n<meta name=\"twitter:site\" content=\"@berkanresorlu\" \/>\n<meta name=\"twitter:label1\" content=\"Est. reading time\" \/>\n\t<meta name=\"twitter:data1\" content=\"3 minutes\" \/>\n<script type=\"application\/ld+json\" class=\"yoast-schema-graph\">{\"@context\":\"https:\\\/\\\/schema.org\",\"@graph\":[{\"@type\":\"WebPage\",\"@id\":\"https:\\\/\\\/berkanresorlu.com\\\/bobrek-tas-hastaliklari\\\/\",\"url\":\"https:\\\/\\\/berkanresorlu.com\\\/bobrek-tas-hastaliklari\\\/\",\"name\":\"KIDNEY STONES\",\"isPartOf\":{\"@id\":\"https:\\\/\\\/berkanresorlu.com\\\/#website\"},\"datePublished\":\"2019-10-08T14:45:40+00:00\",\"dateModified\":\"2022-11-18T16:08:26+00:00\",\"description\":\"KIDNEY STONES\",\"breadcrumb\":{\"@id\":\"https:\\\/\\\/berkanresorlu.com\\\/bobrek-tas-hastaliklari\\\/#breadcrumb\"},\"inLanguage\":\"en-US\",\"potentialAction\":[{\"@type\":\"ReadAction\",\"target\":[\"https:\\\/\\\/berkanresorlu.com\\\/bobrek-tas-hastaliklari\\\/\"]}]},{\"@type\":\"BreadcrumbList\",\"@id\":\"https:\\\/\\\/berkanresorlu.com\\\/bobrek-tas-hastaliklari\\\/#breadcrumb\",\"itemListElement\":[{\"@type\":\"ListItem\",\"position\":1,\"name\":\"Ana sayfa\",\"item\":\"https:\\\/\\\/berkanresorlu.com\\\/\"},{\"@type\":\"ListItem\",\"position\":2,\"name\":\"B\u00d6BREK TA\u015e HASTALIKLARI\"}]},{\"@type\":\"WebSite\",\"@id\":\"https:\\\/\\\/berkanresorlu.com\\\/#website\",\"url\":\"https:\\\/\\\/berkanresorlu.com\\\/\",\"name\":\"Prof. Dr. Berkan RE\u015eORLU M.D.\",\"description\":\"Ankara Urology Professor\",\"publisher\":{\"@id\":\"https:\\\/\\\/berkanresorlu.com\\\/#organization\"},\"alternateName\":\"Berkan Re\u015forlu\",\"potentialAction\":[{\"@type\":\"SearchAction\",\"target\":{\"@type\":\"EntryPoint\",\"urlTemplate\":\"https:\\\/\\\/berkanresorlu.com\\\/?s={search_term_string}\"},\"query-input\":{\"@type\":\"PropertyValueSpecification\",\"valueRequired\":true,\"valueName\":\"search_term_string\"}}],\"inLanguage\":\"en-US\"},{\"@type\":\"Organization\",\"@id\":\"https:\\\/\\\/berkanresorlu.com\\\/#organization\",\"name\":\"Prof. Dr. Berkan RE\u015eORLU Muayenehanesi \\\/ \u00dcroloji Doktoru\",\"alternateName\":\"Ankara \u00dcroloji Profes\u00f6r\u00fc\",\"url\":\"https:\\\/\\\/berkanresorlu.com\\\/\",\"logo\":{\"@type\":\"ImageObject\",\"inLanguage\":\"en-US\",\"@id\":\"https:\\\/\\\/berkanresorlu.com\\\/#\\\/schema\\\/logo\\\/image\\\/\",\"url\":\"https:\\\/\\\/berkanresorlu.com\\\/wp-content\\\/uploads\\\/2023\\\/03\\\/prof-dr-berkan-resorlu-logo.jpg\",\"contentUrl\":\"https:\\\/\\\/berkanresorlu.com\\\/wp-content\\\/uploads\\\/2023\\\/03\\\/prof-dr-berkan-resorlu-logo.jpg\",\"width\":2073,\"height\":2073,\"caption\":\"Prof. Dr. Berkan RE\u015eORLU Muayenehanesi \\\/ \u00dcroloji Doktoru\"},\"image\":{\"@id\":\"https:\\\/\\\/berkanresorlu.com\\\/#\\\/schema\\\/logo\\\/image\\\/\"},\"sameAs\":[\"https:\\\/\\\/www.facebook.com\\\/berkan.resorlu\",\"https:\\\/\\\/x.com\\\/berkanresorlu\",\"https:\\\/\\\/www.instagram.com\\\/prof.dr.berkanresorlu\\\/\",\"https:\\\/\\\/www.linkedin.com\\\/in\\\/berkan-reorlu-217ab9123\\\/\",\"https:\\\/\\\/www.youtube.com\\\/@prof.dr.berkanresorlu\"]}]}<\/script>\n<!-- \/ Yoast SEO plugin. -->","yoast_head_json":{"title":"KIDNEY STONES","description":"[:tr]B\u00d6BREK TA\u015e HASTALIKLARI[:en]KIDNEY STONES[:ar]\u0623\u0645\u0631\u0627\u0636 \u062d\u0635\u0649 \u0627\u0644\u0643\u0644\u0649[:]","robots":{"index":"index","follow":"follow","max-snippet":"max-snippet:-1","max-image-preview":"max-image-preview:large","max-video-preview":"max-video-preview:-1"},"canonical":"https:\/\/berkanresorlu.com\/en\/bobrek-tas-hastaliklari\/","og_locale":"en_US","og_type":"article","og_title":"[:tr]B\u00d6BREK TA\u015e HASTALIKLARI[:en]KIDNEY STONES[:ar]\u0623\u0645\u0631\u0627\u0636 \u062d\u0635\u0649 \u0627\u0644\u0643\u0644\u0649[:] | Prof. Dr. Berkan RE\u015eORLU M.D.","og_description":"[:tr]B\u00d6BREK TA\u015e HASTALIKLARI[:en]KIDNEY STONES[:ar]\u0623\u0645\u0631\u0627\u0636 \u062d\u0635\u0649 \u0627\u0644\u0643\u0644\u0649[:]","og_url":"https:\/\/berkanresorlu.com\/en\/bobrek-tas-hastaliklari\/","og_site_name":"Prof. Dr. Berkan RE\u015eORLU M.D.","article_publisher":"https:\/\/www.facebook.com\/berkan.resorlu","article_modified_time":"2022-11-18T16:08:26+00:00","og_image":[{"width":1000,"height":562,"url":"https:\/\/berkanresorlu.com\/wp-content\/uploads\/2020\/01\/Doc\u0327-Doktor-Berkan-Res\u0327orlu-Ankara-U\u0308roloji.jpg","type":"image\/jpeg"}],"twitter_card":"summary_large_image","twitter_site":"@berkanresorlu","twitter_misc":{"Est. reading time":"3 minutes"},"schema":{"@context":"https:\/\/schema.org","@graph":[{"@type":"WebPage","@id":"https:\/\/berkanresorlu.com\/bobrek-tas-hastaliklari\/","url":"https:\/\/berkanresorlu.com\/bobrek-tas-hastaliklari\/","name":"KIDNEY STONES","isPartOf":{"@id":"https:\/\/berkanresorlu.com\/#website"},"datePublished":"2019-10-08T14:45:40+00:00","dateModified":"2022-11-18T16:08:26+00:00","description":"KIDNEY STONES","breadcrumb":{"@id":"https:\/\/berkanresorlu.com\/bobrek-tas-hastaliklari\/#breadcrumb"},"inLanguage":"en-US","potentialAction":[{"@type":"ReadAction","target":["https:\/\/berkanresorlu.com\/bobrek-tas-hastaliklari\/"]}]},{"@type":"BreadcrumbList","@id":"https:\/\/berkanresorlu.com\/bobrek-tas-hastaliklari\/#breadcrumb","itemListElement":[{"@type":"ListItem","position":1,"name":"Ana sayfa","item":"https:\/\/berkanresorlu.com\/"},{"@type":"ListItem","position":2,"name":"B\u00d6BREK TA\u015e HASTALIKLARI"}]},{"@type":"WebSite","@id":"https:\/\/berkanresorlu.com\/#website","url":"https:\/\/berkanresorlu.com\/","name":"Prof. Dr. Berkan RE\u015eORLU M.D.","description":"Ankara Urology Professor","publisher":{"@id":"https:\/\/berkanresorlu.com\/#organization"},"alternateName":"Berkan Re\u015forlu","potentialAction":[{"@type":"SearchAction","target":{"@type":"EntryPoint","urlTemplate":"https:\/\/berkanresorlu.com\/?s={search_term_string}"},"query-input":{"@type":"PropertyValueSpecification","valueRequired":true,"valueName":"search_term_string"}}],"inLanguage":"en-US"},{"@type":"Organization","@id":"https:\/\/berkanresorlu.com\/#organization","name":"Prof. Dr. Berkan RE\u015eORLU Muayenehanesi \/ \u00dcroloji Doktoru","alternateName":"Ankara \u00dcroloji Profes\u00f6r\u00fc","url":"https:\/\/berkanresorlu.com\/","logo":{"@type":"ImageObject","inLanguage":"en-US","@id":"https:\/\/berkanresorlu.com\/#\/schema\/logo\/image\/","url":"https:\/\/berkanresorlu.com\/wp-content\/uploads\/2023\/03\/prof-dr-berkan-resorlu-logo.jpg","contentUrl":"https:\/\/berkanresorlu.com\/wp-content\/uploads\/2023\/03\/prof-dr-berkan-resorlu-logo.jpg","width":2073,"height":2073,"caption":"Prof. Dr. Berkan RE\u015eORLU Muayenehanesi \/ \u00dcroloji Doktoru"},"image":{"@id":"https:\/\/berkanresorlu.com\/#\/schema\/logo\/image\/"},"sameAs":["https:\/\/www.facebook.com\/berkan.resorlu","https:\/\/x.com\/berkanresorlu","https:\/\/www.instagram.com\/prof.dr.berkanresorlu\/","https:\/\/www.linkedin.com\/in\/berkan-reorlu-217ab9123\/","https:\/\/www.youtube.com\/@prof.dr.berkanresorlu"]}]}},"_links":{"self":[{"href":"https:\/\/berkanresorlu.com\/en\/wp-json\/wp\/v2\/pages\/705","targetHints":{"allow":["GET"]}}],"collection":[{"href":"https:\/\/berkanresorlu.com\/en\/wp-json\/wp\/v2\/pages"}],"about":[{"href":"https:\/\/berkanresorlu.com\/en\/wp-json\/wp\/v2\/types\/page"}],"author":[{"embeddable":true,"href":"https:\/\/berkanresorlu.com\/en\/wp-json\/wp\/v2\/users\/1"}],"replies":[{"embeddable":true,"href":"https:\/\/berkanresorlu.com\/en\/wp-json\/wp\/v2\/comments?post=705"}],"version-history":[{"count":5,"href":"https:\/\/berkanresorlu.com\/en\/wp-json\/wp\/v2\/pages\/705\/revisions"}],"predecessor-version":[{"id":6094,"href":"https:\/\/berkanresorlu.com\/en\/wp-json\/wp\/v2\/pages\/705\/revisions\/6094"}],"wp:attachment":[{"href":"https:\/\/berkanresorlu.com\/en\/wp-json\/wp\/v2\/media?parent=705"}],"curies":[{"name":"wp","href":"https:\/\/api.w.org\/{rel}","templated":true}]}}