{"id":716,"date":"2019-10-08T17:49:48","date_gmt":"2019-10-08T14:49:48","guid":{"rendered":"http:\/\/berkanresorlu.com\/?page_id=716"},"modified":"2023-09-06T11:04:05","modified_gmt":"2023-09-06T08:04:05","slug":"rirs-ameliyati","status":"publish","type":"page","link":"https:\/\/berkanresorlu.com\/en\/rirs-ameliyati\/","title":{"rendered":"Retrograde Intrarenal Surgery (RIRS)"},"content":{"rendered":"<\/p>\n<div class=\"row\"  id=\"row-11641176\">\n\n\t<div id=\"col-640636864\" class=\"col small-12 large-12\"  >\n\t\t\t\t<div class=\"col-inner\"  >\n\t\t\t\n\t\t\t\n<div class=\"slider-wrapper relative\" id=\"slider-1125585326\" >\n    <div class=\"slider slider-nav-circle slider-nav-large slider-nav-light slider-style-normal\"\n        data-flickity-options='{\n            \"cellAlign\": \"center\",\n            \"imagesLoaded\": true,\n            \"lazyLoad\": 1,\n            \"freeScroll\": false,\n            \"wrapAround\": false,\n            \"autoPlay\": 6000,\n            \"pauseAutoPlayOnHover\" : true,\n            \"prevNextButtons\": false,\n            \"contain\" : true,\n            \"adaptiveHeight\" : true,\n            \"dragThreshold\" : 10,\n            \"percentPosition\": true,\n            \"pageDots\": false,\n            \"rightToLeft\": false,\n            \"draggable\": false,\n            \"selectedAttraction\": 0.1,\n            \"parallax\" : 0,\n            \"friction\": 0.6        }'\n        >\n        \n\n  <div class=\"banner has-hover bg-zoom\" id=\"banner-294835127\">\n          <div class=\"banner-inner fill\">\n        <div class=\"banner-bg fill\" >\n            <img decoding=\"async\" width=\"1048\" height=\"350\" src=\"https:\/\/berkanresorlu.com\/wp-content\/uploads\/2020\/01\/Retrograd-I\u0307ntrarenal-Cerrahi-RI\u0307RC-Ankara.jpg\" class=\"bg attachment-original size-original\" alt=\"\" \/>                                    \n                    <\/div>\n\t\t\n        <div class=\"banner-layers container\">\n            <div class=\"fill banner-link\"><\/div>            \n        <\/div>\n      <\/div>\n\n            \n<style>\n#banner-294835127 {\n  padding-top: 350px;\n  background-color: rgb(255, 255, 255);\n}\n#banner-294835127 .banner-bg img {\n  object-position: 63% 53%;\n}\n<\/style>\n  <\/div>\n\n\n     <\/div>\n\n     <div class=\"loading-spin dark large centered\"><\/div>\n\n\t<\/div>\n\n\n\t\t<\/div>\n\t\t\t\t\t<\/div>\n\n\t\n\n\t<div id=\"col-472927529\" class=\"col small-12 large-12\"  >\n\t\t\t\t<div class=\"col-inner\"  >\n\t\t\t\n\t\t\t\n<p>It is the procedure of entering the urinary canal up to the kidney through a flexible thin endoscope, without making any incisions or perforations in the body, and breaking or removing the stones in the kidney with the help of laser. Specially produced endoscopes (flexible ureterorenoscope) are used for this procedure. The tip of these tools, which are approximately 3 mm thick and 60-70 cm long, can be controlled by the surgeon from the back of the device. In this way, each medulla of the kidney can be entered and the stones there can be reached and broken with the help of laser.<\/p>\n<p><strong>What are the advantages?<\/strong><\/p>\n<p>The patient can be discharged from the hospital on the same day as no incision or perforation is performed; he\/she can return to his normal daily life the next day. It is a surgical technique with a high chance of success and a low rate of complications (undesirable side effects). It can be applied safely to all patients except those with active urinary tract infections.<\/p>\n<p><strong>To whom can the RIRS Treatment be applied?<\/strong><\/p>\n<p>Although it is a method generally preferred for stones smaller than 2 cm, my personal experience and studies published in recent years indicate that this procedure can be successfully applied up to 3 cm in stones located outside the lower medulla of the kidney.<\/p>\n<p><strong>My RIRS experiences<\/strong><\/p>\n<p>For the last 15 years, I have performed more than 1000 ureteroscopy surgeries and as a result of my experience, I have been applying this surgical procedure with a success rate of over 99%. I have more than 80 scientific articles published in international journals on endoscopic stone surgeries. In more than 100 national and international meetings, I have shared my experience in stone surgeries as an invited speaker and I continue to share. You can request an appointment from the contact numbers to plan your treatment for kidney stone disease, which is my special interest.<\/p>\n<p><strong>NOTE:<\/strong> The content of the page is for informational purposes only, consult your doctor for diagnosis and treatment.<\/p>\n\t\t<\/div>\n\t\t\t\t\t<\/div>\n\n\t\n\n\t<div id=\"col-1009356822\" class=\"col medium-6 small-12 large-6\"  >\n\t\t\t\t<div class=\"col-inner\"  >\n\t\t\t\n\t\t\t\n\n  <div class=\"banner has-hover bg-zoom\" id=\"banner-1972385969\">\n          <div class=\"banner-inner fill\">\n        <div class=\"banner-bg fill\" >\n            <img decoding=\"async\" width=\"1000\" height=\"1000\" src=\"https:\/\/berkanresorlu.com\/wp-content\/uploads\/2020\/01\/Rirc-deneyimlerim.jpg\" class=\"bg attachment-original size-original\" alt=\"\" \/>                                    \n                    <\/div>\n\t\t\n        <div class=\"banner-layers container\">\n            <div class=\"fill banner-link\"><\/div>            \n        <\/div>\n      <\/div>\n\n            \n<style>\n#banner-1972385969 {\n  padding-top: 350px;\n  background-color: rgb(255, 255, 255);\n}\n#banner-1972385969 .banner-bg img {\n  object-position: 66% 56%;\n}\n@media (min-width:550px) {\n  #banner-1972385969 {\n    padding-top: 400px;\n  }\n}\n<\/style>\n  <\/div>\n\n\n\t\t<\/div>\n\t\t\t\t\t<\/div>\n\n\t\n\n\t<div id=\"col-146567635\" class=\"col medium-6 small-12 large-6\"  >\n\t\t\t\t<div class=\"col-inner\"  >\n\t\t\t\n\t\t\t\n\n  <div class=\"banner has-hover bg-zoom\" id=\"banner-197110014\">\n          <div class=\"banner-inner fill\">\n        <div class=\"banner-bg fill\" >\n            <img decoding=\"async\" width=\"1000\" height=\"1000\" src=\"https:\/\/berkanresorlu.com\/wp-content\/uploads\/2020\/01\/rirc-is\u0327lemleri-bo\u0308brek-tas\u0327\u0131.jpg\" class=\"bg attachment-original size-original\" alt=\"\" \/>                                    \n                    <\/div>\n\t\t\n        <div class=\"banner-layers container\">\n            <div class=\"fill banner-link\"><\/div>            \n        <\/div>\n      <\/div>\n\n            \n<style>\n#banner-197110014 {\n  padding-top: 350px;\n  background-color: rgb(255, 255, 255);\n}\n#banner-197110014 .banner-bg img {\n  object-position: 73% 94%;\n}\n@media (min-width:550px) {\n  #banner-197110014 {\n    padding-top: 400px;\n  }\n}\n<\/style>\n  <\/div>\n\n\n\t\t<\/div>\n\t\t\t\t\t<\/div>\n\n\t\n<\/div>\n<p>\n","protected":false},"excerpt":{"rendered":"","protected":false},"author":1,"featured_media":7294,"parent":0,"menu_order":0,"comment_status":"open","ping_status":"closed","template":"page-blank-title-center.php","meta":{"footnotes":""},"class_list":["post-716","page","type-page","status-publish","has-post-thumbnail","hentry"],"yoast_head":"<!-- This site is optimized with the Yoast SEO plugin v27.5 - https:\/\/yoast.com\/product\/yoast-seo-wordpress\/ -->\n<title>RIRS Ameliyat\u0131 (R\u0130RC) Fiyatlar\u0131 Ankara | Prof. Dr. Berkan Re\u015forlu<\/title>\n<meta name=\"description\" content=\"RIRS ameliyat\u0131 (R\u0130RC); esnek yap\u0131da (fleksibl) ince bir endoskop vas\u0131tas\u0131yla, v\u00fccuda herhangi bir delik ya da kesi a\u00e7madan, idrar kanal\u0131...\" \/>\n<meta name=\"robots\" content=\"index, follow, max-snippet:-1, max-image-preview:large, max-video-preview:-1\" \/>\n<link rel=\"canonical\" href=\"https:\/\/berkanresorlu.com\/en\/rirs-ameliyati\/\" \/>\n<meta property=\"og:locale\" content=\"en_US\" \/>\n<meta property=\"og:locale:alternate\" content=\"tr_TR\" \/>\n<meta property=\"og:type\" content=\"article\" \/>\n<meta property=\"og:title\" content=\"RIRS Ameliyat\u0131 ile B\u00f6brek Ta\u015f\u0131 K\u0131rma | Ankara\" \/>\n<meta property=\"og:description\" content=\"RIRS ameliyat\u0131 ile herhangi bir kesi ya da delme i\u015flemi yap\u0131lmad\u0131\u011f\u0131ndan hasta ayn\u0131 g\u00fcn taburcu edilebilmekte; ertesi g\u00fcn ise g\u00fcnl\u00fck ya\u015fant\u0131s\u0131na d\u00f6nebilmektedir. Komplikasyon (istenmeyen yan etki) oran\u0131 olduk\u00e7a d\u00fc\u015f\u00fck, ba\u015far\u0131 oranlar\u0131 y\u00fcksek bir ameliyat tekni\u011fidir.\" \/>\n<meta property=\"og:url\" content=\"https:\/\/berkanresorlu.com\/en\/rirs-ameliyati\/\" \/>\n<meta property=\"og:site_name\" content=\"Prof. Dr. Berkan RE\u015eORLU M.D.\" \/>\n<meta property=\"article:publisher\" content=\"https:\/\/www.facebook.com\/berkan.resorlu\" \/>\n<meta property=\"article:modified_time\" content=\"2023-09-06T08:04:05+00:00\" \/>\n<meta property=\"og:image\" content=\"https:\/\/berkanresorlu.com\/wp-content\/uploads\/2023\/03\/RIRS-ameliyati-oncesi-nelere-dikkat-edilmelidir.webp\" \/>\n\t<meta property=\"og:image:width\" content=\"500\" \/>\n\t<meta property=\"og:image:height\" content=\"391\" \/>\n\t<meta property=\"og:image:type\" content=\"image\/webp\" \/>\n<meta name=\"twitter:card\" content=\"summary_large_image\" \/>\n<meta name=\"twitter:title\" content=\"RIRS Ameliyat\u0131 (RIRC) ile B\u00f6brek Ta\u015f\u0131 K\u0131rma | Ankara\" \/>\n<meta name=\"twitter:description\" content=\"RIRS ameliyat\u0131 ile herhangi bir kesi ya da delme i\u015flemi yap\u0131lmad\u0131\u011f\u0131ndan hasta ayn\u0131 g\u00fcn taburcu edilebilmekte; ertesi g\u00fcn ise g\u00fcnl\u00fck ya\u015fant\u0131s\u0131na d\u00f6nebilmektedir. Komplikasyon (istenmeyen yan etki) oran\u0131 olduk\u00e7a d\u00fc\u015f\u00fck, ba\u015far\u0131 oranlar\u0131 y\u00fcksek bir ameliyat tekni\u011fidir.\" \/>\n<meta name=\"twitter:image\" content=\"https:\/\/berkanresorlu.com\/wp-content\/uploads\/2023\/03\/RIRS-ameliyati-oncesi-nelere-dikkat-edilmelidir.webp\" \/>\n<meta name=\"twitter:site\" content=\"@berkanresorlu\" \/>\n<meta name=\"twitter:label1\" content=\"Est. reading time\" \/>\n\t<meta name=\"twitter:data1\" content=\"23 minutes\" \/>\n<script type=\"application\/ld+json\" class=\"yoast-schema-graph\">{\"@context\":\"https:\\\/\\\/schema.org\",\"@graph\":[{\"@type\":\"WebPage\",\"@id\":\"https:\\\/\\\/berkanresorlu.com\\\/rirs-ameliyati\\\/\",\"url\":\"https:\\\/\\\/berkanresorlu.com\\\/rirs-ameliyati\\\/\",\"name\":\"RIRS Ameliyat\u0131 (R\u0130RC) Fiyatlar\u0131 Ankara | Prof. Dr. Berkan Re\u015forlu\",\"isPartOf\":{\"@id\":\"https:\\\/\\\/berkanresorlu.com\\\/#website\"},\"primaryImageOfPage\":{\"@id\":\"https:\\\/\\\/berkanresorlu.com\\\/rirs-ameliyati\\\/#primaryimage\"},\"image\":{\"@id\":\"https:\\\/\\\/berkanresorlu.com\\\/rirs-ameliyati\\\/#primaryimage\"},\"thumbnailUrl\":\"https:\\\/\\\/berkanresorlu.com\\\/wp-content\\\/uploads\\\/2023\\\/03\\\/RIRS-ameliyati-oncesi-nelere-dikkat-edilmelidir.webp\",\"datePublished\":\"2019-10-08T14:49:48+00:00\",\"dateModified\":\"2023-09-06T08:04:05+00:00\",\"description\":\"RIRS ameliyat\u0131 (R\u0130RC); esnek yap\u0131da (fleksibl) ince bir endoskop vas\u0131tas\u0131yla, v\u00fccuda herhangi bir delik ya da kesi a\u00e7madan, idrar kanal\u0131...\",\"breadcrumb\":{\"@id\":\"https:\\\/\\\/berkanresorlu.com\\\/rirs-ameliyati\\\/#breadcrumb\"},\"inLanguage\":\"en-US\",\"potentialAction\":[{\"@type\":\"ReadAction\",\"target\":[\"https:\\\/\\\/berkanresorlu.com\\\/rirs-ameliyati\\\/\"]}]},{\"@type\":\"ImageObject\",\"inLanguage\":\"en-US\",\"@id\":\"https:\\\/\\\/berkanresorlu.com\\\/rirs-ameliyati\\\/#primaryimage\",\"url\":\"https:\\\/\\\/berkanresorlu.com\\\/wp-content\\\/uploads\\\/2023\\\/03\\\/RIRS-ameliyati-oncesi-nelere-dikkat-edilmelidir.webp\",\"contentUrl\":\"https:\\\/\\\/berkanresorlu.com\\\/wp-content\\\/uploads\\\/2023\\\/03\\\/RIRS-ameliyati-oncesi-nelere-dikkat-edilmelidir.webp\",\"width\":500,\"height\":391,\"caption\":\"RIRS ameliyat\u0131 \u00f6ncesi nelere dikkat edilmelidir?\"},{\"@type\":\"BreadcrumbList\",\"@id\":\"https:\\\/\\\/berkanresorlu.com\\\/rirs-ameliyati\\\/#breadcrumb\",\"itemListElement\":[{\"@type\":\"ListItem\",\"position\":1,\"name\":\"Ana sayfa\",\"item\":\"https:\\\/\\\/berkanresorlu.com\\\/\"},{\"@type\":\"ListItem\",\"position\":2,\"name\":\"Retrograd \u0130ntrarenal Cerrahi (RIRC)\"}]},{\"@type\":\"WebSite\",\"@id\":\"https:\\\/\\\/berkanresorlu.com\\\/#website\",\"url\":\"https:\\\/\\\/berkanresorlu.com\\\/\",\"name\":\"Prof. Dr. Berkan RE\u015eORLU M.D.\",\"description\":\"Ankara Urology Professor\",\"publisher\":{\"@id\":\"https:\\\/\\\/berkanresorlu.com\\\/#organization\"},\"alternateName\":\"Berkan Re\u015forlu\",\"potentialAction\":[{\"@type\":\"SearchAction\",\"target\":{\"@type\":\"EntryPoint\",\"urlTemplate\":\"https:\\\/\\\/berkanresorlu.com\\\/?s={search_term_string}\"},\"query-input\":{\"@type\":\"PropertyValueSpecification\",\"valueRequired\":true,\"valueName\":\"search_term_string\"}}],\"inLanguage\":\"en-US\"},{\"@type\":\"Organization\",\"@id\":\"https:\\\/\\\/berkanresorlu.com\\\/#organization\",\"name\":\"Prof. Dr. Berkan RE\u015eORLU Muayenehanesi \\\/ \u00dcroloji Doktoru\",\"alternateName\":\"Ankara \u00dcroloji Profes\u00f6r\u00fc\",\"url\":\"https:\\\/\\\/berkanresorlu.com\\\/\",\"logo\":{\"@type\":\"ImageObject\",\"inLanguage\":\"en-US\",\"@id\":\"https:\\\/\\\/berkanresorlu.com\\\/#\\\/schema\\\/logo\\\/image\\\/\",\"url\":\"https:\\\/\\\/berkanresorlu.com\\\/wp-content\\\/uploads\\\/2023\\\/03\\\/prof-dr-berkan-resorlu-logo.jpg\",\"contentUrl\":\"https:\\\/\\\/berkanresorlu.com\\\/wp-content\\\/uploads\\\/2023\\\/03\\\/prof-dr-berkan-resorlu-logo.jpg\",\"width\":2073,\"height\":2073,\"caption\":\"Prof. Dr. Berkan RE\u015eORLU Muayenehanesi \\\/ \u00dcroloji Doktoru\"},\"image\":{\"@id\":\"https:\\\/\\\/berkanresorlu.com\\\/#\\\/schema\\\/logo\\\/image\\\/\"},\"sameAs\":[\"https:\\\/\\\/www.facebook.com\\\/berkan.resorlu\",\"https:\\\/\\\/x.com\\\/berkanresorlu\",\"https:\\\/\\\/www.instagram.com\\\/prof.dr.berkanresorlu\\\/\",\"https:\\\/\\\/www.linkedin.com\\\/in\\\/berkan-reorlu-217ab9123\\\/\",\"https:\\\/\\\/www.youtube.com\\\/@prof.dr.berkanresorlu\"]}]}<\/script>\n<!-- \/ Yoast SEO plugin. -->","yoast_head_json":{"title":"RIRS Ameliyat\u0131 (R\u0130RC) Fiyatlar\u0131 Ankara | Prof. Dr. Berkan Re\u015forlu","description":"RIRS ameliyat\u0131 (R\u0130RC); esnek yap\u0131da (fleksibl) ince bir endoskop vas\u0131tas\u0131yla, v\u00fccuda herhangi bir delik ya da kesi a\u00e7madan, idrar kanal\u0131...","robots":{"index":"index","follow":"follow","max-snippet":"max-snippet:-1","max-image-preview":"max-image-preview:large","max-video-preview":"max-video-preview:-1"},"canonical":"https:\/\/berkanresorlu.com\/en\/rirs-ameliyati\/","og_locale":"en_US","og_type":"article","og_title":"RIRS Ameliyat\u0131 ile B\u00f6brek Ta\u015f\u0131 K\u0131rma | Ankara","og_description":"RIRS ameliyat\u0131 ile herhangi bir kesi ya da delme i\u015flemi yap\u0131lmad\u0131\u011f\u0131ndan hasta ayn\u0131 g\u00fcn taburcu edilebilmekte; ertesi g\u00fcn ise g\u00fcnl\u00fck ya\u015fant\u0131s\u0131na d\u00f6nebilmektedir. Komplikasyon (istenmeyen yan etki) oran\u0131 olduk\u00e7a d\u00fc\u015f\u00fck, ba\u015far\u0131 oranlar\u0131 y\u00fcksek bir ameliyat tekni\u011fidir.","og_url":"https:\/\/berkanresorlu.com\/en\/rirs-ameliyati\/","og_site_name":"Prof. Dr. Berkan RE\u015eORLU M.D.","article_publisher":"https:\/\/www.facebook.com\/berkan.resorlu","article_modified_time":"2023-09-06T08:04:05+00:00","og_image":[{"width":500,"height":391,"url":"https:\/\/berkanresorlu.com\/wp-content\/uploads\/2023\/03\/RIRS-ameliyati-oncesi-nelere-dikkat-edilmelidir.webp","type":"image\/webp"}],"twitter_card":"summary_large_image","twitter_title":"RIRS Ameliyat\u0131 (RIRC) ile B\u00f6brek Ta\u015f\u0131 K\u0131rma | Ankara","twitter_description":"RIRS ameliyat\u0131 ile herhangi bir kesi ya da delme i\u015flemi yap\u0131lmad\u0131\u011f\u0131ndan hasta ayn\u0131 g\u00fcn taburcu edilebilmekte; ertesi g\u00fcn ise g\u00fcnl\u00fck ya\u015fant\u0131s\u0131na d\u00f6nebilmektedir. Komplikasyon (istenmeyen yan etki) oran\u0131 olduk\u00e7a d\u00fc\u015f\u00fck, ba\u015far\u0131 oranlar\u0131 y\u00fcksek bir ameliyat tekni\u011fidir.","twitter_image":"https:\/\/berkanresorlu.com\/wp-content\/uploads\/2023\/03\/RIRS-ameliyati-oncesi-nelere-dikkat-edilmelidir.webp","twitter_site":"@berkanresorlu","twitter_misc":{"Est. reading time":"23 minutes"},"schema":{"@context":"https:\/\/schema.org","@graph":[{"@type":"WebPage","@id":"https:\/\/berkanresorlu.com\/rirs-ameliyati\/","url":"https:\/\/berkanresorlu.com\/rirs-ameliyati\/","name":"RIRS Ameliyat\u0131 (R\u0130RC) Fiyatlar\u0131 Ankara | Prof. Dr. Berkan Re\u015forlu","isPartOf":{"@id":"https:\/\/berkanresorlu.com\/#website"},"primaryImageOfPage":{"@id":"https:\/\/berkanresorlu.com\/rirs-ameliyati\/#primaryimage"},"image":{"@id":"https:\/\/berkanresorlu.com\/rirs-ameliyati\/#primaryimage"},"thumbnailUrl":"https:\/\/berkanresorlu.com\/wp-content\/uploads\/2023\/03\/RIRS-ameliyati-oncesi-nelere-dikkat-edilmelidir.webp","datePublished":"2019-10-08T14:49:48+00:00","dateModified":"2023-09-06T08:04:05+00:00","description":"RIRS ameliyat\u0131 (R\u0130RC); esnek yap\u0131da (fleksibl) ince bir endoskop vas\u0131tas\u0131yla, v\u00fccuda herhangi bir delik ya da kesi a\u00e7madan, idrar kanal\u0131...","breadcrumb":{"@id":"https:\/\/berkanresorlu.com\/rirs-ameliyati\/#breadcrumb"},"inLanguage":"en-US","potentialAction":[{"@type":"ReadAction","target":["https:\/\/berkanresorlu.com\/rirs-ameliyati\/"]}]},{"@type":"ImageObject","inLanguage":"en-US","@id":"https:\/\/berkanresorlu.com\/rirs-ameliyati\/#primaryimage","url":"https:\/\/berkanresorlu.com\/wp-content\/uploads\/2023\/03\/RIRS-ameliyati-oncesi-nelere-dikkat-edilmelidir.webp","contentUrl":"https:\/\/berkanresorlu.com\/wp-content\/uploads\/2023\/03\/RIRS-ameliyati-oncesi-nelere-dikkat-edilmelidir.webp","width":500,"height":391,"caption":"RIRS ameliyat\u0131 \u00f6ncesi nelere dikkat edilmelidir?"},{"@type":"BreadcrumbList","@id":"https:\/\/berkanresorlu.com\/rirs-ameliyati\/#breadcrumb","itemListElement":[{"@type":"ListItem","position":1,"name":"Ana sayfa","item":"https:\/\/berkanresorlu.com\/"},{"@type":"ListItem","position":2,"name":"Retrograd \u0130ntrarenal Cerrahi (RIRC)"}]},{"@type":"WebSite","@id":"https:\/\/berkanresorlu.com\/#website","url":"https:\/\/berkanresorlu.com\/","name":"Prof. Dr. Berkan RE\u015eORLU M.D.","description":"Ankara Urology Professor","publisher":{"@id":"https:\/\/berkanresorlu.com\/#organization"},"alternateName":"Berkan Re\u015forlu","potentialAction":[{"@type":"SearchAction","target":{"@type":"EntryPoint","urlTemplate":"https:\/\/berkanresorlu.com\/?s={search_term_string}"},"query-input":{"@type":"PropertyValueSpecification","valueRequired":true,"valueName":"search_term_string"}}],"inLanguage":"en-US"},{"@type":"Organization","@id":"https:\/\/berkanresorlu.com\/#organization","name":"Prof. Dr. Berkan RE\u015eORLU Muayenehanesi \/ \u00dcroloji Doktoru","alternateName":"Ankara \u00dcroloji Profes\u00f6r\u00fc","url":"https:\/\/berkanresorlu.com\/","logo":{"@type":"ImageObject","inLanguage":"en-US","@id":"https:\/\/berkanresorlu.com\/#\/schema\/logo\/image\/","url":"https:\/\/berkanresorlu.com\/wp-content\/uploads\/2023\/03\/prof-dr-berkan-resorlu-logo.jpg","contentUrl":"https:\/\/berkanresorlu.com\/wp-content\/uploads\/2023\/03\/prof-dr-berkan-resorlu-logo.jpg","width":2073,"height":2073,"caption":"Prof. Dr. Berkan RE\u015eORLU Muayenehanesi \/ \u00dcroloji Doktoru"},"image":{"@id":"https:\/\/berkanresorlu.com\/#\/schema\/logo\/image\/"},"sameAs":["https:\/\/www.facebook.com\/berkan.resorlu","https:\/\/x.com\/berkanresorlu","https:\/\/www.instagram.com\/prof.dr.berkanresorlu\/","https:\/\/www.linkedin.com\/in\/berkan-reorlu-217ab9123\/","https:\/\/www.youtube.com\/@prof.dr.berkanresorlu"]}]}},"_links":{"self":[{"href":"https:\/\/berkanresorlu.com\/en\/wp-json\/wp\/v2\/pages\/716","targetHints":{"allow":["GET"]}}],"collection":[{"href":"https:\/\/berkanresorlu.com\/en\/wp-json\/wp\/v2\/pages"}],"about":[{"href":"https:\/\/berkanresorlu.com\/en\/wp-json\/wp\/v2\/types\/page"}],"author":[{"embeddable":true,"href":"https:\/\/berkanresorlu.com\/en\/wp-json\/wp\/v2\/users\/1"}],"replies":[{"embeddable":true,"href":"https:\/\/berkanresorlu.com\/en\/wp-json\/wp\/v2\/comments?post=716"}],"version-history":[{"count":23,"href":"https:\/\/berkanresorlu.com\/en\/wp-json\/wp\/v2\/pages\/716\/revisions"}],"predecessor-version":[{"id":7791,"href":"https:\/\/berkanresorlu.com\/en\/wp-json\/wp\/v2\/pages\/716\/revisions\/7791"}],"wp:featuredmedia":[{"embeddable":true,"href":"https:\/\/berkanresorlu.com\/en\/wp-json\/wp\/v2\/media\/7294"}],"wp:attachment":[{"href":"https:\/\/berkanresorlu.com\/en\/wp-json\/wp\/v2\/media?parent=716"}],"curies":[{"name":"wp","href":"https:\/\/api.w.org\/{rel}","templated":true}]}}