{"id":725,"date":"2019-10-08T17:51:43","date_gmt":"2019-10-08T14:51:43","guid":{"rendered":"http:\/\/berkanresorlu.com\/?page_id=725"},"modified":"2025-02-18T20:03:33","modified_gmt":"2025-02-18T17:03:33","slug":"iyi-huylu-prostat-buyumesi-bph","status":"publish","type":"page","link":"https:\/\/berkanresorlu.com\/en\/iyi-huylu-prostat-buyumesi-bph\/","title":{"rendered":"Benign Prostate  Hyperplasia (BPH)"},"content":{"rendered":"<\/p>\n<div class=\"row\"  id=\"row-1211875936\">\n\n\t<div id=\"col-1224768320\" class=\"col small-12 large-12\"  >\n\t\t\t\t<div class=\"col-inner\"  >\n\t\t\t\n\t\t\t\n<div class=\"slider-wrapper relative\" id=\"slider-1226298112\" >\n    <div class=\"slider slider-nav-circle slider-nav-large slider-nav-light slider-style-normal\"\n        data-flickity-options='{\n            \"cellAlign\": \"center\",\n            \"imagesLoaded\": true,\n            \"lazyLoad\": 1,\n            \"freeScroll\": false,\n            \"wrapAround\": false,\n            \"autoPlay\": 6000,\n            \"pauseAutoPlayOnHover\" : true,\n            \"prevNextButtons\": false,\n            \"contain\" : true,\n            \"adaptiveHeight\" : true,\n            \"dragThreshold\" : 10,\n            \"percentPosition\": true,\n            \"pageDots\": false,\n            \"rightToLeft\": false,\n            \"draggable\": false,\n            \"selectedAttraction\": 0.1,\n            \"parallax\" : 0,\n            \"friction\": 0.6        }'\n        >\n        \n\n  <div class=\"banner has-hover bg-zoom\" id=\"banner-1502257261\">\n          <div class=\"banner-inner fill\">\n        <div class=\"banner-bg fill\" >\n            <img decoding=\"async\" width=\"1048\" height=\"350\" src=\"https:\/\/berkanresorlu.com\/wp-content\/uploads\/2020\/01\/I\u0307yi-Huylu-Prostat-bu\u0308yu\u0308mesi-tedavisi-Ankara-Memorial.jpg\" class=\"bg attachment-original size-original\" alt=\"\" \/>                                    \n                    <\/div>\n\t\t\n        <div class=\"banner-layers container\">\n            <div class=\"fill banner-link\"><\/div>            \n        <\/div>\n      <\/div>\n\n            \n<style>\n#banner-1502257261 {\n  padding-top: 350px;\n  background-color: rgb(255, 255, 255);\n}\n#banner-1502257261 .banner-bg img {\n  object-position: 52% 46%;\n}\n<\/style>\n  <\/div>\n\n\n     <\/div>\n\n     <div class=\"loading-spin dark large centered\"><\/div>\n\n\t<\/div>\n\n\n\t\t<\/div>\n\t\t\t\t\t<\/div>\n\n\t\n\n\t<div id=\"col-1604840182\" class=\"col small-12 large-12\"  >\n\t\t\t\t<div class=\"col-inner\"  >\n\t\t\t\n\t\t\t\n<p><strong>Benign Prostatic Hyperplasia (BPH)<\/strong><\/p>\n<p>Benign Prostatic Hyperplasia (BPH) is a condition in which the prostate gland around the urinary tract enlarges and blocks the outlet of the bladder (bladder) and prevents urine flow.<\/p>\n<p>BPH, which is a common condition, is associated with the hormonal changes that occur in men with aging. BPH can affect the urination pattern and pattern, can cause lower urinary tract problems besides having a negative effect on quality of life. Benign prostate hyperplasia causes problems with urination in about half of men in their 50s and 60s and in about 90% of patients in the older age group. In the case of benign prostate hyperplasia, where early diagnosis and treatment are important, kidney failure, bladder stones, recurrent urinary tract infections, and even bladder cancer due to chronic irritation may occur.<\/p>\n\t\t<\/div>\n\t\t\t\t\t<\/div>\n\n\t\n<\/div>\n<div class=\"row\"  id=\"row-58298563\">\n\n\t<div id=\"col-1891066031\" class=\"col medium-9 small-12 large-9\"  >\n\t\t\t\t<div class=\"col-inner\"  >\n\t\t\t\n\t\t\t\n<p><strong>What are the Symptoms of BPH?<\/strong><\/p>\n<p>BPH can cause pressure on the urinary tract at the bladder outlet and the urine output from the bladder becomes difficult. BPH manifests with a variety of symptoms:<\/p>\n<p><strong>Symptoms during urination:<\/strong><\/p>\n<p>\u2022 Frequent urination<br \/>\u2022 Waking up to urinate at night<br \/>\u2022 Sudden need to urinate<br \/>\u2022 Involuntary incontinence<\/p>\n<p><strong>\u0130\u015femedeki belirtiler:<\/strong><\/p>\n<p>\u2022 Poor flow of urine <br \/>\u2022 Forked and diffuse urine flow <br \/>\u2022 Intermittent urination <br \/>\u2022 Winding down to urinate <br \/>\u2022 Waiting before starting to urinate <br \/>\u2022 Too long to urinate<\/p>\n<p><strong>Symptoms after urination:<\/strong><\/p>\n<p>\u2022 The feeling that the bladder (bladder) is not fully emptied <br \/>\u2022 Involuntary incontinence in underwear afterwards.<\/p>\n\t\t<\/div>\n\t\t\t\t\t<\/div>\n\n\t\n\n\t<div id=\"col-1509770246\" class=\"col medium-3 small-12 large-3\"  >\n\t\t\t\t<div class=\"col-inner\"  >\n\t\t\t\n\t\t\t\n\n  <div class=\"banner has-hover bg-zoom\" id=\"banner-503871916\">\n          <div class=\"banner-inner fill\">\n        <div class=\"banner-bg fill\" >\n            <img decoding=\"async\" width=\"247\" height=\"579\" src=\"https:\/\/berkanresorlu.com\/wp-content\/uploads\/2020\/01\/I\u0307yi-huylu-prostat-bu\u0308yu\u0308mesi-tedavisi-Berkan-Res\u0327orlu.jpg\" class=\"bg attachment-original size-original\" alt=\"\" \/>                                    \n                    <\/div>\n\t\t\n        <div class=\"banner-layers container\">\n            <div class=\"fill banner-link\"><\/div>            \n        <\/div>\n      <\/div>\n\n            \n<style>\n#banner-503871916 {\n  padding-top: 450px;\n  background-color: rgb(255, 255, 255);\n}\n#banner-503871916 .banner-bg img {\n  object-position: 51% 100%;\n}\n@media (min-width:550px) {\n  #banner-503871916 {\n    padding-top: 600px;\n  }\n}\n<\/style>\n  <\/div>\n\n\n\t\t<\/div>\n\t\t\t\t\t<\/div>\n\n\t\n\n\t<div id=\"col-1821141877\" class=\"col small-12 large-12\"  >\n\t\t\t\t<div class=\"col-inner\"  >\n\t\t\t\n\t\t\t\n<p><strong>How Is BPH Diagnosed?<\/strong><\/p>\n<p>A detailed and careful medical history of the patient has an important role in the diagnosis of BPH. For this, scoring systems are used to determine the severity of symptoms and their negative impact on the quality of life of the patient. Finger examination of the prostate from the anus is also important in the diagnosis of BPH.<\/p>\n<p>Other tests that may be required according to the patient&#8217;s condition are:<\/p>\n<p>\u2022 <strong>Prostate specific antigen (PSA) test:<\/strong> It is a blood test for the possibility of prostate cancer. <br \/>\u2022 <strong>Urine flow test:<\/strong> Shows the urine flow rate and urination pattern.<br \/>\u2022 <strong>Measurement of remaining urine after voiding:<\/strong> Shows how effectively urine discharge can be achieved. <br \/>\u2022 <strong>Ultrasonography:<\/strong> It provides imaging of the kidney, bladder (urine bag) and prostate. <br \/>\u2022 <strong>Cystoscopy:<\/strong> It is the direct visual examination of the external urinary canal and bladder (urine bag) using an instrument.<\/p>\n<p><strong>BPH Treatment<\/strong><\/p>\n<p>Treatment to be applied in benign prostate enlargement is determined by the doctor according to the patient&#8217;s condition. Depending on the severity of the patient&#8217;s complaints, close follow-up, medication therapy, focal treatments or surgical methods may be preferred for treatment.<\/p>\n<p><strong>NOTE:<\/strong> The content of the page is for informational purposes only, consult your doctor for diagnosis and treatment.<\/p>\n\t\t<\/div>\n\t\t\t\t\t<\/div>\n\n\t\n<\/div>\n<p>\n","protected":false},"excerpt":{"rendered":"","protected":false},"author":1,"featured_media":7438,"parent":0,"menu_order":0,"comment_status":"open","ping_status":"closed","template":"page-blank-title-center.php","meta":{"footnotes":""},"class_list":["post-725","page","type-page","status-publish","has-post-thumbnail","hentry"],"yoast_head":"<!-- This site is optimized with the Yoast SEO plugin v27.3 - https:\/\/yoast.com\/product\/yoast-seo-wordpress\/ -->\n<title>\u0130yi Huylu Prostat B\u00fcy\u00fcmesi (BPH) Tedavisi Fiyat\u0131 | Ankara<\/title>\n<meta name=\"description\" content=\"\u0130yi huylu prostat b\u00fcy\u00fcmesi, idrara \u00e7\u0131kma bi\u00e7imini ve d\u00fczenini etkileyebilir, idrar yolu sorunlar\u0131na yol a\u00e7abilir. Tedavi y\u00f6ntemleri...\" \/>\n<meta name=\"robots\" content=\"index, follow, max-snippet:-1, max-image-preview:large, max-video-preview:-1\" \/>\n<link rel=\"canonical\" href=\"https:\/\/berkanresorlu.com\/en\/iyi-huylu-prostat-buyumesi-bph\/\" \/>\n<meta property=\"og:locale\" content=\"en_US\" \/>\n<meta property=\"og:locale:alternate\" content=\"tr_TR\" \/>\n<meta property=\"og:type\" content=\"article\" \/>\n<meta property=\"og:title\" content=\"\u0130yi Huylu Prostat B\u00fcy\u00fcmesi (BPH) Tedavisi Ankara | Prof. Dr. Berkan RE\u015eORLU\" \/>\n<meta property=\"og:description\" content=\"\u0130yi huylu prostat b\u00fcy\u00fcmesi, idrara \u00e7\u0131kma bi\u00e7imini ve d\u00fczenini etkileyebilir, ya\u015fam kalitesi \u00fczerinde olumsuz etki yapmas\u0131n\u0131n yan\u0131nda alt idrar yolu sorunlar\u0131na yol a\u00e7abilir. Erken te\u015fhis ve tedavinin \u00f6neminin fazla oldu\u011fu iyi huylu prostat b\u00fcy\u00fcmesinde ge\u00e7 kal\u0131nd\u0131\u011f\u0131nda tekrarlayan idrar yolu enfeksiyonlar\u0131, mesane ta\u015f\u0131, b\u00f6brek yetmezli\u011fi, hatta kronik irritasyon kaynakl\u0131 mesane kanseri geli\u015febilmektedir.\" \/>\n<meta property=\"og:url\" content=\"https:\/\/berkanresorlu.com\/en\/iyi-huylu-prostat-buyumesi-bph\/\" \/>\n<meta property=\"og:site_name\" content=\"Prof. Dr. Berkan RE\u015eORLU M.D.\" \/>\n<meta property=\"article:publisher\" content=\"https:\/\/www.facebook.com\/berkan.resorlu\" \/>\n<meta property=\"article:modified_time\" content=\"2025-02-18T17:03:33+00:00\" \/>\n<meta property=\"og:image\" content=\"https:\/\/berkanresorlu.com\/wp-content\/uploads\/2023\/04\/iyi-huylu-prostat-buyumesi-tedavisi-ankara.webp\" \/>\n\t<meta property=\"og:image:width\" content=\"500\" \/>\n\t<meta property=\"og:image:height\" content=\"350\" \/>\n\t<meta property=\"og:image:type\" content=\"image\/webp\" \/>\n<meta name=\"twitter:card\" content=\"summary_large_image\" \/>\n<meta name=\"twitter:title\" content=\"\u0130yi Huylu Prostat B\u00fcy\u00fcmesi (BPH) Tedavisi Ankara | Prof. Dr. Berkan RE\u015eORLU\" \/>\n<meta name=\"twitter:description\" content=\"\u0130yi huylu prostat b\u00fcy\u00fcmesi, idrara \u00e7\u0131kma bi\u00e7imini ve d\u00fczenini etkileyebilir, ya\u015fam kalitesi \u00fczerinde olumsuz etki yapmas\u0131n\u0131n yan\u0131nda alt idrar yolu sorunlar\u0131na yol a\u00e7abilir. Erken te\u015fhis ve tedavinin \u00f6neminin fazla oldu\u011fu iyi huylu prostat b\u00fcy\u00fcmesinde ge\u00e7 kal\u0131nd\u0131\u011f\u0131nda tekrarlayan idrar yolu enfeksiyonlar\u0131, mesane ta\u015f\u0131, b\u00f6brek yetmezli\u011fi, hatta kronik irritasyon kaynakl\u0131 mesane kanseri geli\u015febilmektedir.\" \/>\n<meta name=\"twitter:image\" content=\"https:\/\/berkanresorlu.com\/wp-content\/uploads\/2023\/04\/iyi-huylu-prostat-buyumesi-tedavisi-ankara.webp\" \/>\n<meta name=\"twitter:site\" content=\"@berkanresorlu\" \/>\n<meta name=\"twitter:label1\" content=\"Est. reading time\" \/>\n\t<meta name=\"twitter:data1\" content=\"16 minutes\" \/>\n<script type=\"application\/ld+json\" class=\"yoast-schema-graph\">{\"@context\":\"https:\\\/\\\/schema.org\",\"@graph\":[{\"@type\":\"WebPage\",\"@id\":\"https:\\\/\\\/berkanresorlu.com\\\/iyi-huylu-prostat-buyumesi-bph\\\/\",\"url\":\"https:\\\/\\\/berkanresorlu.com\\\/iyi-huylu-prostat-buyumesi-bph\\\/\",\"name\":\"\u0130yi Huylu Prostat B\u00fcy\u00fcmesi (BPH) Tedavisi Fiyat\u0131 | Ankara\",\"isPartOf\":{\"@id\":\"https:\\\/\\\/berkanresorlu.com\\\/#website\"},\"primaryImageOfPage\":{\"@id\":\"https:\\\/\\\/berkanresorlu.com\\\/iyi-huylu-prostat-buyumesi-bph\\\/#primaryimage\"},\"image\":{\"@id\":\"https:\\\/\\\/berkanresorlu.com\\\/iyi-huylu-prostat-buyumesi-bph\\\/#primaryimage\"},\"thumbnailUrl\":\"https:\\\/\\\/berkanresorlu.com\\\/wp-content\\\/uploads\\\/2023\\\/04\\\/iyi-huylu-prostat-buyumesi-tedavi-yontemleri-ankara.webp\",\"datePublished\":\"2019-10-08T14:51:43+00:00\",\"dateModified\":\"2025-02-18T17:03:33+00:00\",\"description\":\"\u0130yi huylu prostat b\u00fcy\u00fcmesi, idrara \u00e7\u0131kma bi\u00e7imini ve d\u00fczenini etkileyebilir, idrar yolu sorunlar\u0131na yol a\u00e7abilir. Tedavi y\u00f6ntemleri...\",\"breadcrumb\":{\"@id\":\"https:\\\/\\\/berkanresorlu.com\\\/iyi-huylu-prostat-buyumesi-bph\\\/#breadcrumb\"},\"inLanguage\":\"en-US\",\"potentialAction\":[{\"@type\":\"ReadAction\",\"target\":[\"https:\\\/\\\/berkanresorlu.com\\\/iyi-huylu-prostat-buyumesi-bph\\\/\"]}]},{\"@type\":\"ImageObject\",\"inLanguage\":\"en-US\",\"@id\":\"https:\\\/\\\/berkanresorlu.com\\\/iyi-huylu-prostat-buyumesi-bph\\\/#primaryimage\",\"url\":\"https:\\\/\\\/berkanresorlu.com\\\/wp-content\\\/uploads\\\/2023\\\/04\\\/iyi-huylu-prostat-buyumesi-tedavi-yontemleri-ankara.webp\",\"contentUrl\":\"https:\\\/\\\/berkanresorlu.com\\\/wp-content\\\/uploads\\\/2023\\\/04\\\/iyi-huylu-prostat-buyumesi-tedavi-yontemleri-ankara.webp\",\"width\":500,\"height\":500},{\"@type\":\"BreadcrumbList\",\"@id\":\"https:\\\/\\\/berkanresorlu.com\\\/iyi-huylu-prostat-buyumesi-bph\\\/#breadcrumb\",\"itemListElement\":[{\"@type\":\"ListItem\",\"position\":1,\"name\":\"Ana sayfa\",\"item\":\"https:\\\/\\\/berkanresorlu.com\\\/\"},{\"@type\":\"ListItem\",\"position\":2,\"name\":\"\u0130yi Huylu Prostat B\u00fcy\u00fcmesi (BPH)\"}]},{\"@type\":\"WebSite\",\"@id\":\"https:\\\/\\\/berkanresorlu.com\\\/#website\",\"url\":\"https:\\\/\\\/berkanresorlu.com\\\/\",\"name\":\"Prof. Dr. Berkan RE\u015eORLU M.D.\",\"description\":\"Ankara Urology Professor\",\"publisher\":{\"@id\":\"https:\\\/\\\/berkanresorlu.com\\\/#organization\"},\"alternateName\":\"Berkan Re\u015forlu\",\"potentialAction\":[{\"@type\":\"SearchAction\",\"target\":{\"@type\":\"EntryPoint\",\"urlTemplate\":\"https:\\\/\\\/berkanresorlu.com\\\/?s={search_term_string}\"},\"query-input\":{\"@type\":\"PropertyValueSpecification\",\"valueRequired\":true,\"valueName\":\"search_term_string\"}}],\"inLanguage\":\"en-US\"},{\"@type\":\"Organization\",\"@id\":\"https:\\\/\\\/berkanresorlu.com\\\/#organization\",\"name\":\"Prof. Dr. Berkan RE\u015eORLU Muayenehanesi \\\/ \u00dcroloji Doktoru\",\"alternateName\":\"Ankara \u00dcroloji Profes\u00f6r\u00fc\",\"url\":\"https:\\\/\\\/berkanresorlu.com\\\/\",\"logo\":{\"@type\":\"ImageObject\",\"inLanguage\":\"en-US\",\"@id\":\"https:\\\/\\\/berkanresorlu.com\\\/#\\\/schema\\\/logo\\\/image\\\/\",\"url\":\"https:\\\/\\\/berkanresorlu.com\\\/wp-content\\\/uploads\\\/2023\\\/03\\\/prof-dr-berkan-resorlu-logo.jpg\",\"contentUrl\":\"https:\\\/\\\/berkanresorlu.com\\\/wp-content\\\/uploads\\\/2023\\\/03\\\/prof-dr-berkan-resorlu-logo.jpg\",\"width\":2073,\"height\":2073,\"caption\":\"Prof. Dr. Berkan RE\u015eORLU Muayenehanesi \\\/ \u00dcroloji Doktoru\"},\"image\":{\"@id\":\"https:\\\/\\\/berkanresorlu.com\\\/#\\\/schema\\\/logo\\\/image\\\/\"},\"sameAs\":[\"https:\\\/\\\/www.facebook.com\\\/berkan.resorlu\",\"https:\\\/\\\/x.com\\\/berkanresorlu\",\"https:\\\/\\\/www.instagram.com\\\/prof.dr.berkanresorlu\\\/\",\"https:\\\/\\\/www.linkedin.com\\\/in\\\/berkan-reorlu-217ab9123\\\/\",\"https:\\\/\\\/www.youtube.com\\\/@prof.dr.berkanresorlu\"]}]}<\/script>\n<!-- \/ Yoast SEO plugin. -->","yoast_head_json":{"title":"\u0130yi Huylu Prostat B\u00fcy\u00fcmesi (BPH) Tedavisi Fiyat\u0131 | Ankara","description":"\u0130yi huylu prostat b\u00fcy\u00fcmesi, idrara \u00e7\u0131kma bi\u00e7imini ve d\u00fczenini etkileyebilir, idrar yolu sorunlar\u0131na yol a\u00e7abilir. Tedavi y\u00f6ntemleri...","robots":{"index":"index","follow":"follow","max-snippet":"max-snippet:-1","max-image-preview":"max-image-preview:large","max-video-preview":"max-video-preview:-1"},"canonical":"https:\/\/berkanresorlu.com\/en\/iyi-huylu-prostat-buyumesi-bph\/","og_locale":"en_US","og_type":"article","og_title":"\u0130yi Huylu Prostat B\u00fcy\u00fcmesi (BPH) Tedavisi Ankara | Prof. Dr. Berkan RE\u015eORLU","og_description":"\u0130yi huylu prostat b\u00fcy\u00fcmesi, idrara \u00e7\u0131kma bi\u00e7imini ve d\u00fczenini etkileyebilir, ya\u015fam kalitesi \u00fczerinde olumsuz etki yapmas\u0131n\u0131n yan\u0131nda alt idrar yolu sorunlar\u0131na yol a\u00e7abilir. Erken te\u015fhis ve tedavinin \u00f6neminin fazla oldu\u011fu iyi huylu prostat b\u00fcy\u00fcmesinde ge\u00e7 kal\u0131nd\u0131\u011f\u0131nda tekrarlayan idrar yolu enfeksiyonlar\u0131, mesane ta\u015f\u0131, b\u00f6brek yetmezli\u011fi, hatta kronik irritasyon kaynakl\u0131 mesane kanseri geli\u015febilmektedir.","og_url":"https:\/\/berkanresorlu.com\/en\/iyi-huylu-prostat-buyumesi-bph\/","og_site_name":"Prof. Dr. Berkan RE\u015eORLU M.D.","article_publisher":"https:\/\/www.facebook.com\/berkan.resorlu","article_modified_time":"2025-02-18T17:03:33+00:00","og_image":[{"width":500,"height":350,"url":"https:\/\/berkanresorlu.com\/wp-content\/uploads\/2023\/04\/iyi-huylu-prostat-buyumesi-tedavisi-ankara.webp","type":"image\/webp"}],"twitter_card":"summary_large_image","twitter_title":"\u0130yi Huylu Prostat B\u00fcy\u00fcmesi (BPH) Tedavisi Ankara | Prof. Dr. Berkan RE\u015eORLU","twitter_description":"\u0130yi huylu prostat b\u00fcy\u00fcmesi, idrara \u00e7\u0131kma bi\u00e7imini ve d\u00fczenini etkileyebilir, ya\u015fam kalitesi \u00fczerinde olumsuz etki yapmas\u0131n\u0131n yan\u0131nda alt idrar yolu sorunlar\u0131na yol a\u00e7abilir. Erken te\u015fhis ve tedavinin \u00f6neminin fazla oldu\u011fu iyi huylu prostat b\u00fcy\u00fcmesinde ge\u00e7 kal\u0131nd\u0131\u011f\u0131nda tekrarlayan idrar yolu enfeksiyonlar\u0131, mesane ta\u015f\u0131, b\u00f6brek yetmezli\u011fi, hatta kronik irritasyon kaynakl\u0131 mesane kanseri geli\u015febilmektedir.","twitter_image":"https:\/\/berkanresorlu.com\/wp-content\/uploads\/2023\/04\/iyi-huylu-prostat-buyumesi-tedavisi-ankara.webp","twitter_site":"@berkanresorlu","twitter_misc":{"Est. reading time":"16 minutes"},"schema":{"@context":"https:\/\/schema.org","@graph":[{"@type":"WebPage","@id":"https:\/\/berkanresorlu.com\/iyi-huylu-prostat-buyumesi-bph\/","url":"https:\/\/berkanresorlu.com\/iyi-huylu-prostat-buyumesi-bph\/","name":"\u0130yi Huylu Prostat B\u00fcy\u00fcmesi (BPH) Tedavisi Fiyat\u0131 | Ankara","isPartOf":{"@id":"https:\/\/berkanresorlu.com\/#website"},"primaryImageOfPage":{"@id":"https:\/\/berkanresorlu.com\/iyi-huylu-prostat-buyumesi-bph\/#primaryimage"},"image":{"@id":"https:\/\/berkanresorlu.com\/iyi-huylu-prostat-buyumesi-bph\/#primaryimage"},"thumbnailUrl":"https:\/\/berkanresorlu.com\/wp-content\/uploads\/2023\/04\/iyi-huylu-prostat-buyumesi-tedavi-yontemleri-ankara.webp","datePublished":"2019-10-08T14:51:43+00:00","dateModified":"2025-02-18T17:03:33+00:00","description":"\u0130yi huylu prostat b\u00fcy\u00fcmesi, idrara \u00e7\u0131kma bi\u00e7imini ve d\u00fczenini etkileyebilir, idrar yolu sorunlar\u0131na yol a\u00e7abilir. Tedavi y\u00f6ntemleri...","breadcrumb":{"@id":"https:\/\/berkanresorlu.com\/iyi-huylu-prostat-buyumesi-bph\/#breadcrumb"},"inLanguage":"en-US","potentialAction":[{"@type":"ReadAction","target":["https:\/\/berkanresorlu.com\/iyi-huylu-prostat-buyumesi-bph\/"]}]},{"@type":"ImageObject","inLanguage":"en-US","@id":"https:\/\/berkanresorlu.com\/iyi-huylu-prostat-buyumesi-bph\/#primaryimage","url":"https:\/\/berkanresorlu.com\/wp-content\/uploads\/2023\/04\/iyi-huylu-prostat-buyumesi-tedavi-yontemleri-ankara.webp","contentUrl":"https:\/\/berkanresorlu.com\/wp-content\/uploads\/2023\/04\/iyi-huylu-prostat-buyumesi-tedavi-yontemleri-ankara.webp","width":500,"height":500},{"@type":"BreadcrumbList","@id":"https:\/\/berkanresorlu.com\/iyi-huylu-prostat-buyumesi-bph\/#breadcrumb","itemListElement":[{"@type":"ListItem","position":1,"name":"Ana sayfa","item":"https:\/\/berkanresorlu.com\/"},{"@type":"ListItem","position":2,"name":"\u0130yi Huylu Prostat B\u00fcy\u00fcmesi (BPH)"}]},{"@type":"WebSite","@id":"https:\/\/berkanresorlu.com\/#website","url":"https:\/\/berkanresorlu.com\/","name":"Prof. Dr. Berkan RE\u015eORLU M.D.","description":"Ankara Urology Professor","publisher":{"@id":"https:\/\/berkanresorlu.com\/#organization"},"alternateName":"Berkan Re\u015forlu","potentialAction":[{"@type":"SearchAction","target":{"@type":"EntryPoint","urlTemplate":"https:\/\/berkanresorlu.com\/?s={search_term_string}"},"query-input":{"@type":"PropertyValueSpecification","valueRequired":true,"valueName":"search_term_string"}}],"inLanguage":"en-US"},{"@type":"Organization","@id":"https:\/\/berkanresorlu.com\/#organization","name":"Prof. Dr. Berkan RE\u015eORLU Muayenehanesi \/ \u00dcroloji Doktoru","alternateName":"Ankara \u00dcroloji Profes\u00f6r\u00fc","url":"https:\/\/berkanresorlu.com\/","logo":{"@type":"ImageObject","inLanguage":"en-US","@id":"https:\/\/berkanresorlu.com\/#\/schema\/logo\/image\/","url":"https:\/\/berkanresorlu.com\/wp-content\/uploads\/2023\/03\/prof-dr-berkan-resorlu-logo.jpg","contentUrl":"https:\/\/berkanresorlu.com\/wp-content\/uploads\/2023\/03\/prof-dr-berkan-resorlu-logo.jpg","width":2073,"height":2073,"caption":"Prof. Dr. Berkan RE\u015eORLU Muayenehanesi \/ \u00dcroloji Doktoru"},"image":{"@id":"https:\/\/berkanresorlu.com\/#\/schema\/logo\/image\/"},"sameAs":["https:\/\/www.facebook.com\/berkan.resorlu","https:\/\/x.com\/berkanresorlu","https:\/\/www.instagram.com\/prof.dr.berkanresorlu\/","https:\/\/www.linkedin.com\/in\/berkan-reorlu-217ab9123\/","https:\/\/www.youtube.com\/@prof.dr.berkanresorlu"]}]}},"_links":{"self":[{"href":"https:\/\/berkanresorlu.com\/en\/wp-json\/wp\/v2\/pages\/725","targetHints":{"allow":["GET"]}}],"collection":[{"href":"https:\/\/berkanresorlu.com\/en\/wp-json\/wp\/v2\/pages"}],"about":[{"href":"https:\/\/berkanresorlu.com\/en\/wp-json\/wp\/v2\/types\/page"}],"author":[{"embeddable":true,"href":"https:\/\/berkanresorlu.com\/en\/wp-json\/wp\/v2\/users\/1"}],"replies":[{"embeddable":true,"href":"https:\/\/berkanresorlu.com\/en\/wp-json\/wp\/v2\/comments?post=725"}],"version-history":[{"count":26,"href":"https:\/\/berkanresorlu.com\/en\/wp-json\/wp\/v2\/pages\/725\/revisions"}],"predecessor-version":[{"id":8847,"href":"https:\/\/berkanresorlu.com\/en\/wp-json\/wp\/v2\/pages\/725\/revisions\/8847"}],"wp:featuredmedia":[{"embeddable":true,"href":"https:\/\/berkanresorlu.com\/en\/wp-json\/wp\/v2\/media\/7438"}],"wp:attachment":[{"href":"https:\/\/berkanresorlu.com\/en\/wp-json\/wp\/v2\/media?parent=725"}],"curies":[{"name":"wp","href":"https:\/\/api.w.org\/{rel}","templated":true}]}}