{"id":734,"date":"2019-10-08T17:52:25","date_gmt":"2019-10-08T14:52:25","guid":{"rendered":"http:\/\/berkanresorlu.com\/?page_id=734"},"modified":"2023-09-06T11:19:18","modified_gmt":"2023-09-06T08:19:18","slug":"tur-p-ameliyati","status":"publish","type":"page","link":"https:\/\/berkanresorlu.com\/en\/tur-p-ameliyati\/","title":{"rendered":"TUR-P"},"content":{"rendered":"<\/p>\n<div class=\"row\"  id=\"row-1231910258\">\n\n\t<div id=\"col-998606710\" class=\"col small-12 large-12\"  >\n\t\t\t\t<div class=\"col-inner\"  >\n\t\t\t\n\t\t\t\n<div class=\"slider-wrapper relative\" id=\"slider-2064348471\" >\n    <div class=\"slider slider-nav-circle slider-nav-large slider-nav-light slider-style-normal\"\n        data-flickity-options='{\n            \"cellAlign\": \"center\",\n            \"imagesLoaded\": true,\n            \"lazyLoad\": 1,\n            \"freeScroll\": false,\n            \"wrapAround\": false,\n            \"autoPlay\": 6000,\n            \"pauseAutoPlayOnHover\" : true,\n            \"prevNextButtons\": false,\n            \"contain\" : true,\n            \"adaptiveHeight\" : true,\n            \"dragThreshold\" : 10,\n            \"percentPosition\": true,\n            \"pageDots\": false,\n            \"rightToLeft\": false,\n            \"draggable\": false,\n            \"selectedAttraction\": 0.1,\n            \"parallax\" : 0,\n            \"friction\": 0.6        }'\n        >\n        \n\n  <div class=\"banner has-hover bg-zoom\" id=\"banner-886209722\">\n          <div class=\"banner-inner fill\">\n        <div class=\"banner-bg fill\" >\n            <img decoding=\"async\" width=\"1048\" height=\"350\" src=\"https:\/\/berkanresorlu.com\/wp-content\/uploads\/2020\/01\/Transu\u0308retral-Prostat-Rezeksiyonu-TUR-P-.jpg\" class=\"bg attachment-original size-original\" alt=\"\" \/>                                    \n\t<div class=\"is-border\"\n\t\tstyle=\"border-width:5px 5px 5px 5px;\">\n\t<\/div>\n                    <\/div>\n\t\t\n        <div class=\"banner-layers container\">\n            <div class=\"fill banner-link\"><\/div>            \n        <\/div>\n      <\/div>\n\n            \n<style>\n#banner-886209722 {\n  padding-top: 350px;\n  background-color: rgb(255, 255, 255);\n}\n#banner-886209722 .banner-bg img {\n  object-position: 39% 58%;\n}\n<\/style>\n  <\/div>\n\n\n     <\/div>\n\n     <div class=\"loading-spin dark large centered\"><\/div>\n\n\t<\/div>\n\n\n\t\t<\/div>\n\t\t\t\t\t<\/div>\n\n\t\n\n\t<div id=\"col-10627742\" class=\"col small-12 large-12\"  >\n\t\t\t\t<div class=\"col-inner\"  >\n\t\t\t\n\t\t\t\n<p class=\"p1\" style=\"text-align: center;\"><b>Transurethral Prostate Resection (TUR-P)<\/b><\/p>\n<p class=\"p1\">It is an endoscopic (closed) surgical method that is most commonly used in the surgical treatment of benign prostatic enlargement (BPH) and accepted as the gold standard technique in the treatment of prostates smaller than 80 grams.<\/p>\n<p class=\"p2\"><span class=\"s1\">In this method,<\/span> after the patient is given general or spinal anaesthesia, the prostate tissue is cut piece by piece by entering the urinary tract with a special device called resectoscope. Various energy sources are used for this purpose. The energy source used can be either monopolar or bipolar. In the bipolar system, it can be safely applied to patients with pacemakers, as electrical current does not pass through the patient&#8217;s body. Today, the most preferred method in TUR surgeries is the bipolar TUR system.<\/p>\n<p class=\"p1\"><span class=\"s2\">While the prostate tissue is cut into strips, bleeding is stopped with the help of the device. The prostate tissues accumulated in the urinary bladder are then removed with the vacuum system. After the operation, a catheter is placed in the urinary tract and kept for an average of 2-3 days.<\/p>\n<p class=\"p2\">Since there is no incision in the body in this procedure, postoperative recovery is rapid. Many patients are able to stand up with liquid and food intake within 6 hours, and return to their normal life the day after the operation.<\/p>\n\t\t<\/div>\n\t\t\t\t\t<\/div>\n\n\t\n<\/div>\n<p>\n","protected":false},"excerpt":{"rendered":"","protected":false},"author":1,"featured_media":7416,"parent":0,"menu_order":0,"comment_status":"open","ping_status":"closed","template":"page-blank-title-center.php","meta":{"footnotes":""},"class_list":["post-734","page","type-page","status-publish","has-post-thumbnail","hentry"],"yoast_head":"<!-- This site is optimized with the Yoast SEO plugin v27.3 - https:\/\/yoast.com\/product\/yoast-seo-wordpress\/ -->\n<title>TUR P Ameliyat\u0131 Fiyat\u0131 Ankara | Prof. Dr. Berkan RE\u015eORLU<\/title>\n<meta name=\"description\" content=\"TUR P ameliyat\u0131, prostat dokusunun idrar yolundan rezektoskop denilen \u00f6zel bir alet ile girilerek bipolar (Plazma Kinetik) TUR ameliyat\u0131...\" \/>\n<meta name=\"robots\" content=\"index, follow, max-snippet:-1, max-image-preview:large, max-video-preview:-1\" \/>\n<link rel=\"canonical\" href=\"https:\/\/berkanresorlu.com\/en\/tur-p-ameliyati\/\" \/>\n<meta property=\"og:locale\" content=\"en_US\" \/>\n<meta property=\"og:locale:alternate\" content=\"tr_TR\" \/>\n<meta property=\"og:type\" content=\"article\" \/>\n<meta property=\"og:title\" content=\"Prostat TUR P Ameliyat\u0131 Ankara | Prof. Dr. Berkan RE\u015eORLU\" \/>\n<meta property=\"og:description\" content=\"TUR-P ameliyat\u0131, prostat dokusunun idrar yolundan rezektoskop denilen \u00f6zel bir alet ile girilerek par\u00e7a par\u00e7a kesilerek d\u0131\u015far\u0131 al\u0131nd\u0131\u011f\u0131 cerrahi y\u00f6ntemdir. G\u00fcn\u00fcm\u00fczde TUR ameliyatlar\u0131nda en \u00e7ok tercih edilen y\u00f6ntem bipolar (Plazma Kinetik) TUR sistemidir.\" \/>\n<meta property=\"og:url\" content=\"https:\/\/berkanresorlu.com\/en\/tur-p-ameliyati\/\" \/>\n<meta property=\"og:site_name\" content=\"Prof. Dr. Berkan RE\u015eORLU M.D.\" \/>\n<meta property=\"article:publisher\" content=\"https:\/\/www.facebook.com\/berkan.resorlu\" \/>\n<meta property=\"article:modified_time\" content=\"2023-09-06T08:19:18+00:00\" \/>\n<meta property=\"og:image\" content=\"https:\/\/berkanresorlu.com\/wp-content\/uploads\/2023\/04\/Plazma-kinetik-TUR-P-nedir-ankara.webp\" \/>\n\t<meta property=\"og:image:width\" content=\"533\" \/>\n\t<meta property=\"og:image:height\" content=\"490\" \/>\n\t<meta property=\"og:image:type\" content=\"image\/webp\" \/>\n<meta name=\"twitter:card\" content=\"summary_large_image\" \/>\n<meta name=\"twitter:title\" content=\"Prostat TUR P Ameliyat\u0131 Ankara | Prof. Dr. Berkan RE\u015eORLU\" \/>\n<meta name=\"twitter:description\" content=\"TUR-P ameliyat\u0131, prostat dokusunun idrar yolundan rezektoskop denilen \u00f6zel bir alet ile girilerek par\u00e7a par\u00e7a kesilerek d\u0131\u015far\u0131 al\u0131nd\u0131\u011f\u0131 cerrahi y\u00f6ntemdir. G\u00fcn\u00fcm\u00fczde TUR ameliyatlar\u0131nda en \u00e7ok tercih edilen y\u00f6ntem bipolar (Plazma Kinetik) TUR sistemidir.\" \/>\n<meta name=\"twitter:image\" content=\"https:\/\/berkanresorlu.com\/wp-content\/uploads\/2023\/04\/Plazma-kinetik-TUR-P-nedir-ankara.webp\" \/>\n<meta name=\"twitter:site\" content=\"@berkanresorlu\" \/>\n<meta name=\"twitter:label1\" content=\"Est. reading time\" \/>\n\t<meta name=\"twitter:data1\" content=\"14 minutes\" \/>\n<script type=\"application\/ld+json\" class=\"yoast-schema-graph\">{\"@context\":\"https:\\\/\\\/schema.org\",\"@graph\":[{\"@type\":\"WebPage\",\"@id\":\"https:\\\/\\\/berkanresorlu.com\\\/tur-p-ameliyati\\\/\",\"url\":\"https:\\\/\\\/berkanresorlu.com\\\/tur-p-ameliyati\\\/\",\"name\":\"TUR P Ameliyat\u0131 Fiyat\u0131 Ankara | Prof. Dr. Berkan RE\u015eORLU\",\"isPartOf\":{\"@id\":\"https:\\\/\\\/berkanresorlu.com\\\/#website\"},\"primaryImageOfPage\":{\"@id\":\"https:\\\/\\\/berkanresorlu.com\\\/tur-p-ameliyati\\\/#primaryimage\"},\"image\":{\"@id\":\"https:\\\/\\\/berkanresorlu.com\\\/tur-p-ameliyati\\\/#primaryimage\"},\"thumbnailUrl\":\"https:\\\/\\\/berkanresorlu.com\\\/wp-content\\\/uploads\\\/2023\\\/04\\\/Plazma-kinetik-TUR-P-nedir-ankara.webp\",\"datePublished\":\"2019-10-08T14:52:25+00:00\",\"dateModified\":\"2023-09-06T08:19:18+00:00\",\"description\":\"TUR P ameliyat\u0131, prostat dokusunun idrar yolundan rezektoskop denilen \u00f6zel bir alet ile girilerek bipolar (Plazma Kinetik) TUR ameliyat\u0131...\",\"breadcrumb\":{\"@id\":\"https:\\\/\\\/berkanresorlu.com\\\/tur-p-ameliyati\\\/#breadcrumb\"},\"inLanguage\":\"en-US\",\"potentialAction\":[{\"@type\":\"ReadAction\",\"target\":[\"https:\\\/\\\/berkanresorlu.com\\\/tur-p-ameliyati\\\/\"]}]},{\"@type\":\"ImageObject\",\"inLanguage\":\"en-US\",\"@id\":\"https:\\\/\\\/berkanresorlu.com\\\/tur-p-ameliyati\\\/#primaryimage\",\"url\":\"https:\\\/\\\/berkanresorlu.com\\\/wp-content\\\/uploads\\\/2023\\\/04\\\/Plazma-kinetik-TUR-P-nedir-ankara.webp\",\"contentUrl\":\"https:\\\/\\\/berkanresorlu.com\\\/wp-content\\\/uploads\\\/2023\\\/04\\\/Plazma-kinetik-TUR-P-nedir-ankara.webp\",\"width\":533,\"height\":490,\"caption\":\"Prostat Plazma kinetik TUR P nedir ankara\"},{\"@type\":\"BreadcrumbList\",\"@id\":\"https:\\\/\\\/berkanresorlu.com\\\/tur-p-ameliyati\\\/#breadcrumb\",\"itemListElement\":[{\"@type\":\"ListItem\",\"position\":1,\"name\":\"Ana sayfa\",\"item\":\"https:\\\/\\\/berkanresorlu.com\\\/\"},{\"@type\":\"ListItem\",\"position\":2,\"name\":\"TUR-P\"}]},{\"@type\":\"WebSite\",\"@id\":\"https:\\\/\\\/berkanresorlu.com\\\/#website\",\"url\":\"https:\\\/\\\/berkanresorlu.com\\\/\",\"name\":\"Prof. Dr. Berkan RE\u015eORLU M.D.\",\"description\":\"Ankara Urology Professor\",\"publisher\":{\"@id\":\"https:\\\/\\\/berkanresorlu.com\\\/#organization\"},\"alternateName\":\"Berkan Re\u015forlu\",\"potentialAction\":[{\"@type\":\"SearchAction\",\"target\":{\"@type\":\"EntryPoint\",\"urlTemplate\":\"https:\\\/\\\/berkanresorlu.com\\\/?s={search_term_string}\"},\"query-input\":{\"@type\":\"PropertyValueSpecification\",\"valueRequired\":true,\"valueName\":\"search_term_string\"}}],\"inLanguage\":\"en-US\"},{\"@type\":\"Organization\",\"@id\":\"https:\\\/\\\/berkanresorlu.com\\\/#organization\",\"name\":\"Prof. Dr. Berkan RE\u015eORLU Muayenehanesi \\\/ \u00dcroloji Doktoru\",\"alternateName\":\"Ankara \u00dcroloji Profes\u00f6r\u00fc\",\"url\":\"https:\\\/\\\/berkanresorlu.com\\\/\",\"logo\":{\"@type\":\"ImageObject\",\"inLanguage\":\"en-US\",\"@id\":\"https:\\\/\\\/berkanresorlu.com\\\/#\\\/schema\\\/logo\\\/image\\\/\",\"url\":\"https:\\\/\\\/berkanresorlu.com\\\/wp-content\\\/uploads\\\/2023\\\/03\\\/prof-dr-berkan-resorlu-logo.jpg\",\"contentUrl\":\"https:\\\/\\\/berkanresorlu.com\\\/wp-content\\\/uploads\\\/2023\\\/03\\\/prof-dr-berkan-resorlu-logo.jpg\",\"width\":2073,\"height\":2073,\"caption\":\"Prof. Dr. Berkan RE\u015eORLU Muayenehanesi \\\/ \u00dcroloji Doktoru\"},\"image\":{\"@id\":\"https:\\\/\\\/berkanresorlu.com\\\/#\\\/schema\\\/logo\\\/image\\\/\"},\"sameAs\":[\"https:\\\/\\\/www.facebook.com\\\/berkan.resorlu\",\"https:\\\/\\\/x.com\\\/berkanresorlu\",\"https:\\\/\\\/www.instagram.com\\\/prof.dr.berkanresorlu\\\/\",\"https:\\\/\\\/www.linkedin.com\\\/in\\\/berkan-reorlu-217ab9123\\\/\",\"https:\\\/\\\/www.youtube.com\\\/@prof.dr.berkanresorlu\"]}]}<\/script>\n<!-- \/ Yoast SEO plugin. -->","yoast_head_json":{"title":"TUR P Ameliyat\u0131 Fiyat\u0131 Ankara | Prof. Dr. Berkan RE\u015eORLU","description":"TUR P ameliyat\u0131, prostat dokusunun idrar yolundan rezektoskop denilen \u00f6zel bir alet ile girilerek bipolar (Plazma Kinetik) TUR ameliyat\u0131...","robots":{"index":"index","follow":"follow","max-snippet":"max-snippet:-1","max-image-preview":"max-image-preview:large","max-video-preview":"max-video-preview:-1"},"canonical":"https:\/\/berkanresorlu.com\/en\/tur-p-ameliyati\/","og_locale":"en_US","og_type":"article","og_title":"Prostat TUR P Ameliyat\u0131 Ankara | Prof. Dr. Berkan RE\u015eORLU","og_description":"TUR-P ameliyat\u0131, prostat dokusunun idrar yolundan rezektoskop denilen \u00f6zel bir alet ile girilerek par\u00e7a par\u00e7a kesilerek d\u0131\u015far\u0131 al\u0131nd\u0131\u011f\u0131 cerrahi y\u00f6ntemdir. G\u00fcn\u00fcm\u00fczde TUR ameliyatlar\u0131nda en \u00e7ok tercih edilen y\u00f6ntem bipolar (Plazma Kinetik) TUR sistemidir.","og_url":"https:\/\/berkanresorlu.com\/en\/tur-p-ameliyati\/","og_site_name":"Prof. Dr. Berkan RE\u015eORLU M.D.","article_publisher":"https:\/\/www.facebook.com\/berkan.resorlu","article_modified_time":"2023-09-06T08:19:18+00:00","og_image":[{"width":533,"height":490,"url":"https:\/\/berkanresorlu.com\/wp-content\/uploads\/2023\/04\/Plazma-kinetik-TUR-P-nedir-ankara.webp","type":"image\/webp"}],"twitter_card":"summary_large_image","twitter_title":"Prostat TUR P Ameliyat\u0131 Ankara | Prof. Dr. Berkan RE\u015eORLU","twitter_description":"TUR-P ameliyat\u0131, prostat dokusunun idrar yolundan rezektoskop denilen \u00f6zel bir alet ile girilerek par\u00e7a par\u00e7a kesilerek d\u0131\u015far\u0131 al\u0131nd\u0131\u011f\u0131 cerrahi y\u00f6ntemdir. G\u00fcn\u00fcm\u00fczde TUR ameliyatlar\u0131nda en \u00e7ok tercih edilen y\u00f6ntem bipolar (Plazma Kinetik) TUR sistemidir.","twitter_image":"https:\/\/berkanresorlu.com\/wp-content\/uploads\/2023\/04\/Plazma-kinetik-TUR-P-nedir-ankara.webp","twitter_site":"@berkanresorlu","twitter_misc":{"Est. reading time":"14 minutes"},"schema":{"@context":"https:\/\/schema.org","@graph":[{"@type":"WebPage","@id":"https:\/\/berkanresorlu.com\/tur-p-ameliyati\/","url":"https:\/\/berkanresorlu.com\/tur-p-ameliyati\/","name":"TUR P Ameliyat\u0131 Fiyat\u0131 Ankara | Prof. Dr. Berkan RE\u015eORLU","isPartOf":{"@id":"https:\/\/berkanresorlu.com\/#website"},"primaryImageOfPage":{"@id":"https:\/\/berkanresorlu.com\/tur-p-ameliyati\/#primaryimage"},"image":{"@id":"https:\/\/berkanresorlu.com\/tur-p-ameliyati\/#primaryimage"},"thumbnailUrl":"https:\/\/berkanresorlu.com\/wp-content\/uploads\/2023\/04\/Plazma-kinetik-TUR-P-nedir-ankara.webp","datePublished":"2019-10-08T14:52:25+00:00","dateModified":"2023-09-06T08:19:18+00:00","description":"TUR P ameliyat\u0131, prostat dokusunun idrar yolundan rezektoskop denilen \u00f6zel bir alet ile girilerek bipolar (Plazma Kinetik) TUR ameliyat\u0131...","breadcrumb":{"@id":"https:\/\/berkanresorlu.com\/tur-p-ameliyati\/#breadcrumb"},"inLanguage":"en-US","potentialAction":[{"@type":"ReadAction","target":["https:\/\/berkanresorlu.com\/tur-p-ameliyati\/"]}]},{"@type":"ImageObject","inLanguage":"en-US","@id":"https:\/\/berkanresorlu.com\/tur-p-ameliyati\/#primaryimage","url":"https:\/\/berkanresorlu.com\/wp-content\/uploads\/2023\/04\/Plazma-kinetik-TUR-P-nedir-ankara.webp","contentUrl":"https:\/\/berkanresorlu.com\/wp-content\/uploads\/2023\/04\/Plazma-kinetik-TUR-P-nedir-ankara.webp","width":533,"height":490,"caption":"Prostat Plazma kinetik TUR P nedir ankara"},{"@type":"BreadcrumbList","@id":"https:\/\/berkanresorlu.com\/tur-p-ameliyati\/#breadcrumb","itemListElement":[{"@type":"ListItem","position":1,"name":"Ana sayfa","item":"https:\/\/berkanresorlu.com\/"},{"@type":"ListItem","position":2,"name":"TUR-P"}]},{"@type":"WebSite","@id":"https:\/\/berkanresorlu.com\/#website","url":"https:\/\/berkanresorlu.com\/","name":"Prof. Dr. Berkan RE\u015eORLU M.D.","description":"Ankara Urology Professor","publisher":{"@id":"https:\/\/berkanresorlu.com\/#organization"},"alternateName":"Berkan Re\u015forlu","potentialAction":[{"@type":"SearchAction","target":{"@type":"EntryPoint","urlTemplate":"https:\/\/berkanresorlu.com\/?s={search_term_string}"},"query-input":{"@type":"PropertyValueSpecification","valueRequired":true,"valueName":"search_term_string"}}],"inLanguage":"en-US"},{"@type":"Organization","@id":"https:\/\/berkanresorlu.com\/#organization","name":"Prof. Dr. Berkan RE\u015eORLU Muayenehanesi \/ \u00dcroloji Doktoru","alternateName":"Ankara \u00dcroloji Profes\u00f6r\u00fc","url":"https:\/\/berkanresorlu.com\/","logo":{"@type":"ImageObject","inLanguage":"en-US","@id":"https:\/\/berkanresorlu.com\/#\/schema\/logo\/image\/","url":"https:\/\/berkanresorlu.com\/wp-content\/uploads\/2023\/03\/prof-dr-berkan-resorlu-logo.jpg","contentUrl":"https:\/\/berkanresorlu.com\/wp-content\/uploads\/2023\/03\/prof-dr-berkan-resorlu-logo.jpg","width":2073,"height":2073,"caption":"Prof. Dr. Berkan RE\u015eORLU Muayenehanesi \/ \u00dcroloji Doktoru"},"image":{"@id":"https:\/\/berkanresorlu.com\/#\/schema\/logo\/image\/"},"sameAs":["https:\/\/www.facebook.com\/berkan.resorlu","https:\/\/x.com\/berkanresorlu","https:\/\/www.instagram.com\/prof.dr.berkanresorlu\/","https:\/\/www.linkedin.com\/in\/berkan-reorlu-217ab9123\/","https:\/\/www.youtube.com\/@prof.dr.berkanresorlu"]}]}},"_links":{"self":[{"href":"https:\/\/berkanresorlu.com\/en\/wp-json\/wp\/v2\/pages\/734","targetHints":{"allow":["GET"]}}],"collection":[{"href":"https:\/\/berkanresorlu.com\/en\/wp-json\/wp\/v2\/pages"}],"about":[{"href":"https:\/\/berkanresorlu.com\/en\/wp-json\/wp\/v2\/types\/page"}],"author":[{"embeddable":true,"href":"https:\/\/berkanresorlu.com\/en\/wp-json\/wp\/v2\/users\/1"}],"replies":[{"embeddable":true,"href":"https:\/\/berkanresorlu.com\/en\/wp-json\/wp\/v2\/comments?post=734"}],"version-history":[{"count":29,"href":"https:\/\/berkanresorlu.com\/en\/wp-json\/wp\/v2\/pages\/734\/revisions"}],"predecessor-version":[{"id":7795,"href":"https:\/\/berkanresorlu.com\/en\/wp-json\/wp\/v2\/pages\/734\/revisions\/7795"}],"wp:featuredmedia":[{"embeddable":true,"href":"https:\/\/berkanresorlu.com\/en\/wp-json\/wp\/v2\/media\/7416"}],"wp:attachment":[{"href":"https:\/\/berkanresorlu.com\/en\/wp-json\/wp\/v2\/media?parent=734"}],"curies":[{"name":"wp","href":"https:\/\/api.w.org\/{rel}","templated":true}]}}