{"id":755,"date":"2019-10-08T17:57:21","date_gmt":"2019-10-08T14:57:21","guid":{"rendered":"http:\/\/berkanresorlu.com\/?page_id=755"},"modified":"2022-11-18T19:01:53","modified_gmt":"2022-11-18T16:01:53","slug":"infertilite-kisirlik","status":"publish","type":"page","link":"https:\/\/berkanresorlu.com\/en\/infertilite-kisirlik\/","title":{"rendered":"INFERTILITY"},"content":{"rendered":"<\/p>\n<\/p>\n<div class=\"row row-collapse\"  id=\"row-253046975\">\n\n\n\t<div id=\"col-26257066\" class=\"col medium-6 small-12 large-6\"  >\n\t\t\t\t<div class=\"col-inner\"  >\n\t\t\t\n\t\t\t\n\n<div class=\"row row-collapse row-full-width align-center\"  id=\"row-2145187580\">\n\n\n\t<div id=\"col-2135884768\" class=\"col medium-6 small-6 large-6\"  >\n\t\t\t\t<div class=\"col-inner\"  >\n\t\t\t\n\t\t\t\n\n\t<div class=\"img has-hover x md-x lg-x y md-y lg-y\" id=\"image_763360472\">\n\t\t\t\t\t\t\t\t<div class=\"img-inner dark\" style=\"margin:5px 5px 5px 5px;\">\n\t\t\t<img decoding=\"async\" width=\"260\" height=\"300\" src=\"https:\/\/berkanresorlu.com\/wp-content\/uploads\/2022\/11\/varikosel-tedavisi-ankara-urolog.jpg\" class=\"attachment-original size-original\" alt=\"Varikosel ameliyat\u0131 Ankara\" \/>\t\t\t\t\t\t\n\t\t\t\t\t<\/div>\n\t\t\t\t\t\t\t\t\n<style>\n#image_763360472 {\n  width: 100%;\n}\n<\/style>\n\t<\/div>\n\t\n\n\n\t\t<\/div>\n\t\t\t\t\n<style>\n#col-2135884768 > .col-inner {\n  margin: 0px 0px 0px 20px;\n}\n<\/style>\n\t<\/div>\n\n\t\n\n\t<div id=\"col-567046265\" class=\"col medium-6 small-6 large-6\"  >\n\t\t\t\t<div class=\"col-inner\"  >\n\t\t\t\n\t\t\t\n\n\n  <div class=\"banner has-hover\" id=\"banner-1801286730\">\n          <div class=\"banner-inner fill\">\n        <div class=\"banner-bg fill\" >\n                                    <div class=\"overlay\"><\/div>            \n\t<div class=\"is-border\"\n\t\tstyle=\"border-color:rgb(255, 255, 255);border-width:5px 5px 5px 5px;\">\n\t<\/div>\n                    <\/div>\n\t\t\n        <div class=\"banner-layers container\">\n            <div class=\"fill banner-link\"><\/div>            \n\n   <div id=\"text-box-1588526470\" class=\"text-box banner-layer x50 md-x50 lg-x50 y50 md-y50 lg-y50 res-text\">\n                                <div class=\"text-box-content text \">\n              \n              <div class=\"text-inner text-center\">\n                  \n\n<h4 class=\"uppercase\"><a href=\"https:\/\/berkanresorlu.com\/en\/varikosel-ameliyati\/\"><span style=\"font-size: 150%;\"><strong>Varicocele<\/strong><\/span><\/a><\/h4>\n\n\n              <\/div>\n           <\/div>\n                            \n<style>\n#text-box-1588526470 {\n  width: 88%;\n}\n#text-box-1588526470 .text-box-content {\n  font-size: 70%;\n}\n@media (min-width:550px) {\n  #text-box-1588526470 {\n    width: 89%;\n  }\n  #text-box-1588526470 .text-box-content {\n    font-size: 80%;\n  }\n}\n@media (min-width:850px) {\n  #text-box-1588526470 .text-box-content {\n    font-size: 100%;\n  }\n}\n<\/style>\n    <\/div>\n \n\n        <\/div>\n      <\/div>\n\n            \n<style>\n#banner-1801286730 {\n  padding-top: 250px;\n}\n#banner-1801286730 .overlay {\n  background-color: rgb(241, 223, 220);\n}\n@media (min-width:850px) {\n  #banner-1801286730 {\n    padding-top: 300px;\n  }\n}\n<\/style>\n  <\/div>\n\n\n\n\t\t<\/div>\n\t\t\t\t\n<style>\n#col-567046265 > .col-inner {\n  margin: 50px 0px 0px -10px;\n}\n@media (min-width:550px) {\n  #col-567046265 > .col-inner {\n    margin: 70px 0px 0px -10px;\n  }\n}\n<\/style>\n\t<\/div>\n\n\t\n\n<\/div>\n\n\t\t<\/div>\n\t\t\t\t\t<\/div>\n\n\t\n\n\t<div id=\"col-1447198830\" class=\"col medium-6 small-12 large-6\"  >\n\t\t\t\t<div class=\"col-inner\"  >\n\t\t\t\n\t\t\t\n\n<div class=\"row row-collapse row-full-width align-center\"  id=\"row-1016229141\">\n\n\n\t<div id=\"col-1342670184\" class=\"col medium-6 small-6 large-6\"  >\n\t\t\t\t<div class=\"col-inner\"  >\n\t\t\t\n\t\t\t\n\n\t<div class=\"img has-hover x md-x lg-x y md-y lg-y\" id=\"image_1419703694\">\n\t\t\t\t\t\t\t\t<div class=\"img-inner dark\" style=\"margin:5px 5px 5px 5px;\">\n\t\t\t<img decoding=\"async\" width=\"260\" height=\"300\" src=\"https:\/\/berkanresorlu.com\/wp-content\/uploads\/2022\/11\/tup-bebek-tedavisi-ankara-urolog.jpg\" class=\"attachment-original size-original\" alt=\"\" \/>\t\t\t\t\t\t\n\t\t\t\t\t<\/div>\n\t\t\t\t\t\t\t\t\n<style>\n#image_1419703694 {\n  width: 100%;\n}\n<\/style>\n\t<\/div>\n\t\n\n\n\t\t<\/div>\n\t\t\t\t\n<style>\n#col-1342670184 > .col-inner {\n  margin: 0px 0px 0px 20px;\n}\n<\/style>\n\t<\/div>\n\n\t\n\n\t<div id=\"col-11212332\" class=\"col medium-6 small-6 large-6\"  >\n\t\t\t\t<div class=\"col-inner\"  >\n\t\t\t\n\t\t\t\n\n\n  <div class=\"banner has-hover\" id=\"banner-1489025253\">\n          <div class=\"banner-inner fill\">\n        <div class=\"banner-bg fill\" >\n                                    <div class=\"overlay\"><\/div>            \n\t<div class=\"is-border\"\n\t\tstyle=\"border-color:rgb(255, 255, 255);border-width:5px 5px 5px 5px;\">\n\t<\/div>\n                    <\/div>\n\t\t\n        <div class=\"banner-layers container\">\n            <div class=\"fill banner-link\"><\/div>            \n\n   <div id=\"text-box-1204475813\" class=\"text-box banner-layer x50 md-x50 lg-x50 y50 md-y50 lg-y50 res-text\">\n                                <div class=\"text-box-content text \">\n              \n              <div class=\"text-inner text-center\">\n                  \n\n<h4 class=\"uppercase\"><a href=\"https:\/\/berkanresorlu.com\/en\/asilama-ve-tup-bebek\/\"><span style=\"font-size: 150%;\"><strong>IUI and IVF<\/strong><\/span><\/a><\/h4>\n\n              <\/div>\n           <\/div>\n                            \n<style>\n#text-box-1204475813 {\n  width: 88%;\n}\n#text-box-1204475813 .text-box-content {\n  font-size: 70%;\n}\n@media (min-width:550px) {\n  #text-box-1204475813 {\n    width: 89%;\n  }\n  #text-box-1204475813 .text-box-content {\n    font-size: 80%;\n  }\n}\n@media (min-width:850px) {\n  #text-box-1204475813 .text-box-content {\n    font-size: 100%;\n  }\n}\n<\/style>\n    <\/div>\n \n\n        <\/div>\n      <\/div>\n\n            \n<style>\n#banner-1489025253 {\n  padding-top: 250px;\n}\n#banner-1489025253 .overlay {\n  background-color: rgb(241, 223, 220);\n}\n@media (min-width:850px) {\n  #banner-1489025253 {\n    padding-top: 300px;\n  }\n}\n<\/style>\n  <\/div>\n\n\n\n\t\t<\/div>\n\t\t\t\t\n<style>\n#col-11212332 > .col-inner {\n  margin: 50px 0px 0px -10px;\n}\n@media (min-width:550px) {\n  #col-11212332 > .col-inner {\n    margin: 70px 0px 0px -10px;\n  }\n}\n<\/style>\n\t<\/div>\n\n\t\n\n<\/div>\n\n\t\t<\/div>\n\t\t\t\t\t<\/div>\n\n\t\n\n<\/div>\n<div class=\"row row-collapse\"  id=\"row-1276371224\">\n\n\n\t<div id=\"col-478956657\" class=\"col medium-6 small-12 large-6\"  >\n\t\t\t\t<div class=\"col-inner\"  >\n\t\t\t\n\t\t\t\n\n<div class=\"row row-collapse row-full-width align-center\"  id=\"row-986757022\">\n\n\n\t<div id=\"col-1197517019\" class=\"col medium-6 small-6 large-6\"  >\n\t\t\t\t<div class=\"col-inner\"  >\n\t\t\t\n\t\t\t\n\n\t<div class=\"img has-hover x md-x lg-x y md-y lg-y\" id=\"image_1107582251\">\n\t\t\t\t\t\t\t\t<div class=\"img-inner dark\" style=\"margin:5px 5px 5px 5px;\">\n\t\t\t<img decoding=\"async\" width=\"260\" height=\"300\" src=\"https:\/\/berkanresorlu.com\/wp-content\/uploads\/2022\/11\/mikro-tese-ankara-urolog.jpg\" class=\"attachment-original size-original\" alt=\"\" \/>\t\t\t\t\t\t\n\t\t\t\t\t<\/div>\n\t\t\t\t\t\t\t\t\n<style>\n#image_1107582251 {\n  width: 100%;\n}\n<\/style>\n\t<\/div>\n\t\n\n\n\t\t<\/div>\n\t\t\t\t\n<style>\n#col-1197517019 > .col-inner {\n  margin: 0px 0px 0px 20px;\n}\n<\/style>\n\t<\/div>\n\n\t\n\n\t<div id=\"col-1985724434\" class=\"col medium-6 small-6 large-6\"  >\n\t\t\t\t<div class=\"col-inner\"  >\n\t\t\t\n\t\t\t\n\n\n  <div class=\"banner has-hover\" id=\"banner-2063771461\">\n          <div class=\"banner-inner fill\">\n        <div class=\"banner-bg fill\" >\n                                    <div class=\"overlay\"><\/div>            \n\t<div class=\"is-border\"\n\t\tstyle=\"border-color:rgb(255, 255, 255);border-width:5px 5px 5px 5px;\">\n\t<\/div>\n                    <\/div>\n\t\t\n        <div class=\"banner-layers container\">\n            <div class=\"fill banner-link\"><\/div>            \n\n   <div id=\"text-box-836354075\" class=\"text-box banner-layer x50 md-x50 lg-x50 y50 md-y50 lg-y50 res-text\">\n                                <div class=\"text-box-content text \">\n              \n              <div class=\"text-inner text-center\">\n                  \n\n<h4 class=\"uppercase\"><a href=\"https:\/\/berkanresorlu.com\/en\/mikro-tese\/\"><span style=\"font-size: 150%;\"><strong>Micro TESE<\/strong><\/span><\/a><\/h4>\n\n              <\/div>\n           <\/div>\n                            \n<style>\n#text-box-836354075 {\n  width: 88%;\n}\n#text-box-836354075 .text-box-content {\n  font-size: 70%;\n}\n@media (min-width:550px) {\n  #text-box-836354075 {\n    width: 89%;\n  }\n  #text-box-836354075 .text-box-content {\n    font-size: 80%;\n  }\n}\n@media (min-width:850px) {\n  #text-box-836354075 .text-box-content {\n    font-size: 100%;\n  }\n}\n<\/style>\n    <\/div>\n \n\n        <\/div>\n      <\/div>\n\n            \n<style>\n#banner-2063771461 {\n  padding-top: 250px;\n}\n#banner-2063771461 .overlay {\n  background-color: rgb(241, 223, 220);\n}\n@media (min-width:850px) {\n  #banner-2063771461 {\n    padding-top: 300px;\n  }\n}\n<\/style>\n  <\/div>\n\n\n\n\t\t<\/div>\n\t\t\t\t\n<style>\n#col-1985724434 > .col-inner {\n  margin: 50px 0px 0px -10px;\n}\n@media (min-width:550px) {\n  #col-1985724434 > .col-inner {\n    margin: 70px 0px 0px -10px;\n  }\n}\n<\/style>\n\t<\/div>\n\n\t\n\n<\/div>\n\n\t\t<\/div>\n\t\t\t\t\t<\/div>\n\n\t\n\n<\/div>\n<p>\n<p>\n","protected":false},"excerpt":{"rendered":"","protected":false},"author":1,"featured_media":0,"parent":0,"menu_order":0,"comment_status":"closed","ping_status":"closed","template":"page-blank-title-center.php","meta":{"footnotes":""},"class_list":["post-755","page","type-page","status-publish","hentry"],"yoast_head":"<!-- This site is optimized with the Yoast SEO plugin v27.3 - https:\/\/yoast.com\/product\/yoast-seo-wordpress\/ -->\n<title>INFERTILITY<\/title>\n<meta name=\"description\" content=\"INFERTILITY\" \/>\n<meta name=\"robots\" content=\"index, follow, max-snippet:-1, max-image-preview:large, max-video-preview:-1\" \/>\n<link rel=\"canonical\" href=\"https:\/\/berkanresorlu.com\/en\/infertilite-kisirlik\/\" \/>\n<meta property=\"og:locale\" content=\"en_US\" \/>\n<meta property=\"og:locale:alternate\" content=\"tr_TR\" \/>\n<meta property=\"og:type\" content=\"article\" \/>\n<meta property=\"og:title\" content=\"INFERTILITY\" \/>\n<meta property=\"og:description\" content=\"INFERTILITY\" \/>\n<meta property=\"og:url\" content=\"https:\/\/berkanresorlu.com\/en\/infertilite-kisirlik\/\" \/>\n<meta property=\"og:site_name\" content=\"Prof. Dr. Berkan RE\u015eORLU M.D.\" \/>\n<meta property=\"article:publisher\" content=\"https:\/\/www.facebook.com\/berkan.resorlu\" \/>\n<meta property=\"article:modified_time\" content=\"2022-11-18T16:01:53+00:00\" \/>\n<meta property=\"og:image\" content=\"https:\/\/berkanresorlu.com\/wp-content\/uploads\/2020\/01\/Doc\u0327-Doktor-Berkan-Res\u0327orlu-Ankara-U\u0308roloji.jpg\" \/>\n\t<meta property=\"og:image:width\" content=\"1000\" \/>\n\t<meta property=\"og:image:height\" content=\"562\" \/>\n\t<meta property=\"og:image:type\" content=\"image\/jpeg\" \/>\n<meta name=\"twitter:card\" content=\"summary_large_image\" \/>\n<meta name=\"twitter:site\" content=\"@berkanresorlu\" \/>\n<meta name=\"twitter:label1\" content=\"Est. reading time\" \/>\n\t<meta name=\"twitter:data1\" content=\"2 minutes\" \/>\n<script type=\"application\/ld+json\" class=\"yoast-schema-graph\">{\"@context\":\"https:\\\/\\\/schema.org\",\"@graph\":[{\"@type\":\"WebPage\",\"@id\":\"https:\\\/\\\/berkanresorlu.com\\\/infertilite-kisirlik\\\/\",\"url\":\"https:\\\/\\\/berkanresorlu.com\\\/infertilite-kisirlik\\\/\",\"name\":\"INFERTILITY\",\"isPartOf\":{\"@id\":\"https:\\\/\\\/berkanresorlu.com\\\/#website\"},\"datePublished\":\"2019-10-08T14:57:21+00:00\",\"dateModified\":\"2022-11-18T16:01:53+00:00\",\"description\":\"INFERTILITY\",\"breadcrumb\":{\"@id\":\"https:\\\/\\\/berkanresorlu.com\\\/infertilite-kisirlik\\\/#breadcrumb\"},\"inLanguage\":\"en-US\",\"potentialAction\":[{\"@type\":\"ReadAction\",\"target\":[\"https:\\\/\\\/berkanresorlu.com\\\/infertilite-kisirlik\\\/\"]}]},{\"@type\":\"BreadcrumbList\",\"@id\":\"https:\\\/\\\/berkanresorlu.com\\\/infertilite-kisirlik\\\/#breadcrumb\",\"itemListElement\":[{\"@type\":\"ListItem\",\"position\":1,\"name\":\"Ana sayfa\",\"item\":\"https:\\\/\\\/berkanresorlu.com\\\/\"},{\"@type\":\"ListItem\",\"position\":2,\"name\":\"\u0130NFERT\u0130L\u0130TE (KISIRLIK)\"}]},{\"@type\":\"WebSite\",\"@id\":\"https:\\\/\\\/berkanresorlu.com\\\/#website\",\"url\":\"https:\\\/\\\/berkanresorlu.com\\\/\",\"name\":\"Prof. Dr. Berkan RE\u015eORLU M.D.\",\"description\":\"Ankara Urology Professor\",\"publisher\":{\"@id\":\"https:\\\/\\\/berkanresorlu.com\\\/#organization\"},\"alternateName\":\"Berkan Re\u015forlu\",\"potentialAction\":[{\"@type\":\"SearchAction\",\"target\":{\"@type\":\"EntryPoint\",\"urlTemplate\":\"https:\\\/\\\/berkanresorlu.com\\\/?s={search_term_string}\"},\"query-input\":{\"@type\":\"PropertyValueSpecification\",\"valueRequired\":true,\"valueName\":\"search_term_string\"}}],\"inLanguage\":\"en-US\"},{\"@type\":\"Organization\",\"@id\":\"https:\\\/\\\/berkanresorlu.com\\\/#organization\",\"name\":\"Prof. Dr. Berkan RE\u015eORLU Muayenehanesi \\\/ \u00dcroloji Doktoru\",\"alternateName\":\"Ankara \u00dcroloji Profes\u00f6r\u00fc\",\"url\":\"https:\\\/\\\/berkanresorlu.com\\\/\",\"logo\":{\"@type\":\"ImageObject\",\"inLanguage\":\"en-US\",\"@id\":\"https:\\\/\\\/berkanresorlu.com\\\/#\\\/schema\\\/logo\\\/image\\\/\",\"url\":\"https:\\\/\\\/berkanresorlu.com\\\/wp-content\\\/uploads\\\/2023\\\/03\\\/prof-dr-berkan-resorlu-logo.jpg\",\"contentUrl\":\"https:\\\/\\\/berkanresorlu.com\\\/wp-content\\\/uploads\\\/2023\\\/03\\\/prof-dr-berkan-resorlu-logo.jpg\",\"width\":2073,\"height\":2073,\"caption\":\"Prof. Dr. Berkan RE\u015eORLU Muayenehanesi \\\/ \u00dcroloji Doktoru\"},\"image\":{\"@id\":\"https:\\\/\\\/berkanresorlu.com\\\/#\\\/schema\\\/logo\\\/image\\\/\"},\"sameAs\":[\"https:\\\/\\\/www.facebook.com\\\/berkan.resorlu\",\"https:\\\/\\\/x.com\\\/berkanresorlu\",\"https:\\\/\\\/www.instagram.com\\\/prof.dr.berkanresorlu\\\/\",\"https:\\\/\\\/www.linkedin.com\\\/in\\\/berkan-reorlu-217ab9123\\\/\",\"https:\\\/\\\/www.youtube.com\\\/@prof.dr.berkanresorlu\"]}]}<\/script>\n<!-- \/ Yoast SEO plugin. -->","yoast_head_json":{"title":"INFERTILITY","description":"[:tr]\u0130NFERT\u0130L\u0130TE (KISIRLIK)[:en]INFERTILITY[:ar]\u0639\u062f\u0645 \u0627\u0644\u0625\u0646\u062c\u0627\u0628 (\u0627\u0644\u0639\u0642\u0645)[:]","robots":{"index":"index","follow":"follow","max-snippet":"max-snippet:-1","max-image-preview":"max-image-preview:large","max-video-preview":"max-video-preview:-1"},"canonical":"https:\/\/berkanresorlu.com\/en\/infertilite-kisirlik\/","og_locale":"en_US","og_type":"article","og_title":"[:tr]\u0130NFERT\u0130L\u0130TE (KISIRLIK)[:en]INFERTILITY[:ar]\u0639\u062f\u0645 \u0627\u0644\u0625\u0646\u062c\u0627\u0628 (\u0627\u0644\u0639\u0642\u0645)[:] | Prof. Dr. Berkan RE\u015eORLU M.D.","og_description":"[:tr]\u0130NFERT\u0130L\u0130TE (KISIRLIK)[:en]INFERTILITY[:ar]\u0639\u062f\u0645 \u0627\u0644\u0625\u0646\u062c\u0627\u0628 (\u0627\u0644\u0639\u0642\u0645)[:]","og_url":"https:\/\/berkanresorlu.com\/en\/infertilite-kisirlik\/","og_site_name":"Prof. Dr. Berkan RE\u015eORLU M.D.","article_publisher":"https:\/\/www.facebook.com\/berkan.resorlu","article_modified_time":"2022-11-18T16:01:53+00:00","og_image":[{"width":1000,"height":562,"url":"https:\/\/berkanresorlu.com\/wp-content\/uploads\/2020\/01\/Doc\u0327-Doktor-Berkan-Res\u0327orlu-Ankara-U\u0308roloji.jpg","type":"image\/jpeg"}],"twitter_card":"summary_large_image","twitter_site":"@berkanresorlu","twitter_misc":{"Est. reading time":"2 minutes"},"schema":{"@context":"https:\/\/schema.org","@graph":[{"@type":"WebPage","@id":"https:\/\/berkanresorlu.com\/infertilite-kisirlik\/","url":"https:\/\/berkanresorlu.com\/infertilite-kisirlik\/","name":"INFERTILITY","isPartOf":{"@id":"https:\/\/berkanresorlu.com\/#website"},"datePublished":"2019-10-08T14:57:21+00:00","dateModified":"2022-11-18T16:01:53+00:00","description":"INFERTILITY","breadcrumb":{"@id":"https:\/\/berkanresorlu.com\/infertilite-kisirlik\/#breadcrumb"},"inLanguage":"en-US","potentialAction":[{"@type":"ReadAction","target":["https:\/\/berkanresorlu.com\/infertilite-kisirlik\/"]}]},{"@type":"BreadcrumbList","@id":"https:\/\/berkanresorlu.com\/infertilite-kisirlik\/#breadcrumb","itemListElement":[{"@type":"ListItem","position":1,"name":"Ana sayfa","item":"https:\/\/berkanresorlu.com\/"},{"@type":"ListItem","position":2,"name":"\u0130NFERT\u0130L\u0130TE (KISIRLIK)"}]},{"@type":"WebSite","@id":"https:\/\/berkanresorlu.com\/#website","url":"https:\/\/berkanresorlu.com\/","name":"Prof. Dr. Berkan RE\u015eORLU M.D.","description":"Ankara Urology Professor","publisher":{"@id":"https:\/\/berkanresorlu.com\/#organization"},"alternateName":"Berkan Re\u015forlu","potentialAction":[{"@type":"SearchAction","target":{"@type":"EntryPoint","urlTemplate":"https:\/\/berkanresorlu.com\/?s={search_term_string}"},"query-input":{"@type":"PropertyValueSpecification","valueRequired":true,"valueName":"search_term_string"}}],"inLanguage":"en-US"},{"@type":"Organization","@id":"https:\/\/berkanresorlu.com\/#organization","name":"Prof. Dr. Berkan RE\u015eORLU Muayenehanesi \/ \u00dcroloji Doktoru","alternateName":"Ankara \u00dcroloji Profes\u00f6r\u00fc","url":"https:\/\/berkanresorlu.com\/","logo":{"@type":"ImageObject","inLanguage":"en-US","@id":"https:\/\/berkanresorlu.com\/#\/schema\/logo\/image\/","url":"https:\/\/berkanresorlu.com\/wp-content\/uploads\/2023\/03\/prof-dr-berkan-resorlu-logo.jpg","contentUrl":"https:\/\/berkanresorlu.com\/wp-content\/uploads\/2023\/03\/prof-dr-berkan-resorlu-logo.jpg","width":2073,"height":2073,"caption":"Prof. Dr. Berkan RE\u015eORLU Muayenehanesi \/ \u00dcroloji Doktoru"},"image":{"@id":"https:\/\/berkanresorlu.com\/#\/schema\/logo\/image\/"},"sameAs":["https:\/\/www.facebook.com\/berkan.resorlu","https:\/\/x.com\/berkanresorlu","https:\/\/www.instagram.com\/prof.dr.berkanresorlu\/","https:\/\/www.linkedin.com\/in\/berkan-reorlu-217ab9123\/","https:\/\/www.youtube.com\/@prof.dr.berkanresorlu"]}]}},"_links":{"self":[{"href":"https:\/\/berkanresorlu.com\/en\/wp-json\/wp\/v2\/pages\/755","targetHints":{"allow":["GET"]}}],"collection":[{"href":"https:\/\/berkanresorlu.com\/en\/wp-json\/wp\/v2\/pages"}],"about":[{"href":"https:\/\/berkanresorlu.com\/en\/wp-json\/wp\/v2\/types\/page"}],"author":[{"embeddable":true,"href":"https:\/\/berkanresorlu.com\/en\/wp-json\/wp\/v2\/users\/1"}],"replies":[{"embeddable":true,"href":"https:\/\/berkanresorlu.com\/en\/wp-json\/wp\/v2\/comments?post=755"}],"version-history":[{"count":5,"href":"https:\/\/berkanresorlu.com\/en\/wp-json\/wp\/v2\/pages\/755\/revisions"}],"predecessor-version":[{"id":6092,"href":"https:\/\/berkanresorlu.com\/en\/wp-json\/wp\/v2\/pages\/755\/revisions\/6092"}],"wp:attachment":[{"href":"https:\/\/berkanresorlu.com\/en\/wp-json\/wp\/v2\/media?parent=755"}],"curies":[{"name":"wp","href":"https:\/\/api.w.org\/{rel}","templated":true}]}}