{"id":768,"date":"2019-10-08T17:59:26","date_gmt":"2019-10-08T14:59:26","guid":{"rendered":"http:\/\/berkanresorlu.com\/?page_id=768"},"modified":"2025-01-01T11:25:48","modified_gmt":"2025-01-01T08:25:48","slug":"erken-bosalma","status":"publish","type":"page","link":"https:\/\/berkanresorlu.com\/en\/erken-bosalma\/","title":{"rendered":"Premature Ejaculation"},"content":{"rendered":"<\/p>\n<div class=\"row\"  id=\"row-196613640\">\n\n\t<div id=\"col-874280158\" class=\"col small-12 large-12\"  >\n\t\t\t\t<div class=\"col-inner\"  >\n\t\t\t\n\t\t\t\n<div class=\"slider-wrapper relative\" id=\"slider-1956699349\" >\n    <div class=\"slider slider-nav-circle slider-nav-large slider-nav-light slider-style-normal\"\n        data-flickity-options='{\n            \"cellAlign\": \"center\",\n            \"imagesLoaded\": true,\n            \"lazyLoad\": 1,\n            \"freeScroll\": false,\n            \"wrapAround\": false,\n            \"autoPlay\": 6000,\n            \"pauseAutoPlayOnHover\" : true,\n            \"prevNextButtons\": false,\n            \"contain\" : true,\n            \"adaptiveHeight\" : true,\n            \"dragThreshold\" : 10,\n            \"percentPosition\": true,\n            \"pageDots\": false,\n            \"rightToLeft\": false,\n            \"draggable\": false,\n            \"selectedAttraction\": 0.1,\n            \"parallax\" : 0,\n            \"friction\": 0.6        }'\n        >\n        \n\n  <div class=\"banner has-hover bg-zoom\" id=\"banner-561546721\">\n          <div class=\"banner-inner fill\">\n        <div class=\"banner-bg fill\" >\n            <img decoding=\"async\" width=\"1048\" height=\"350\" src=\"https:\/\/berkanresorlu.com\/wp-content\/uploads\/2020\/04\/Erken-bos\u0327alma-tedavisi-ankara.jpg\" class=\"bg attachment-original size-original\" alt=\"\" \/>                                    \n                    <\/div>\n\t\t\n        <div class=\"banner-layers container\">\n            <div class=\"fill banner-link\"><\/div>            \n        <\/div>\n      <\/div>\n\n            \n<style>\n#banner-561546721 {\n  padding-top: 350px;\n  background-color: rgb(255, 255, 255);\n}\n#banner-561546721 .banner-bg img {\n  object-position: 63% 53%;\n}\n<\/style>\n  <\/div>\n\n\n     <\/div>\n\n     <div class=\"loading-spin dark large centered\"><\/div>\n\n\t<\/div>\n\n\n\t\t<\/div>\n\t\t\t\t\t<\/div>\n\n\t\n\n\t<div id=\"col-48432098\" class=\"col small-12 large-12\"  >\n\t\t\t\t<div class=\"col-inner\"  >\n\t\t\t\n\t\t\t\n<p>It is the most common sexual dysfunction in men and it is seen in 1 out of every 5 men. By definition, it is defined as the unintentional ejaculation of the penis before or immediately after the insertion of the penis into the vagina with a limited sexual stimulation and this event causes significant distress for the person. Although there is no medical time interval that can define premature ejaculation, this period is accepted by many doctors as the occurrence of ejaculation within 1 minute after sexual intercourse.<\/p>\n<p><strong>Causes of Premature Ejaculation<\/strong><\/p>\n<p>The reasons for premature ejaculation are not fully known. But there is often an underlying psychological stressor such as depression or anxiety. More rarely, it may have an underlying physical cause: hormonal problems, urological diseases, urogenital infections, and injuries. Premature ejaculation problem is observed more frequently in men who do not engage in sexual activity for a long time or who have a new partner. Many men learn to prolong ejaculation as they get older and gain sexual experience.<\/p>\n<p><strong>How is the Diagnosis Made?<\/strong><\/p>\n<p>EThe basis for the diagnosis of premature ejaculation is a doctor-patient interview and a detailed anamnesis. If there are physical problems such as underlying hormonal problems, urogenital infections, erectile dysfunction that cause premature ejaculation, research and examinations are made for them. Ejaculation time can be asked to the patient. The patient&#8217;s complaints can be evaluated more objectively with various questionnaire forms.<\/p>\n<p><strong>Treatment of Premature Ejaculation<\/strong><\/p>\n<p>If premature ejaculation is caused by another disease (such as chronic prostatitis or hypothyroidism), treating this disease will have positive effects on the problem of premature ejaculation.<\/p>\n<p><strong>Behavioral and Cognitive Treatments:<\/strong> The most commonly used behavioral techniques are &#8220;squeezing&#8221; with &#8220;stop &#8211; start&#8221; technique. These maneuvers aim to reduce the stimulation of the penis and thus delay ejaculation. The tightening technique, on the other hand, is to stop the relationship when ejaculation is felt during the intercourse, and the squeezing of the tip of the penis until the feeling of ejaculation passes, thus delaying ejaculation. Again, masturbation before sexual intercourse is a technique used by many young men. The decrease in the sensitivity of the penis after masturbation causes the ejaculation to be delayed after the recovery period<\/p>\n<p><strong>Exercise and Sports:<\/strong> Kegel exercises that work the pelvic floor muscles are also used in the treatment of premature ejaculation. During sexual intercourse, when the person feels that he will ejaculate, he will be able to contract the muscles of the bladder neck and control the ejaculation by contracting the muscles in this area.<\/p>\n<p><strong>Local Anesthetic Creams and Gels:<\/strong> Local anesthetic creams and gels defined as topical agents can prevent premature ejaculation. The most important advantage of these drugs is that they do not have systemic side effects. However, topical agents can reduce the pleasure from intercourse and the feeling of orgasm in men and women.<\/p>\n<p><strong>Medication:<\/strong> Oral medications are among the most preferred methods in the treatment of premature ejaculation.\u00a0 However, the necessity of daily use and having some systemic side effects reduce the preference rates. A new form of the same type, is used only before intercourse (1-3 hours before the intercourse). Since it does not require daily use and does not have systemic side effects, patient satisfaction is very high in treatment with this drug.<\/p>\n<p><strong>NOTE:<\/strong> The content of the page is for informational purposes only, please consult your doctor for diagnosis and treatment.<\/p>\n\t\t<\/div>\n\t\t\t\t\t<\/div>\n\n\t\n<\/div>\n<p>\n","protected":false},"excerpt":{"rendered":"","protected":false},"author":1,"featured_media":6863,"parent":0,"menu_order":0,"comment_status":"open","ping_status":"closed","template":"page-blank-title-center.php","meta":{"footnotes":""},"class_list":["post-768","page","type-page","status-publish","has-post-thumbnail","hentry"],"yoast_head":"<!-- This site is optimized with the Yoast SEO plugin v27.5 - https:\/\/yoast.com\/product\/yoast-seo-wordpress\/ -->\n<title>Erken Bo\u015falma Sorunu Tedavisi Ankara | Prof. Dr. Berkan Re\u015forlu<\/title>\n<meta name=\"description\" content=\"Erken bo\u015falma ya da premat\u00fcr ejak\u00fclasyon tan\u0131m olarak penisin vajinaya girmesinden \u00f6nce ya da hemen sonra, ki\u015finin istemi olmaks\u0131z\u0131n, cinsel\" \/>\n<meta name=\"robots\" content=\"index, follow, max-snippet:-1, max-image-preview:large, max-video-preview:-1\" \/>\n<link rel=\"canonical\" href=\"https:\/\/berkanresorlu.com\/en\/erken-bosalma\/\" \/>\n<meta property=\"og:locale\" content=\"en_US\" \/>\n<meta property=\"og:locale:alternate\" content=\"tr_TR\" \/>\n<meta property=\"og:type\" content=\"article\" \/>\n<meta property=\"og:title\" content=\"Erken Bo\u015falma Sorunu Tedavisi Ankara | Prof. Dr. Berkan Re\u015forlu\" \/>\n<meta property=\"og:description\" content=\"Erken bo\u015falma ya da premat\u00fcr ejak\u00fclasyon tan\u0131m olarak penisin vajinaya girmesinden \u00f6nce ya da hemen sonra, ki\u015finin istemi olmaks\u0131z\u0131n, s\u0131n\u0131rl\u0131 bir cinsel uyar\u0131yla bo\u015falmas\u0131 ve bu olay\u0131n ki\u015fide belirgin bir s\u0131k\u0131nt\u0131ya sebep olmas\u0131 durumu olarak tan\u0131mlan\u0131r.\" \/>\n<meta property=\"og:url\" content=\"https:\/\/berkanresorlu.com\/en\/erken-bosalma\/\" \/>\n<meta property=\"og:site_name\" content=\"Prof. Dr. Berkan RE\u015eORLU M.D.\" \/>\n<meta property=\"article:publisher\" content=\"https:\/\/www.facebook.com\/berkan.resorlu\" \/>\n<meta property=\"article:modified_time\" content=\"2025-01-01T08:25:48+00:00\" \/>\n<meta property=\"og:image\" content=\"https:\/\/berkanresorlu.com\/wp-content\/uploads\/2023\/02\/erken-bosalma-tedavisi-ankara.webp\" \/>\n\t<meta property=\"og:image:width\" content=\"1000\" \/>\n\t<meta property=\"og:image:height\" content=\"500\" \/>\n\t<meta property=\"og:image:type\" content=\"image\/webp\" \/>\n<meta name=\"twitter:card\" content=\"summary_large_image\" \/>\n<meta name=\"twitter:title\" content=\"Erken Bo\u015falma Sorunu Tedavisi Ankara | Prof. Dr. Berkan Re\u015forlu\" \/>\n<meta name=\"twitter:description\" content=\"Erken bo\u015falma ya da premat\u00fcr ejak\u00fclasyon tan\u0131m olarak penisin vajinaya girmesinden \u00f6nce ya da hemen sonra, ki\u015finin istemi olmaks\u0131z\u0131n, s\u0131n\u0131rl\u0131 bir cinsel uyar\u0131yla bo\u015falmas\u0131 ve bu olay\u0131n ki\u015fide belirgin bir s\u0131k\u0131nt\u0131ya sebep olmas\u0131 durumu olarak tan\u0131mlan\u0131r.\" \/>\n<meta name=\"twitter:image\" content=\"https:\/\/berkanresorlu.com\/wp-content\/uploads\/2023\/02\/erken-bosalma-tedavisi-ankara.webp\" \/>\n<meta name=\"twitter:site\" content=\"@berkanresorlu\" \/>\n<meta name=\"twitter:label1\" content=\"Est. reading time\" \/>\n\t<meta name=\"twitter:data1\" content=\"22 minutes\" \/>\n<script type=\"application\/ld+json\" class=\"yoast-schema-graph\">{\"@context\":\"https:\\\/\\\/schema.org\",\"@graph\":[{\"@type\":\"WebPage\",\"@id\":\"https:\\\/\\\/berkanresorlu.com\\\/erken-bosalma\\\/\",\"url\":\"https:\\\/\\\/berkanresorlu.com\\\/erken-bosalma\\\/\",\"name\":\"Erken Bo\u015falma Sorunu Tedavisi Ankara | Prof. Dr. Berkan Re\u015forlu\",\"isPartOf\":{\"@id\":\"https:\\\/\\\/berkanresorlu.com\\\/#website\"},\"primaryImageOfPage\":{\"@id\":\"https:\\\/\\\/berkanresorlu.com\\\/erken-bosalma\\\/#primaryimage\"},\"image\":{\"@id\":\"https:\\\/\\\/berkanresorlu.com\\\/erken-bosalma\\\/#primaryimage\"},\"thumbnailUrl\":\"https:\\\/\\\/berkanresorlu.com\\\/wp-content\\\/uploads\\\/2023\\\/02\\\/erken-bosalma-tedavisi-ankara.webp\",\"datePublished\":\"2019-10-08T14:59:26+00:00\",\"dateModified\":\"2025-01-01T08:25:48+00:00\",\"description\":\"Erken bo\u015falma ya da premat\u00fcr ejak\u00fclasyon tan\u0131m olarak penisin vajinaya girmesinden \u00f6nce ya da hemen sonra, ki\u015finin istemi olmaks\u0131z\u0131n, cinsel\",\"breadcrumb\":{\"@id\":\"https:\\\/\\\/berkanresorlu.com\\\/erken-bosalma\\\/#breadcrumb\"},\"inLanguage\":\"en-US\",\"potentialAction\":[{\"@type\":\"ReadAction\",\"target\":[\"https:\\\/\\\/berkanresorlu.com\\\/erken-bosalma\\\/\"]}]},{\"@type\":\"ImageObject\",\"inLanguage\":\"en-US\",\"@id\":\"https:\\\/\\\/berkanresorlu.com\\\/erken-bosalma\\\/#primaryimage\",\"url\":\"https:\\\/\\\/berkanresorlu.com\\\/wp-content\\\/uploads\\\/2023\\\/02\\\/erken-bosalma-tedavisi-ankara.webp\",\"contentUrl\":\"https:\\\/\\\/berkanresorlu.com\\\/wp-content\\\/uploads\\\/2023\\\/02\\\/erken-bosalma-tedavisi-ankara.webp\",\"width\":1000,\"height\":500,\"caption\":\"erken bo\u015falma tedavisi ankara\"},{\"@type\":\"BreadcrumbList\",\"@id\":\"https:\\\/\\\/berkanresorlu.com\\\/erken-bosalma\\\/#breadcrumb\",\"itemListElement\":[{\"@type\":\"ListItem\",\"position\":1,\"name\":\"Ana sayfa\",\"item\":\"https:\\\/\\\/berkanresorlu.com\\\/\"},{\"@type\":\"ListItem\",\"position\":2,\"name\":\"Erken Bo\u015falma\"}]},{\"@type\":\"WebSite\",\"@id\":\"https:\\\/\\\/berkanresorlu.com\\\/#website\",\"url\":\"https:\\\/\\\/berkanresorlu.com\\\/\",\"name\":\"Prof. Dr. Berkan RE\u015eORLU M.D.\",\"description\":\"Ankara Urology Professor\",\"publisher\":{\"@id\":\"https:\\\/\\\/berkanresorlu.com\\\/#organization\"},\"alternateName\":\"Berkan Re\u015forlu\",\"potentialAction\":[{\"@type\":\"SearchAction\",\"target\":{\"@type\":\"EntryPoint\",\"urlTemplate\":\"https:\\\/\\\/berkanresorlu.com\\\/?s={search_term_string}\"},\"query-input\":{\"@type\":\"PropertyValueSpecification\",\"valueRequired\":true,\"valueName\":\"search_term_string\"}}],\"inLanguage\":\"en-US\"},{\"@type\":\"Organization\",\"@id\":\"https:\\\/\\\/berkanresorlu.com\\\/#organization\",\"name\":\"Prof. Dr. Berkan RE\u015eORLU Muayenehanesi \\\/ \u00dcroloji Doktoru\",\"alternateName\":\"Ankara \u00dcroloji Profes\u00f6r\u00fc\",\"url\":\"https:\\\/\\\/berkanresorlu.com\\\/\",\"logo\":{\"@type\":\"ImageObject\",\"inLanguage\":\"en-US\",\"@id\":\"https:\\\/\\\/berkanresorlu.com\\\/#\\\/schema\\\/logo\\\/image\\\/\",\"url\":\"https:\\\/\\\/berkanresorlu.com\\\/wp-content\\\/uploads\\\/2023\\\/03\\\/prof-dr-berkan-resorlu-logo.jpg\",\"contentUrl\":\"https:\\\/\\\/berkanresorlu.com\\\/wp-content\\\/uploads\\\/2023\\\/03\\\/prof-dr-berkan-resorlu-logo.jpg\",\"width\":2073,\"height\":2073,\"caption\":\"Prof. Dr. Berkan RE\u015eORLU Muayenehanesi \\\/ \u00dcroloji Doktoru\"},\"image\":{\"@id\":\"https:\\\/\\\/berkanresorlu.com\\\/#\\\/schema\\\/logo\\\/image\\\/\"},\"sameAs\":[\"https:\\\/\\\/www.facebook.com\\\/berkan.resorlu\",\"https:\\\/\\\/x.com\\\/berkanresorlu\",\"https:\\\/\\\/www.instagram.com\\\/prof.dr.berkanresorlu\\\/\",\"https:\\\/\\\/www.linkedin.com\\\/in\\\/berkan-reorlu-217ab9123\\\/\",\"https:\\\/\\\/www.youtube.com\\\/@prof.dr.berkanresorlu\"]}]}<\/script>\n<!-- \/ Yoast SEO plugin. -->","yoast_head_json":{"title":"Erken Bo\u015falma Sorunu Tedavisi Ankara | Prof. Dr. Berkan Re\u015forlu","description":"Erken bo\u015falma ya da premat\u00fcr ejak\u00fclasyon tan\u0131m olarak penisin vajinaya girmesinden \u00f6nce ya da hemen sonra, ki\u015finin istemi olmaks\u0131z\u0131n, cinsel","robots":{"index":"index","follow":"follow","max-snippet":"max-snippet:-1","max-image-preview":"max-image-preview:large","max-video-preview":"max-video-preview:-1"},"canonical":"https:\/\/berkanresorlu.com\/en\/erken-bosalma\/","og_locale":"en_US","og_type":"article","og_title":"Erken Bo\u015falma Sorunu Tedavisi Ankara | Prof. Dr. Berkan Re\u015forlu","og_description":"Erken bo\u015falma ya da premat\u00fcr ejak\u00fclasyon tan\u0131m olarak penisin vajinaya girmesinden \u00f6nce ya da hemen sonra, ki\u015finin istemi olmaks\u0131z\u0131n, s\u0131n\u0131rl\u0131 bir cinsel uyar\u0131yla bo\u015falmas\u0131 ve bu olay\u0131n ki\u015fide belirgin bir s\u0131k\u0131nt\u0131ya sebep olmas\u0131 durumu olarak tan\u0131mlan\u0131r.","og_url":"https:\/\/berkanresorlu.com\/en\/erken-bosalma\/","og_site_name":"Prof. Dr. Berkan RE\u015eORLU M.D.","article_publisher":"https:\/\/www.facebook.com\/berkan.resorlu","article_modified_time":"2025-01-01T08:25:48+00:00","og_image":[{"width":1000,"height":500,"url":"https:\/\/berkanresorlu.com\/wp-content\/uploads\/2023\/02\/erken-bosalma-tedavisi-ankara.webp","type":"image\/webp"}],"twitter_card":"summary_large_image","twitter_title":"Erken Bo\u015falma Sorunu Tedavisi Ankara | Prof. Dr. Berkan Re\u015forlu","twitter_description":"Erken bo\u015falma ya da premat\u00fcr ejak\u00fclasyon tan\u0131m olarak penisin vajinaya girmesinden \u00f6nce ya da hemen sonra, ki\u015finin istemi olmaks\u0131z\u0131n, s\u0131n\u0131rl\u0131 bir cinsel uyar\u0131yla bo\u015falmas\u0131 ve bu olay\u0131n ki\u015fide belirgin bir s\u0131k\u0131nt\u0131ya sebep olmas\u0131 durumu olarak tan\u0131mlan\u0131r.","twitter_image":"https:\/\/berkanresorlu.com\/wp-content\/uploads\/2023\/02\/erken-bosalma-tedavisi-ankara.webp","twitter_site":"@berkanresorlu","twitter_misc":{"Est. reading time":"22 minutes"},"schema":{"@context":"https:\/\/schema.org","@graph":[{"@type":"WebPage","@id":"https:\/\/berkanresorlu.com\/erken-bosalma\/","url":"https:\/\/berkanresorlu.com\/erken-bosalma\/","name":"Erken Bo\u015falma Sorunu Tedavisi Ankara | Prof. Dr. Berkan Re\u015forlu","isPartOf":{"@id":"https:\/\/berkanresorlu.com\/#website"},"primaryImageOfPage":{"@id":"https:\/\/berkanresorlu.com\/erken-bosalma\/#primaryimage"},"image":{"@id":"https:\/\/berkanresorlu.com\/erken-bosalma\/#primaryimage"},"thumbnailUrl":"https:\/\/berkanresorlu.com\/wp-content\/uploads\/2023\/02\/erken-bosalma-tedavisi-ankara.webp","datePublished":"2019-10-08T14:59:26+00:00","dateModified":"2025-01-01T08:25:48+00:00","description":"Erken bo\u015falma ya da premat\u00fcr ejak\u00fclasyon tan\u0131m olarak penisin vajinaya girmesinden \u00f6nce ya da hemen sonra, ki\u015finin istemi olmaks\u0131z\u0131n, cinsel","breadcrumb":{"@id":"https:\/\/berkanresorlu.com\/erken-bosalma\/#breadcrumb"},"inLanguage":"en-US","potentialAction":[{"@type":"ReadAction","target":["https:\/\/berkanresorlu.com\/erken-bosalma\/"]}]},{"@type":"ImageObject","inLanguage":"en-US","@id":"https:\/\/berkanresorlu.com\/erken-bosalma\/#primaryimage","url":"https:\/\/berkanresorlu.com\/wp-content\/uploads\/2023\/02\/erken-bosalma-tedavisi-ankara.webp","contentUrl":"https:\/\/berkanresorlu.com\/wp-content\/uploads\/2023\/02\/erken-bosalma-tedavisi-ankara.webp","width":1000,"height":500,"caption":"erken bo\u015falma tedavisi ankara"},{"@type":"BreadcrumbList","@id":"https:\/\/berkanresorlu.com\/erken-bosalma\/#breadcrumb","itemListElement":[{"@type":"ListItem","position":1,"name":"Ana sayfa","item":"https:\/\/berkanresorlu.com\/"},{"@type":"ListItem","position":2,"name":"Erken Bo\u015falma"}]},{"@type":"WebSite","@id":"https:\/\/berkanresorlu.com\/#website","url":"https:\/\/berkanresorlu.com\/","name":"Prof. Dr. Berkan RE\u015eORLU M.D.","description":"Ankara Urology Professor","publisher":{"@id":"https:\/\/berkanresorlu.com\/#organization"},"alternateName":"Berkan Re\u015forlu","potentialAction":[{"@type":"SearchAction","target":{"@type":"EntryPoint","urlTemplate":"https:\/\/berkanresorlu.com\/?s={search_term_string}"},"query-input":{"@type":"PropertyValueSpecification","valueRequired":true,"valueName":"search_term_string"}}],"inLanguage":"en-US"},{"@type":"Organization","@id":"https:\/\/berkanresorlu.com\/#organization","name":"Prof. Dr. Berkan RE\u015eORLU Muayenehanesi \/ \u00dcroloji Doktoru","alternateName":"Ankara \u00dcroloji Profes\u00f6r\u00fc","url":"https:\/\/berkanresorlu.com\/","logo":{"@type":"ImageObject","inLanguage":"en-US","@id":"https:\/\/berkanresorlu.com\/#\/schema\/logo\/image\/","url":"https:\/\/berkanresorlu.com\/wp-content\/uploads\/2023\/03\/prof-dr-berkan-resorlu-logo.jpg","contentUrl":"https:\/\/berkanresorlu.com\/wp-content\/uploads\/2023\/03\/prof-dr-berkan-resorlu-logo.jpg","width":2073,"height":2073,"caption":"Prof. Dr. Berkan RE\u015eORLU Muayenehanesi \/ \u00dcroloji Doktoru"},"image":{"@id":"https:\/\/berkanresorlu.com\/#\/schema\/logo\/image\/"},"sameAs":["https:\/\/www.facebook.com\/berkan.resorlu","https:\/\/x.com\/berkanresorlu","https:\/\/www.instagram.com\/prof.dr.berkanresorlu\/","https:\/\/www.linkedin.com\/in\/berkan-reorlu-217ab9123\/","https:\/\/www.youtube.com\/@prof.dr.berkanresorlu"]}]}},"_links":{"self":[{"href":"https:\/\/berkanresorlu.com\/en\/wp-json\/wp\/v2\/pages\/768","targetHints":{"allow":["GET"]}}],"collection":[{"href":"https:\/\/berkanresorlu.com\/en\/wp-json\/wp\/v2\/pages"}],"about":[{"href":"https:\/\/berkanresorlu.com\/en\/wp-json\/wp\/v2\/types\/page"}],"author":[{"embeddable":true,"href":"https:\/\/berkanresorlu.com\/en\/wp-json\/wp\/v2\/users\/1"}],"replies":[{"embeddable":true,"href":"https:\/\/berkanresorlu.com\/en\/wp-json\/wp\/v2\/comments?post=768"}],"version-history":[{"count":48,"href":"https:\/\/berkanresorlu.com\/en\/wp-json\/wp\/v2\/pages\/768\/revisions"}],"predecessor-version":[{"id":8826,"href":"https:\/\/berkanresorlu.com\/en\/wp-json\/wp\/v2\/pages\/768\/revisions\/8826"}],"wp:featuredmedia":[{"embeddable":true,"href":"https:\/\/berkanresorlu.com\/en\/wp-json\/wp\/v2\/media\/6863"}],"wp:attachment":[{"href":"https:\/\/berkanresorlu.com\/en\/wp-json\/wp\/v2\/media?parent=768"}],"curies":[{"name":"wp","href":"https:\/\/api.w.org\/{rel}","templated":true}]}}