{"id":774,"date":"2019-10-08T18:02:45","date_gmt":"2019-10-08T15:02:45","guid":{"rendered":"http:\/\/berkanresorlu.com\/?page_id=774"},"modified":"2024-12-02T09:53:07","modified_gmt":"2024-12-02T06:53:07","slug":"cinsel-yolla-bulasan-hastaliklar","status":"publish","type":"page","link":"https:\/\/berkanresorlu.com\/en\/cinsel-yolla-bulasan-hastaliklar\/","title":{"rendered":"Sexually transmitted diseases"},"content":{"rendered":"<\/p>\n<div class=\"row\"  id=\"row-2129265518\">\n\n\t<div id=\"col-1756305358\" class=\"col small-12 large-12\"  >\n\t\t\t\t<div class=\"col-inner\"  >\n\t\t\t\n\t\t\t\n<div class=\"slider-wrapper relative\" id=\"slider-35868707\" >\n    <div class=\"slider slider-nav-circle slider-nav-large slider-nav-light slider-style-normal\"\n        data-flickity-options='{\n            \"cellAlign\": \"center\",\n            \"imagesLoaded\": true,\n            \"lazyLoad\": 1,\n            \"freeScroll\": false,\n            \"wrapAround\": false,\n            \"autoPlay\": 6000,\n            \"pauseAutoPlayOnHover\" : true,\n            \"prevNextButtons\": false,\n            \"contain\" : true,\n            \"adaptiveHeight\" : true,\n            \"dragThreshold\" : 10,\n            \"percentPosition\": true,\n            \"pageDots\": false,\n            \"rightToLeft\": false,\n            \"draggable\": false,\n            \"selectedAttraction\": 0.1,\n            \"parallax\" : 0,\n            \"friction\": 0.6        }'\n        >\n        \n\n  <div class=\"banner has-hover bg-zoom\" id=\"banner-480114419\">\n          <div class=\"banner-inner fill\">\n        <div class=\"banner-bg fill\" >\n            <img decoding=\"async\" width=\"1048\" height=\"350\" src=\"https:\/\/berkanresorlu.com\/wp-content\/uploads\/2020\/04\/CI\u0307NSEL-YOLLA-BULAS\u0327AN-HASTALIKLAR.jpg\" class=\"bg attachment-original size-original\" alt=\"\" \/>                                    \n                    <\/div>\n\t\t\n        <div class=\"banner-layers container\">\n            <div class=\"fill banner-link\"><\/div>            \n        <\/div>\n      <\/div>\n\n            \n<style>\n#banner-480114419 {\n  padding-top: 350px;\n  background-color: rgb(255, 255, 255);\n}\n#banner-480114419 .banner-bg img {\n  object-position: 52% 46%;\n}\n<\/style>\n  <\/div>\n\n\n     <\/div>\n\n     <div class=\"loading-spin dark large centered\"><\/div>\n\n\t<\/div>\n\n\n\t\t<\/div>\n\t\t\t\t\t<\/div>\n\n\t\n\n\t<div id=\"col-1022930002\" class=\"col small-12 large-12\"  >\n\t\t\t\t<div class=\"col-inner\"  >\n\t\t\t\n\t\t\t\n<p><strong>Sexually transmitted diseases<\/strong><\/p>\n<p>Many bacteria, viruses, fungi, parasites cause sexually transmitted diseases. The prevalence of these diseases is increasing rapidly all over the world. The World Health Organization (WHO) reports that more than 1 million new cases occur around the world every day. It is known that more than 25 microorganisms defined for today are sexually transmitted and cause diseases.<\/p>\n<p><strong>URETHRITE<\/strong><\/p>\n<p>Urethra is an inflammatory disease of the tubular organ that carries urine out of the bladder.<\/p>\n<p><strong>Factors:<\/strong> Neisseria Gonorrhoeae (Gonorrhea \/ Gonorrhea), Chlamydia Trachomatis (Chlamydia), Ureaplasma Urealyticum, Trichomanas Vaginalis, Herpes Simplex Virus, Mycoplasma Genitalium<\/p>\n<p><strong>Symptoms:<\/strong> Discharge from the penis \/ vagina, burning while urinating, frequent urination, itching in the urethra<\/p>\n<p><strong>Diagnosis:<\/strong> Urethritis is diagnosed by observing inflammatory cells (x1000 \u2265 5 leukocytes \/ hpf in microscopic examination) in the discharge sample examination. Gram staining is done first for differential diagnosis. If gram negative diplococci are seen in gram staining, the agent is Gonorrhea (Gonorrhea). If not seen, it is considered non-gonococcal urethritis. Trichomanas, a parasite, can be viewed directly under a microscope. Active agent separation can be made by methods such as flow culture, antibody tests and PCR.<\/p>\n<p><strong>Treatment:<\/strong> Sensitive antibiotic treatment is initiated for the detected agent. Cephalosporin, azithromycin and quinolone group antibiotics in the treatment of gonorrhea; doxycycline, azithromycin, erythromycin group in non-gonococcal urethritis; Metranidazole treatment is preferred in trichomonas infections. Co-treatment should also be done. However, the main purpose of treatment should be &#8220;protection, ie safe sexual intercourse&#8221;.<\/p>\n<p><strong>Complications:<\/strong> If left untreated, it may cause complications such as urinary tract strictures, infertility, prostatitis, testicular inflammation (epididymorchitis), meningitis, and endocarditis.<\/p>\n<p><strong>GENITAL HERPES (COLD SORE)<\/strong><\/p>\n<p><strong>Genital Herpes (Herpes)<\/strong> is a sexually transmitted infection caused by the herpes simplex virus (HSV). Both types of HSV, most often HSV-2, can cause genital herpes (HSV-2: 85-90%, HSV-1: 10-15%).<\/p>\n<p><strong>Symptoms:<\/strong> It takes 1-26 days (average 4 days) for the symptoms to appear after the infection. The virus causes no symptoms in 75% of the cases. The symptoms of the virus in the first infection are different from the symptoms of the virus in recurrent attacks in the future.<\/p>\n<p><strong>First Attack:<\/strong><\/p>\n<ul>\n<li>Painful blisters (vesicles) in and around the genital area or around the anus<\/li>\n<li>Painful swelling in the groin area (lymphadenopathy)<\/li>\n<li>Flu-like complaints, fever, headache, joint pain<\/li>\n<\/ul>\n<p><strong>Recurrent Attack:<\/strong> Ulcerated lesions in the genital or anal area<\/p>\n<p><strong>How it is Transmitted:<\/strong> Genital herpes can be transmitted through vaginal, oral (oral) or anal (rectal) intercourse with a person with this disease. Male-to-female transmission is more likely than female-to-male transmission. While this infection is observed in 1 out of every 5 women between the ages of 15-50 worldwide, it is observed in 1 out of 9 people in men. Although the use of condoms for protection reduces the risk, it is not necessarily protective.<\/p>\n<p><strong>Diagnosis:<\/strong> The diagnosis is made by physical examination and laboratory tests (viral culture, PCR test, antibody testing in the blood).<\/p>\n<p><strong>Treatment:<\/strong> Antiviral drugs (acyclovir, valaciclovir) are used for this purpose. These drugs provide faster disappearance of lesions and decrease the number and severity of attacks.<\/p>\n<p><strong>GENITAL WART (CONDILOMA)<\/strong><\/p>\n<ul>\n<li>The agent is HPV (Human Papilloma Virus)<\/li>\n<li>More than thirty types infect the genital system.<\/li>\n<li>Visible genital warts are typically caused by HPV Types 6 and 11.<\/li>\n<li>For HPV-related cancers (cervix, penis, and anal), asymptomatic strains such as Types 16 and 18 are mainly responsible.<\/li>\n<li>It is most commonly transmitted through sexual contact (vaginal, oral, and anal), but it can be transmitted without sexual contact (hand contact,use of common razor or underwear, from mother to baby, etc.)<\/li>\n<li>Most of them are asymptomatic (70%).<\/li>\n<li>Incubation period is between 3 weeks and 8 months.<\/li>\n<li><strong>Diagnosis<\/strong>\n<ul>\n<li>The diagnosis is made by the appearance of papilledematous (cauliflower-like) brown or reddish lesions.<\/li>\n<li>Condulomas are observed as white areas with the application of 3% to 5% acetic acid to the genital area in patients with no lesions (not routinely recommended)<\/li>\n<li>Subtyping with HPV-DNA can be done, but not widely used<\/li>\n<\/ul>\n<\/li>\n<li><strong>Should we do a biopsy?<\/strong>\n<ul>\n<li>Routine biopsy is not recommended<\/li>\n<li>However, atypical-looking, pigmented, hard or ulcerated warts,<\/li>\n<li>Biopsy is recommended for immunocompromised lesions that do not improve after treatment.<\/li>\n<\/ul>\n<\/li>\n<li><strong>HPV Vaccine<\/strong>\n<ul>\n<li>For protection purposes, it is applied to women between the ages of 9\u201326 (can also be applied to men).<\/li>\n<li>Contains eight types of HPV viruses<\/li>\n<li>It is administered in 3 doses within 6 months.<\/li>\n<\/ul>\n<\/li>\n<li><strong>Treatment<\/strong>\n<ul>\n<li>There is no treatment method to remove or remove HPV infection from the body, but 90% of viruses disappear from the body within two years.<\/li>\n<li>Even if the virus cannot be destroyed, genital warts can be destroyed by various methods.<\/li>\n<li>Electrocauterization: the area is anesthetized with local anesthesia and the lesion is burned by electric current.<\/li>\n<li>Cryotherapy: freeze the wart with liquid nitrogen<\/li>\n<li>Creams: chemically burn the wart tissue<\/li>\n<\/ul>\n<\/li>\n<li>Women with genital warts should be screened for cervical canal.<\/li>\n<li>Similarly, patients at risk with anal conduloma (HIV, transplant, etc.) should be screened regularly with anal cytology.<\/li>\n<li>Those who have lesions in the urinary hole in the penis should be taken into cystoscopic examination in terms of urethra or bladder involvement.<br \/>\n.<\/li>\n<\/ul>\n<p><strong>OTHER SEXUALLY TRANSMITTED DISEASES:<\/strong><\/p>\n<ul>\n<li>AIDS (HIV)<\/li>\n<li>HEPATITIS (HBV &#038; HCV)<\/li>\n<li>SYPHILIS<\/li>\n<li>CHANCROID<\/li>\n<li>GRANULOMA INGUINALE<\/li>\n<li>SCABIES<\/li>\n<li>PUBIC LICE (PEDICULOSIS PUBIS)<\/li>\n<\/ul>\n<p><strong>Note:<\/strong> The page content is for informational purposes only, please consult your doctor for diagnosis and treatment.<\/p>\n<p>\u00a0<\/p>\n\t\t<\/div>\n\t\t\t\t\t<\/div>\n\n\t\n<\/div>\n<p>\n","protected":false},"excerpt":{"rendered":"","protected":false},"author":1,"featured_media":7027,"parent":0,"menu_order":0,"comment_status":"open","ping_status":"closed","template":"page-blank-title-center.php","meta":{"footnotes":""},"class_list":["post-774","page","type-page","status-publish","has-post-thumbnail","hentry"],"yoast_head":"<!-- This site is optimized with the Yoast SEO plugin v27.3 - https:\/\/yoast.com\/product\/yoast-seo-wordpress\/ -->\n<title>Cinsel Yolla Bula\u015fan Hastal\u0131klar | Belirtileri nelerdir? | Ankara<\/title>\n<meta name=\"description\" content=\"Cinsel Yolla Bula\u015fan Hastal\u0131klar; \u00dcretrit, Genital Herpes, Genital Si\u011fil, AIDS \/ HIV, Hepatit, Frengi \/ Sifiliz, MCV, Kas\u0131k Biti, Uyuz...\" \/>\n<meta name=\"robots\" content=\"index, follow, max-snippet:-1, max-image-preview:large, max-video-preview:-1\" \/>\n<link rel=\"canonical\" href=\"https:\/\/berkanresorlu.com\/en\/cinsel-yolla-bulasan-hastaliklar\/\" \/>\n<meta property=\"og:locale\" content=\"en_US\" \/>\n<meta property=\"og:locale:alternate\" content=\"tr_TR\" \/>\n<meta property=\"og:type\" content=\"article\" \/>\n<meta property=\"og:title\" content=\"Cinsel Yolla Bula\u015fan Hastal\u0131klar | Belirtileri, Tan\u0131 ve Tedavi Y\u00f6ntemleri | Ankara\" \/>\n<meta property=\"og:description\" content=\"Cinsel ili\u015fki s\u0131ras\u0131nda ki\u015fiden ki\u015fiye v\u00fccut salg\u0131lar\u0131 yolu ile bula\u015fan \u00e7ok say\u0131da bakterinin, mantar\u0131n, vir\u00fcs\u00fcn ve parazitin ortaya \u00e7\u0131kard\u0131\u011f\u0131 hastal\u0131klar olarak tan\u0131mlan\u0131r. Bu hastal\u0131klar\u0131n g\u00f6r\u00fclme s\u0131kl\u0131\u011f\u0131 b\u00fct\u00fcn d\u00fcnyada h\u0131zla artmaktad\u0131r.\" \/>\n<meta property=\"og:url\" content=\"https:\/\/berkanresorlu.com\/en\/cinsel-yolla-bulasan-hastaliklar\/\" \/>\n<meta property=\"og:site_name\" content=\"Prof. Dr. Berkan RE\u015eORLU M.D.\" \/>\n<meta property=\"article:publisher\" content=\"https:\/\/www.facebook.com\/berkan.resorlu\" \/>\n<meta property=\"article:modified_time\" content=\"2024-12-02T06:53:07+00:00\" \/>\n<meta property=\"og:image\" content=\"https:\/\/berkanresorlu.com\/wp-content\/uploads\/2023\/02\/Cinsel-yolla-bulasan-hastaliklarin-belirtileri-nelerdir.webp\" \/>\n\t<meta property=\"og:image:width\" content=\"526\" \/>\n\t<meta property=\"og:image:height\" content=\"598\" \/>\n\t<meta property=\"og:image:type\" content=\"image\/webp\" \/>\n<meta name=\"twitter:card\" content=\"summary_large_image\" \/>\n<meta name=\"twitter:title\" content=\"Cinsel Yolla Bula\u015fan Hastal\u0131klar | Belirtileri, Tan\u0131 ve Tedavi Y\u00f6ntemleri | Ankara\" \/>\n<meta name=\"twitter:description\" content=\"Cinsel ili\u015fki s\u0131ras\u0131nda ki\u015fiden ki\u015fiye v\u00fccut salg\u0131lar\u0131 yolu ile bula\u015fan \u00e7ok say\u0131da bakterinin, mantar\u0131n, vir\u00fcs\u00fcn ve parazitin ortaya \u00e7\u0131kard\u0131\u011f\u0131 hastal\u0131klar olarak tan\u0131mlan\u0131r. Bu hastal\u0131klar\u0131n g\u00f6r\u00fclme s\u0131kl\u0131\u011f\u0131 b\u00fct\u00fcn d\u00fcnyada h\u0131zla artmaktad\u0131r.\" \/>\n<meta name=\"twitter:image\" content=\"https:\/\/berkanresorlu.com\/wp-content\/uploads\/2023\/02\/Cinsel-yolla-bulasan-hastaliklarin-belirtileri-nelerdir.webp\" \/>\n<meta name=\"twitter:site\" content=\"@berkanresorlu\" \/>\n<meta name=\"twitter:label1\" content=\"Est. reading time\" \/>\n\t<meta name=\"twitter:data1\" content=\"30 minutes\" \/>\n<script type=\"application\/ld+json\" class=\"yoast-schema-graph\">{\"@context\":\"https:\\\/\\\/schema.org\",\"@graph\":[{\"@type\":\"WebPage\",\"@id\":\"https:\\\/\\\/berkanresorlu.com\\\/cinsel-yolla-bulasan-hastaliklar\\\/\",\"url\":\"https:\\\/\\\/berkanresorlu.com\\\/cinsel-yolla-bulasan-hastaliklar\\\/\",\"name\":\"Cinsel Yolla Bula\u015fan Hastal\u0131klar | Belirtileri nelerdir? | Ankara\",\"isPartOf\":{\"@id\":\"https:\\\/\\\/berkanresorlu.com\\\/#website\"},\"primaryImageOfPage\":{\"@id\":\"https:\\\/\\\/berkanresorlu.com\\\/cinsel-yolla-bulasan-hastaliklar\\\/#primaryimage\"},\"image\":{\"@id\":\"https:\\\/\\\/berkanresorlu.com\\\/cinsel-yolla-bulasan-hastaliklar\\\/#primaryimage\"},\"thumbnailUrl\":\"https:\\\/\\\/berkanresorlu.com\\\/wp-content\\\/uploads\\\/2023\\\/02\\\/Cinsel-yolla-bulasan-hastaliklarin-belirtileri-nelerdir.webp\",\"datePublished\":\"2019-10-08T15:02:45+00:00\",\"dateModified\":\"2024-12-02T06:53:07+00:00\",\"description\":\"Cinsel Yolla Bula\u015fan Hastal\u0131klar; \u00dcretrit, Genital Herpes, Genital Si\u011fil, AIDS \\\/ HIV, Hepatit, Frengi \\\/ Sifiliz, MCV, Kas\u0131k Biti, Uyuz...\",\"breadcrumb\":{\"@id\":\"https:\\\/\\\/berkanresorlu.com\\\/cinsel-yolla-bulasan-hastaliklar\\\/#breadcrumb\"},\"inLanguage\":\"en-US\",\"potentialAction\":[{\"@type\":\"ReadAction\",\"target\":[\"https:\\\/\\\/berkanresorlu.com\\\/cinsel-yolla-bulasan-hastaliklar\\\/\"]}]},{\"@type\":\"ImageObject\",\"inLanguage\":\"en-US\",\"@id\":\"https:\\\/\\\/berkanresorlu.com\\\/cinsel-yolla-bulasan-hastaliklar\\\/#primaryimage\",\"url\":\"https:\\\/\\\/berkanresorlu.com\\\/wp-content\\\/uploads\\\/2023\\\/02\\\/Cinsel-yolla-bulasan-hastaliklarin-belirtileri-nelerdir.webp\",\"contentUrl\":\"https:\\\/\\\/berkanresorlu.com\\\/wp-content\\\/uploads\\\/2023\\\/02\\\/Cinsel-yolla-bulasan-hastaliklarin-belirtileri-nelerdir.webp\",\"width\":526,\"height\":598,\"caption\":\"cinsel yolla bula\u015fan hastal\u0131klar belirtileri\"},{\"@type\":\"BreadcrumbList\",\"@id\":\"https:\\\/\\\/berkanresorlu.com\\\/cinsel-yolla-bulasan-hastaliklar\\\/#breadcrumb\",\"itemListElement\":[{\"@type\":\"ListItem\",\"position\":1,\"name\":\"Ana sayfa\",\"item\":\"https:\\\/\\\/berkanresorlu.com\\\/\"},{\"@type\":\"ListItem\",\"position\":2,\"name\":\"Cinsel Yolla Bula\u015fan Hastal\u0131klar\"}]},{\"@type\":\"WebSite\",\"@id\":\"https:\\\/\\\/berkanresorlu.com\\\/#website\",\"url\":\"https:\\\/\\\/berkanresorlu.com\\\/\",\"name\":\"Prof. Dr. Berkan RE\u015eORLU M.D.\",\"description\":\"Ankara Urology Professor\",\"publisher\":{\"@id\":\"https:\\\/\\\/berkanresorlu.com\\\/#organization\"},\"alternateName\":\"Berkan Re\u015forlu\",\"potentialAction\":[{\"@type\":\"SearchAction\",\"target\":{\"@type\":\"EntryPoint\",\"urlTemplate\":\"https:\\\/\\\/berkanresorlu.com\\\/?s={search_term_string}\"},\"query-input\":{\"@type\":\"PropertyValueSpecification\",\"valueRequired\":true,\"valueName\":\"search_term_string\"}}],\"inLanguage\":\"en-US\"},{\"@type\":\"Organization\",\"@id\":\"https:\\\/\\\/berkanresorlu.com\\\/#organization\",\"name\":\"Prof. Dr. Berkan RE\u015eORLU Muayenehanesi \\\/ \u00dcroloji Doktoru\",\"alternateName\":\"Ankara \u00dcroloji Profes\u00f6r\u00fc\",\"url\":\"https:\\\/\\\/berkanresorlu.com\\\/\",\"logo\":{\"@type\":\"ImageObject\",\"inLanguage\":\"en-US\",\"@id\":\"https:\\\/\\\/berkanresorlu.com\\\/#\\\/schema\\\/logo\\\/image\\\/\",\"url\":\"https:\\\/\\\/berkanresorlu.com\\\/wp-content\\\/uploads\\\/2023\\\/03\\\/prof-dr-berkan-resorlu-logo.jpg\",\"contentUrl\":\"https:\\\/\\\/berkanresorlu.com\\\/wp-content\\\/uploads\\\/2023\\\/03\\\/prof-dr-berkan-resorlu-logo.jpg\",\"width\":2073,\"height\":2073,\"caption\":\"Prof. Dr. Berkan RE\u015eORLU Muayenehanesi \\\/ \u00dcroloji Doktoru\"},\"image\":{\"@id\":\"https:\\\/\\\/berkanresorlu.com\\\/#\\\/schema\\\/logo\\\/image\\\/\"},\"sameAs\":[\"https:\\\/\\\/www.facebook.com\\\/berkan.resorlu\",\"https:\\\/\\\/x.com\\\/berkanresorlu\",\"https:\\\/\\\/www.instagram.com\\\/prof.dr.berkanresorlu\\\/\",\"https:\\\/\\\/www.linkedin.com\\\/in\\\/berkan-reorlu-217ab9123\\\/\",\"https:\\\/\\\/www.youtube.com\\\/@prof.dr.berkanresorlu\"]}]}<\/script>\n<!-- \/ Yoast SEO plugin. -->","yoast_head_json":{"title":"Cinsel Yolla Bula\u015fan Hastal\u0131klar | Belirtileri nelerdir? | Ankara","description":"Cinsel Yolla Bula\u015fan Hastal\u0131klar; \u00dcretrit, Genital Herpes, Genital Si\u011fil, AIDS \/ HIV, Hepatit, Frengi \/ Sifiliz, MCV, Kas\u0131k Biti, Uyuz...","robots":{"index":"index","follow":"follow","max-snippet":"max-snippet:-1","max-image-preview":"max-image-preview:large","max-video-preview":"max-video-preview:-1"},"canonical":"https:\/\/berkanresorlu.com\/en\/cinsel-yolla-bulasan-hastaliklar\/","og_locale":"en_US","og_type":"article","og_title":"Cinsel Yolla Bula\u015fan Hastal\u0131klar | Belirtileri, Tan\u0131 ve Tedavi Y\u00f6ntemleri | Ankara","og_description":"Cinsel ili\u015fki s\u0131ras\u0131nda ki\u015fiden ki\u015fiye v\u00fccut salg\u0131lar\u0131 yolu ile bula\u015fan \u00e7ok say\u0131da bakterinin, mantar\u0131n, vir\u00fcs\u00fcn ve parazitin ortaya \u00e7\u0131kard\u0131\u011f\u0131 hastal\u0131klar olarak tan\u0131mlan\u0131r. Bu hastal\u0131klar\u0131n g\u00f6r\u00fclme s\u0131kl\u0131\u011f\u0131 b\u00fct\u00fcn d\u00fcnyada h\u0131zla artmaktad\u0131r.","og_url":"https:\/\/berkanresorlu.com\/en\/cinsel-yolla-bulasan-hastaliklar\/","og_site_name":"Prof. Dr. Berkan RE\u015eORLU M.D.","article_publisher":"https:\/\/www.facebook.com\/berkan.resorlu","article_modified_time":"2024-12-02T06:53:07+00:00","og_image":[{"width":526,"height":598,"url":"https:\/\/berkanresorlu.com\/wp-content\/uploads\/2023\/02\/Cinsel-yolla-bulasan-hastaliklarin-belirtileri-nelerdir.webp","type":"image\/webp"}],"twitter_card":"summary_large_image","twitter_title":"Cinsel Yolla Bula\u015fan Hastal\u0131klar | Belirtileri, Tan\u0131 ve Tedavi Y\u00f6ntemleri | Ankara","twitter_description":"Cinsel ili\u015fki s\u0131ras\u0131nda ki\u015fiden ki\u015fiye v\u00fccut salg\u0131lar\u0131 yolu ile bula\u015fan \u00e7ok say\u0131da bakterinin, mantar\u0131n, vir\u00fcs\u00fcn ve parazitin ortaya \u00e7\u0131kard\u0131\u011f\u0131 hastal\u0131klar olarak tan\u0131mlan\u0131r. Bu hastal\u0131klar\u0131n g\u00f6r\u00fclme s\u0131kl\u0131\u011f\u0131 b\u00fct\u00fcn d\u00fcnyada h\u0131zla artmaktad\u0131r.","twitter_image":"https:\/\/berkanresorlu.com\/wp-content\/uploads\/2023\/02\/Cinsel-yolla-bulasan-hastaliklarin-belirtileri-nelerdir.webp","twitter_site":"@berkanresorlu","twitter_misc":{"Est. reading time":"30 minutes"},"schema":{"@context":"https:\/\/schema.org","@graph":[{"@type":"WebPage","@id":"https:\/\/berkanresorlu.com\/cinsel-yolla-bulasan-hastaliklar\/","url":"https:\/\/berkanresorlu.com\/cinsel-yolla-bulasan-hastaliklar\/","name":"Cinsel Yolla Bula\u015fan Hastal\u0131klar | Belirtileri nelerdir? | Ankara","isPartOf":{"@id":"https:\/\/berkanresorlu.com\/#website"},"primaryImageOfPage":{"@id":"https:\/\/berkanresorlu.com\/cinsel-yolla-bulasan-hastaliklar\/#primaryimage"},"image":{"@id":"https:\/\/berkanresorlu.com\/cinsel-yolla-bulasan-hastaliklar\/#primaryimage"},"thumbnailUrl":"https:\/\/berkanresorlu.com\/wp-content\/uploads\/2023\/02\/Cinsel-yolla-bulasan-hastaliklarin-belirtileri-nelerdir.webp","datePublished":"2019-10-08T15:02:45+00:00","dateModified":"2024-12-02T06:53:07+00:00","description":"Cinsel Yolla Bula\u015fan Hastal\u0131klar; \u00dcretrit, Genital Herpes, Genital Si\u011fil, AIDS \/ HIV, Hepatit, Frengi \/ Sifiliz, MCV, Kas\u0131k Biti, Uyuz...","breadcrumb":{"@id":"https:\/\/berkanresorlu.com\/cinsel-yolla-bulasan-hastaliklar\/#breadcrumb"},"inLanguage":"en-US","potentialAction":[{"@type":"ReadAction","target":["https:\/\/berkanresorlu.com\/cinsel-yolla-bulasan-hastaliklar\/"]}]},{"@type":"ImageObject","inLanguage":"en-US","@id":"https:\/\/berkanresorlu.com\/cinsel-yolla-bulasan-hastaliklar\/#primaryimage","url":"https:\/\/berkanresorlu.com\/wp-content\/uploads\/2023\/02\/Cinsel-yolla-bulasan-hastaliklarin-belirtileri-nelerdir.webp","contentUrl":"https:\/\/berkanresorlu.com\/wp-content\/uploads\/2023\/02\/Cinsel-yolla-bulasan-hastaliklarin-belirtileri-nelerdir.webp","width":526,"height":598,"caption":"cinsel yolla bula\u015fan hastal\u0131klar belirtileri"},{"@type":"BreadcrumbList","@id":"https:\/\/berkanresorlu.com\/cinsel-yolla-bulasan-hastaliklar\/#breadcrumb","itemListElement":[{"@type":"ListItem","position":1,"name":"Ana sayfa","item":"https:\/\/berkanresorlu.com\/"},{"@type":"ListItem","position":2,"name":"Cinsel Yolla Bula\u015fan Hastal\u0131klar"}]},{"@type":"WebSite","@id":"https:\/\/berkanresorlu.com\/#website","url":"https:\/\/berkanresorlu.com\/","name":"Prof. Dr. Berkan RE\u015eORLU M.D.","description":"Ankara Urology Professor","publisher":{"@id":"https:\/\/berkanresorlu.com\/#organization"},"alternateName":"Berkan Re\u015forlu","potentialAction":[{"@type":"SearchAction","target":{"@type":"EntryPoint","urlTemplate":"https:\/\/berkanresorlu.com\/?s={search_term_string}"},"query-input":{"@type":"PropertyValueSpecification","valueRequired":true,"valueName":"search_term_string"}}],"inLanguage":"en-US"},{"@type":"Organization","@id":"https:\/\/berkanresorlu.com\/#organization","name":"Prof. Dr. Berkan RE\u015eORLU Muayenehanesi \/ \u00dcroloji Doktoru","alternateName":"Ankara \u00dcroloji Profes\u00f6r\u00fc","url":"https:\/\/berkanresorlu.com\/","logo":{"@type":"ImageObject","inLanguage":"en-US","@id":"https:\/\/berkanresorlu.com\/#\/schema\/logo\/image\/","url":"https:\/\/berkanresorlu.com\/wp-content\/uploads\/2023\/03\/prof-dr-berkan-resorlu-logo.jpg","contentUrl":"https:\/\/berkanresorlu.com\/wp-content\/uploads\/2023\/03\/prof-dr-berkan-resorlu-logo.jpg","width":2073,"height":2073,"caption":"Prof. Dr. Berkan RE\u015eORLU Muayenehanesi \/ \u00dcroloji Doktoru"},"image":{"@id":"https:\/\/berkanresorlu.com\/#\/schema\/logo\/image\/"},"sameAs":["https:\/\/www.facebook.com\/berkan.resorlu","https:\/\/x.com\/berkanresorlu","https:\/\/www.instagram.com\/prof.dr.berkanresorlu\/","https:\/\/www.linkedin.com\/in\/berkan-reorlu-217ab9123\/","https:\/\/www.youtube.com\/@prof.dr.berkanresorlu"]}]}},"_links":{"self":[{"href":"https:\/\/berkanresorlu.com\/en\/wp-json\/wp\/v2\/pages\/774","targetHints":{"allow":["GET"]}}],"collection":[{"href":"https:\/\/berkanresorlu.com\/en\/wp-json\/wp\/v2\/pages"}],"about":[{"href":"https:\/\/berkanresorlu.com\/en\/wp-json\/wp\/v2\/types\/page"}],"author":[{"embeddable":true,"href":"https:\/\/berkanresorlu.com\/en\/wp-json\/wp\/v2\/users\/1"}],"replies":[{"embeddable":true,"href":"https:\/\/berkanresorlu.com\/en\/wp-json\/wp\/v2\/comments?post=774"}],"version-history":[{"count":30,"href":"https:\/\/berkanresorlu.com\/en\/wp-json\/wp\/v2\/pages\/774\/revisions"}],"predecessor-version":[{"id":8811,"href":"https:\/\/berkanresorlu.com\/en\/wp-json\/wp\/v2\/pages\/774\/revisions\/8811"}],"wp:featuredmedia":[{"embeddable":true,"href":"https:\/\/berkanresorlu.com\/en\/wp-json\/wp\/v2\/media\/7027"}],"wp:attachment":[{"href":"https:\/\/berkanresorlu.com\/en\/wp-json\/wp\/v2\/media?parent=774"}],"curies":[{"name":"wp","href":"https:\/\/api.w.org\/{rel}","templated":true}]}}