{"id":797,"date":"2019-10-08T18:06:54","date_gmt":"2019-10-08T15:06:54","guid":{"rendered":"http:\/\/berkanresorlu.com\/?page_id=797"},"modified":"2024-10-04T10:57:08","modified_gmt":"2024-10-04T07:57:08","slug":"interstisyel-sistit-agrili-mesane-sendromu","status":"publish","type":"page","link":"https:\/\/berkanresorlu.com\/en\/interstisyel-sistit-agrili-mesane-sendromu\/","title":{"rendered":"Interstitial Cystitis &#038; Painful Bladder Syndrome"},"content":{"rendered":"<\/p>\n<div class=\"row\"  id=\"row-1896273384\">\n\n\t<div id=\"col-1234680065\" class=\"col small-12 large-12\"  >\n\t\t\t\t<div class=\"col-inner\"  >\n\t\t\t\n\t\t\t\n<div class=\"slider-wrapper relative\" id=\"slider-1605216742\" >\n    <div class=\"slider slider-nav-circle slider-nav-large slider-nav-light slider-style-normal\"\n        data-flickity-options='{\n            \"cellAlign\": \"center\",\n            \"imagesLoaded\": true,\n            \"lazyLoad\": 1,\n            \"freeScroll\": false,\n            \"wrapAround\": false,\n            \"autoPlay\": 6000,\n            \"pauseAutoPlayOnHover\" : true,\n            \"prevNextButtons\": false,\n            \"contain\" : true,\n            \"adaptiveHeight\" : true,\n            \"dragThreshold\" : 10,\n            \"percentPosition\": true,\n            \"pageDots\": false,\n            \"rightToLeft\": false,\n            \"draggable\": false,\n            \"selectedAttraction\": 0.1,\n            \"parallax\" : 0,\n            \"friction\": 0.6        }'\n        >\n        \n\n  <div class=\"banner has-hover bg-zoom\" id=\"banner-1527061535\">\n          <div class=\"banner-inner fill\">\n        <div class=\"banner-bg fill\" >\n            <img decoding=\"async\" width=\"1048\" height=\"350\" src=\"https:\/\/berkanresorlu.com\/wp-content\/uploads\/2020\/05\/I\u0307NTERSTI\u0307SYEL-SI\u0307STI\u0307T-AG\u0306RILI-MESANE-SENDROMU.jpg\" class=\"bg attachment-original size-original\" alt=\"\" \/>                                    \n                    <\/div>\n\t\t\n        <div class=\"banner-layers container\">\n            <div class=\"fill banner-link\"><\/div>            \n        <\/div>\n      <\/div>\n\n            \n<style>\n#banner-1527061535 {\n  padding-top: 350px;\n  background-color: rgb(255, 255, 255);\n}\n#banner-1527061535 .banner-bg img {\n  object-position: 52% 53%;\n}\n<\/style>\n  <\/div>\n\n\n     <\/div>\n\n     <div class=\"loading-spin dark large centered\"><\/div>\n\n\t<\/div>\n\n\n\t\t<\/div>\n\t\t\t\t\t<\/div>\n\n\t\n\n\t<div id=\"col-2081215513\" class=\"col small-12 large-12\"  >\n\t\t\t\t<div class=\"col-inner\"  >\n\t\t\t\n\t\t\t\n<p><strong>Definition<\/strong><\/p>\n<p>Interstitial Cystitis, also known as Bladder Pain Syndrome, or Painful Bladder Syndrome, is a non-microbial chronic inflammatory disease of the bladder characterized by pain in the bladder and pelvic area, constant urgency, and frequent urination. 90% of the patients are female, the age of onset of symptoms is often between the ages of 30-50.<\/p>\n<p><strong>Symptoms<\/strong><\/p>\n<p>Typical symptoms are bladder pain, frequent urination and a constant urge to urinate. The sensation of pain usually becomes more intensified as the bladder fills and decreases when urinating. The exacerbation and well-being seen in the complaints are typical for this disease. Sexual intercourse is often painful for both men and women. Fibromyalgia, musculoskeletal pain, constipation, irritable bowel syndrome, autoimmune diseases, depression, allergy and migraine are more common among these patients.<\/p>\n<p><strong>Reasons<\/strong><\/p>\n<p>Although it has been investigated seriously in many aspects, it is not known exactly why this disease occurs. However, the generally accepted view is that this disease does not have a single cause, on the contrary, it is a syndrome in which many immunological, allergic, neurovascular, infectious, even environmental and genetic factors play a role.<\/p>\n<p><strong>Diagnosis<\/strong><\/p>\n<p>The diagnosis of the disease is made by eliminating other diseases with similar symptoms. The following tests and steps are used to do this.<\/p>\n<ul>\n<li>Detailed Story<\/li>\n<li>Physical examination<\/li>\n<li>Urine Analysis and Culture<\/li>\n<li>Inquiry Forms and Chart for Urination Frequency<\/li>\n<li>Potassium Sensitivity (Parsons) Test<\/li>\n<li>Urodynamics<\/li>\n<li>Cystoscopy<\/li>\n<\/ul>\n<p>\u00a0<\/p>\n\t\t<\/div>\n\t\t\t\t\t<\/div>\n\n\t\n<\/div>\n<p>\n","protected":false},"excerpt":{"rendered":"","protected":false},"author":1,"featured_media":0,"parent":0,"menu_order":0,"comment_status":"closed","ping_status":"closed","template":"page-blank-title-center.php","meta":{"footnotes":""},"class_list":["post-797","page","type-page","status-publish","hentry"],"yoast_head":"<!-- This site is optimized with the Yoast SEO plugin v27.5 - https:\/\/yoast.com\/product\/yoast-seo-wordpress\/ -->\n<title>Interstitial Cystitis &amp; Painful Bladder Syndrome<\/title>\n<meta name=\"description\" content=\"Interstitial Cystitis &amp; Painful Bladder Syndrome\" \/>\n<meta name=\"robots\" content=\"index, follow, max-snippet:-1, max-image-preview:large, max-video-preview:-1\" \/>\n<link rel=\"canonical\" href=\"https:\/\/berkanresorlu.com\/en\/interstisyel-sistit-agrili-mesane-sendromu\/\" \/>\n<meta property=\"og:locale\" content=\"en_US\" \/>\n<meta property=\"og:locale:alternate\" content=\"tr_TR\" \/>\n<meta property=\"og:type\" content=\"article\" \/>\n<meta property=\"og:title\" content=\"Interstitial Cystitis &amp; Painful Bladder Syndrome\" \/>\n<meta property=\"og:description\" content=\"Interstitial Cystitis &amp; Painful Bladder Syndrome\" \/>\n<meta property=\"og:url\" content=\"https:\/\/berkanresorlu.com\/en\/interstisyel-sistit-agrili-mesane-sendromu\/\" \/>\n<meta property=\"og:site_name\" content=\"Prof. Dr. Berkan RE\u015eORLU M.D.\" \/>\n<meta property=\"article:publisher\" content=\"https:\/\/www.facebook.com\/berkan.resorlu\" \/>\n<meta property=\"article:modified_time\" content=\"2024-10-04T07:57:08+00:00\" \/>\n<meta property=\"og:image\" content=\"https:\/\/berkanresorlu.com\/wp-content\/uploads\/2020\/01\/Doc\u0327-Doktor-Berkan-Res\u0327orlu-Ankara-U\u0308roloji.jpg\" \/>\n\t<meta property=\"og:image:width\" content=\"1000\" \/>\n\t<meta property=\"og:image:height\" content=\"562\" \/>\n\t<meta property=\"og:image:type\" content=\"image\/jpeg\" \/>\n<meta name=\"twitter:card\" content=\"summary_large_image\" \/>\n<meta name=\"twitter:site\" content=\"@berkanresorlu\" \/>\n<meta name=\"twitter:label1\" content=\"Est. reading time\" \/>\n\t<meta name=\"twitter:data1\" content=\"3 minutes\" \/>\n<script type=\"application\/ld+json\" class=\"yoast-schema-graph\">{\"@context\":\"https:\\\/\\\/schema.org\",\"@graph\":[{\"@type\":\"WebPage\",\"@id\":\"https:\\\/\\\/berkanresorlu.com\\\/interstisyel-sistit-agrili-mesane-sendromu\\\/\",\"url\":\"https:\\\/\\\/berkanresorlu.com\\\/interstisyel-sistit-agrili-mesane-sendromu\\\/\",\"name\":\"Interstitial Cystitis & Painful Bladder Syndrome\",\"isPartOf\":{\"@id\":\"https:\\\/\\\/berkanresorlu.com\\\/#website\"},\"datePublished\":\"2019-10-08T15:06:54+00:00\",\"dateModified\":\"2024-10-04T07:57:08+00:00\",\"description\":\"Interstitial Cystitis & Painful Bladder Syndrome\",\"breadcrumb\":{\"@id\":\"https:\\\/\\\/berkanresorlu.com\\\/interstisyel-sistit-agrili-mesane-sendromu\\\/#breadcrumb\"},\"inLanguage\":\"en-US\",\"potentialAction\":[{\"@type\":\"ReadAction\",\"target\":[\"https:\\\/\\\/berkanresorlu.com\\\/interstisyel-sistit-agrili-mesane-sendromu\\\/\"]}]},{\"@type\":\"BreadcrumbList\",\"@id\":\"https:\\\/\\\/berkanresorlu.com\\\/interstisyel-sistit-agrili-mesane-sendromu\\\/#breadcrumb\",\"itemListElement\":[{\"@type\":\"ListItem\",\"position\":1,\"name\":\"Ana sayfa\",\"item\":\"https:\\\/\\\/berkanresorlu.com\\\/\"},{\"@type\":\"ListItem\",\"position\":2,\"name\":\"\u0130nterstisyel Sistit &#038; A\u011fr\u0131l\u0131 Mesane Sendromu\"}]},{\"@type\":\"WebSite\",\"@id\":\"https:\\\/\\\/berkanresorlu.com\\\/#website\",\"url\":\"https:\\\/\\\/berkanresorlu.com\\\/\",\"name\":\"Prof. Dr. Berkan RE\u015eORLU M.D.\",\"description\":\"Ankara Urology Professor\",\"publisher\":{\"@id\":\"https:\\\/\\\/berkanresorlu.com\\\/#organization\"},\"alternateName\":\"Berkan Re\u015forlu\",\"potentialAction\":[{\"@type\":\"SearchAction\",\"target\":{\"@type\":\"EntryPoint\",\"urlTemplate\":\"https:\\\/\\\/berkanresorlu.com\\\/?s={search_term_string}\"},\"query-input\":{\"@type\":\"PropertyValueSpecification\",\"valueRequired\":true,\"valueName\":\"search_term_string\"}}],\"inLanguage\":\"en-US\"},{\"@type\":\"Organization\",\"@id\":\"https:\\\/\\\/berkanresorlu.com\\\/#organization\",\"name\":\"Prof. Dr. Berkan RE\u015eORLU Muayenehanesi \\\/ \u00dcroloji Doktoru\",\"alternateName\":\"Ankara \u00dcroloji Profes\u00f6r\u00fc\",\"url\":\"https:\\\/\\\/berkanresorlu.com\\\/\",\"logo\":{\"@type\":\"ImageObject\",\"inLanguage\":\"en-US\",\"@id\":\"https:\\\/\\\/berkanresorlu.com\\\/#\\\/schema\\\/logo\\\/image\\\/\",\"url\":\"https:\\\/\\\/berkanresorlu.com\\\/wp-content\\\/uploads\\\/2023\\\/03\\\/prof-dr-berkan-resorlu-logo.jpg\",\"contentUrl\":\"https:\\\/\\\/berkanresorlu.com\\\/wp-content\\\/uploads\\\/2023\\\/03\\\/prof-dr-berkan-resorlu-logo.jpg\",\"width\":2073,\"height\":2073,\"caption\":\"Prof. Dr. Berkan RE\u015eORLU Muayenehanesi \\\/ \u00dcroloji Doktoru\"},\"image\":{\"@id\":\"https:\\\/\\\/berkanresorlu.com\\\/#\\\/schema\\\/logo\\\/image\\\/\"},\"sameAs\":[\"https:\\\/\\\/www.facebook.com\\\/berkan.resorlu\",\"https:\\\/\\\/x.com\\\/berkanresorlu\",\"https:\\\/\\\/www.instagram.com\\\/prof.dr.berkanresorlu\\\/\",\"https:\\\/\\\/www.linkedin.com\\\/in\\\/berkan-reorlu-217ab9123\\\/\",\"https:\\\/\\\/www.youtube.com\\\/@prof.dr.berkanresorlu\"]}]}<\/script>\n<!-- \/ Yoast SEO plugin. -->","yoast_head_json":{"title":"Interstitial Cystitis & Painful Bladder Syndrome","description":"[:tr]\u0130nterstisyel Sistit & A\u011fr\u0131l\u0131 Mesane Sendromu[:en]Interstitial Cystitis & Painful Bladder Syndrome[:ar]\u0625\u0644\u062a\u0647\u0627\u0628 \u0627\u0644\u0645\u062b\u0627\u0646\u0629 \u0627\u0644\u062e\u0644\u0627\u0644\u064a& \u0648\u0645\u062a\u0644\u0627\u0632\u0645\u0629 \u0627\u0644\u0645\u062b\u0627\u0646\u0629 \u0627\u0644\u0634\u062f\u064a\u062f\u0629[:]","robots":{"index":"index","follow":"follow","max-snippet":"max-snippet:-1","max-image-preview":"max-image-preview:large","max-video-preview":"max-video-preview:-1"},"canonical":"https:\/\/berkanresorlu.com\/en\/interstisyel-sistit-agrili-mesane-sendromu\/","og_locale":"en_US","og_type":"article","og_title":"[:tr]\u0130nterstisyel Sistit & A\u011fr\u0131l\u0131 Mesane Sendromu[:en]Interstitial Cystitis & Painful Bladder Syndrome[:ar]\u0625\u0644\u062a\u0647\u0627\u0628 \u0627\u0644\u0645\u062b\u0627\u0646\u0629 \u0627\u0644\u062e\u0644\u0627\u0644\u064a& \u0648\u0645\u062a\u0644\u0627\u0632\u0645\u0629 \u0627\u0644\u0645\u062b\u0627\u0646\u0629 \u0627\u0644\u0634\u062f\u064a\u062f\u0629[:] | Prof. Dr. Berkan RE\u015eORLU M.D.","og_description":"[:tr]\u0130nterstisyel Sistit & A\u011fr\u0131l\u0131 Mesane Sendromu[:en]Interstitial Cystitis & Painful Bladder Syndrome[:ar]\u0625\u0644\u062a\u0647\u0627\u0628 \u0627\u0644\u0645\u062b\u0627\u0646\u0629 \u0627\u0644\u062e\u0644\u0627\u0644\u064a& \u0648\u0645\u062a\u0644\u0627\u0632\u0645\u0629 \u0627\u0644\u0645\u062b\u0627\u0646\u0629 \u0627\u0644\u0634\u062f\u064a\u062f\u0629[:]","og_url":"https:\/\/berkanresorlu.com\/en\/interstisyel-sistit-agrili-mesane-sendromu\/","og_site_name":"Prof. Dr. Berkan RE\u015eORLU M.D.","article_publisher":"https:\/\/www.facebook.com\/berkan.resorlu","article_modified_time":"2024-10-04T07:57:08+00:00","og_image":[{"width":1000,"height":562,"url":"https:\/\/berkanresorlu.com\/wp-content\/uploads\/2020\/01\/Doc\u0327-Doktor-Berkan-Res\u0327orlu-Ankara-U\u0308roloji.jpg","type":"image\/jpeg"}],"twitter_card":"summary_large_image","twitter_site":"@berkanresorlu","twitter_misc":{"Est. reading time":"3 minutes"},"schema":{"@context":"https:\/\/schema.org","@graph":[{"@type":"WebPage","@id":"https:\/\/berkanresorlu.com\/interstisyel-sistit-agrili-mesane-sendromu\/","url":"https:\/\/berkanresorlu.com\/interstisyel-sistit-agrili-mesane-sendromu\/","name":"Interstitial Cystitis & Painful Bladder Syndrome","isPartOf":{"@id":"https:\/\/berkanresorlu.com\/#website"},"datePublished":"2019-10-08T15:06:54+00:00","dateModified":"2024-10-04T07:57:08+00:00","description":"Interstitial Cystitis & Painful Bladder Syndrome","breadcrumb":{"@id":"https:\/\/berkanresorlu.com\/interstisyel-sistit-agrili-mesane-sendromu\/#breadcrumb"},"inLanguage":"en-US","potentialAction":[{"@type":"ReadAction","target":["https:\/\/berkanresorlu.com\/interstisyel-sistit-agrili-mesane-sendromu\/"]}]},{"@type":"BreadcrumbList","@id":"https:\/\/berkanresorlu.com\/interstisyel-sistit-agrili-mesane-sendromu\/#breadcrumb","itemListElement":[{"@type":"ListItem","position":1,"name":"Ana sayfa","item":"https:\/\/berkanresorlu.com\/"},{"@type":"ListItem","position":2,"name":"\u0130nterstisyel Sistit &#038; A\u011fr\u0131l\u0131 Mesane Sendromu"}]},{"@type":"WebSite","@id":"https:\/\/berkanresorlu.com\/#website","url":"https:\/\/berkanresorlu.com\/","name":"Prof. Dr. Berkan RE\u015eORLU M.D.","description":"Ankara Urology Professor","publisher":{"@id":"https:\/\/berkanresorlu.com\/#organization"},"alternateName":"Berkan Re\u015forlu","potentialAction":[{"@type":"SearchAction","target":{"@type":"EntryPoint","urlTemplate":"https:\/\/berkanresorlu.com\/?s={search_term_string}"},"query-input":{"@type":"PropertyValueSpecification","valueRequired":true,"valueName":"search_term_string"}}],"inLanguage":"en-US"},{"@type":"Organization","@id":"https:\/\/berkanresorlu.com\/#organization","name":"Prof. Dr. Berkan RE\u015eORLU Muayenehanesi \/ \u00dcroloji Doktoru","alternateName":"Ankara \u00dcroloji Profes\u00f6r\u00fc","url":"https:\/\/berkanresorlu.com\/","logo":{"@type":"ImageObject","inLanguage":"en-US","@id":"https:\/\/berkanresorlu.com\/#\/schema\/logo\/image\/","url":"https:\/\/berkanresorlu.com\/wp-content\/uploads\/2023\/03\/prof-dr-berkan-resorlu-logo.jpg","contentUrl":"https:\/\/berkanresorlu.com\/wp-content\/uploads\/2023\/03\/prof-dr-berkan-resorlu-logo.jpg","width":2073,"height":2073,"caption":"Prof. Dr. Berkan RE\u015eORLU Muayenehanesi \/ \u00dcroloji Doktoru"},"image":{"@id":"https:\/\/berkanresorlu.com\/#\/schema\/logo\/image\/"},"sameAs":["https:\/\/www.facebook.com\/berkan.resorlu","https:\/\/x.com\/berkanresorlu","https:\/\/www.instagram.com\/prof.dr.berkanresorlu\/","https:\/\/www.linkedin.com\/in\/berkan-reorlu-217ab9123\/","https:\/\/www.youtube.com\/@prof.dr.berkanresorlu"]}]}},"_links":{"self":[{"href":"https:\/\/berkanresorlu.com\/en\/wp-json\/wp\/v2\/pages\/797","targetHints":{"allow":["GET"]}}],"collection":[{"href":"https:\/\/berkanresorlu.com\/en\/wp-json\/wp\/v2\/pages"}],"about":[{"href":"https:\/\/berkanresorlu.com\/en\/wp-json\/wp\/v2\/types\/page"}],"author":[{"embeddable":true,"href":"https:\/\/berkanresorlu.com\/en\/wp-json\/wp\/v2\/users\/1"}],"replies":[{"embeddable":true,"href":"https:\/\/berkanresorlu.com\/en\/wp-json\/wp\/v2\/comments?post=797"}],"version-history":[{"count":4,"href":"https:\/\/berkanresorlu.com\/en\/wp-json\/wp\/v2\/pages\/797\/revisions"}],"predecessor-version":[{"id":8579,"href":"https:\/\/berkanresorlu.com\/en\/wp-json\/wp\/v2\/pages\/797\/revisions\/8579"}],"wp:attachment":[{"href":"https:\/\/berkanresorlu.com\/en\/wp-json\/wp\/v2\/media?parent=797"}],"curies":[{"name":"wp","href":"https:\/\/api.w.org\/{rel}","templated":true}]}}