{"id":8086,"date":"2024-03-05T21:03:16","date_gmt":"2024-03-05T18:03:16","guid":{"rendered":"https:\/\/berkanresorlu.com\/?page_id=8086"},"modified":"2026-01-07T16:46:03","modified_gmt":"2026-01-07T13:46:03","slug":"su-buhari-tedavisi","status":"publish","type":"page","link":"https:\/\/berkanresorlu.com\/en\/su-buhari-tedavisi\/","title":{"rendered":"Su Buhar\u0131 Tedavisi"},"content":{"rendered":"<\/p>\n<div class=\"row\"  id=\"row-1659181617\">\n\n\t<div id=\"col-997467780\" class=\"col small-12 large-12\"  >\n\t\t\t\t<div class=\"col-inner\"  >\n\t\t\t\n\t\t\t\n\t<div class=\"img has-hover x md-x lg-x y md-y lg-y\" id=\"image_944492758\">\n\t\t\t\t\t\t\t\t<div class=\"img-inner dark\" >\n\t\t\t<img decoding=\"async\" width=\"1000\" height=\"500\" src=\"https:\/\/berkanresorlu.com\/wp-content\/uploads\/2024\/12\/su-buhari-tedavisi.webp\" class=\"attachment-original size-original\" alt=\"\" srcset=\"https:\/\/berkanresorlu.com\/wp-content\/uploads\/2024\/12\/su-buhari-tedavisi.webp 1000w, https:\/\/berkanresorlu.com\/wp-content\/uploads\/2024\/12\/su-buhari-tedavisi-800x400.webp 800w, https:\/\/berkanresorlu.com\/wp-content\/uploads\/2024\/12\/su-buhari-tedavisi-768x384.webp 768w\" sizes=\"(max-width: 1000px) 100vw, 1000px\" \/>\t\t\t\t\t\t\n\t\t\t\t\t<\/div>\n\t\t\t\t\t\t\t\t\n<style>\n#image_944492758 {\n  width: 100%;\n}\n<\/style>\n\t<\/div>\n\t\n\t\t<\/div>\n\t\t\t\t\t<\/div>\n\n\t\n\n\t<div id=\"col-1218150815\" class=\"col small-12 large-12\"  >\n\t\t\t\t<div class=\"col-inner\"  >\n\t\t\t\n\t\t\t\n<p class=\"p1\">\u0130yi huylu prostat b\u00fcy\u00fcmesi (BPH) olan hastalarda b\u00fcy\u00fcm\u00fc\u015f prostat dokusunu k\u00fc\u00e7\u00fcltmek ve prostat b\u00fcy\u00fcmesinin neden oldu\u011fu \u015fikayetleri azaltmak i\u00e7in su buhar\u0131 enerjisinin kullan\u0131ld\u0131\u011f\u0131 invaziv olmayan bir tedavi y\u00f6ntemdir. Ya\u015ftan ba\u011f\u0131ms\u0131z, 150 cc prostat hacmine kadar etkili ve g\u00fcvenli bir \u015fekilde uygulanabilmektedir.<\/p>\n<p class=\"p1\">\u0130drar yolundan bir endoskop vas\u0131tas\u0131yla prostata kapal\u0131 olarak girilir ve v\u00fccut d\u0131\u015f\u0131nda radyofrekans enerjisi yard\u0131m\u0131yla olu\u015fturulan s\u0131cak su buhar\u0131 bir i\u011fne yard\u0131m\u0131yla hedeflenen noktalardan prostat dokusunun i\u00e7ine aktar\u0131l\u0131r. Aktar\u0131lan enerji h\u00fccre \u00f6l\u00fcm\u00fcne yol a\u00e7arak prostat dokusunda k\u00fc\u00e7\u00fclmeye yol a\u00e7ar. Hastalar\u0131n bir\u00e7o\u011funda 2. haftadan itibaren \u015fikayetlerde azalma ve rahatlama ba\u015flar. \u0130\u015flemden 3 ay sonra ise maksimum etkinli\u011fe ula\u015f\u0131l\u0131r.<\/p>\n<p class=\"p1\">\u0130\u015flem yakla\u015f\u0131k 10-15 dakika s\u00fcrer ve g\u00fcn\u00fc birlik olarak ger\u00e7ekle\u015ftirilir. Lokal anestezi, sedasyon veya genel anestezi alt\u0131nda uygulanabilir. Ofis ya da ameliyathane ortam\u0131nda uygulanabilir. Hastalar birka\u00e7 g\u00fcn i\u00e7erisinde g\u00fcndelik ya\u015fant\u0131s\u0131na d\u00f6nebilmektedir.<\/p>\n<p class=\"p1\"><strong>Di\u011fer Y\u00f6ntemlere G\u00f6re \u00dcst\u00fcnl\u00fc\u011f\u00fc ve Avantajlar\u0131 Nedir?<\/strong><\/p>\n<p class=\"p1\">1. Lokal anestezi alt\u0131nda uygulanabilir. Kronik hastal\u0131klar\u0131 nedeniyle genel anestezi alamayan veya anestezi almak istemeyen hastalarda lokal anestezi alt\u0131nda da uygulanabilen bir prostat b\u00fcy\u00fcme tedavisidir.<\/p>\n<p class=\"p1\">2. Cinsel fonksiyonlar korunur. Ereksiyon hi\u00e7 etkilenmezken, ejak\u00fclasyon (bo\u015falma) b\u00fcy\u00fck oranda korunur. Retrograd ejak\u00fclasyon (meninin bo\u015falma s\u0131ras\u0131nda idrar torbas\u0131na ka\u00e7mas\u0131) ihtimali %1-2 olarak bildirilmektedir.<\/p>\n<p class=\"p1\">3. G\u00fcn\u00fcbirlik bir i\u015flemdir. Yat\u0131\u015f gerektirmez.<\/p>\n<p class=\"p1\">4. Olduk\u00e7a g\u00fcvenlidir. Komplikasyon (kanama vb) ihtimali olduk\u00e7a d\u00fc\u015f\u00fckt\u00fcr.<\/p>\n<p class=\"p1\">5. \u0130yile\u015fme ve g\u00fcndelik hayata d\u00f6n\u00fc\u015f \u00e7ok h\u0131zl\u0131d\u0131r.<\/p>\n<div class=\"video video-fit mb\" style=\"padding-top:56.25%;\"><p><iframe title=\"Su Buhar\u0131 ile Prostat Tedavisi\" width=\"1020\" height=\"574\" src=\"https:\/\/www.youtube.com\/embed\/rss81dbZnjg?feature=oembed\" frameborder=\"0\" allow=\"accelerometer; autoplay; clipboard-write; encrypted-media; gyroscope; picture-in-picture; web-share\" referrerpolicy=\"strict-origin-when-cross-origin\" allowfullscreen><\/iframe><\/p>\n<\/div>\n\t\t<\/div>\n\t\t\t\t\t<\/div>\n\n\t\n<\/div>\n<p>&nbsp;<\/p>\n","protected":false},"excerpt":{"rendered":"<p>&nbsp;<\/p>\n","protected":false},"author":1,"featured_media":0,"parent":0,"menu_order":0,"comment_status":"closed","ping_status":"closed","template":"","meta":{"footnotes":""},"class_list":["post-8086","page","type-page","status-publish","hentry"],"yoast_head":"<!-- This site is optimized with the Yoast SEO plugin v27.5 - https:\/\/yoast.com\/product\/yoast-seo-wordpress\/ -->\n<title>Su Buhar\u0131 Tedavisi<\/title>\n<meta name=\"description\" content=\"Su Buhar\u0131 Tedavisi\" \/>\n<meta name=\"robots\" content=\"index, follow, max-snippet:-1, max-image-preview:large, max-video-preview:-1\" \/>\n<link rel=\"canonical\" href=\"https:\/\/berkanresorlu.com\/en\/su-buhari-tedavisi\/\" \/>\n<meta property=\"og:locale\" content=\"en_US\" \/>\n<meta property=\"og:locale:alternate\" content=\"tr_TR\" \/>\n<meta property=\"og:type\" content=\"article\" \/>\n<meta property=\"og:title\" content=\"Su Buhar\u0131 Tedavisi\" \/>\n<meta property=\"og:description\" content=\"Su Buhar\u0131 Tedavisi\" \/>\n<meta property=\"og:url\" content=\"https:\/\/berkanresorlu.com\/en\/su-buhari-tedavisi\/\" \/>\n<meta property=\"og:site_name\" content=\"Prof. Dr. Berkan RE\u015eORLU M.D.\" \/>\n<meta property=\"article:publisher\" content=\"https:\/\/www.facebook.com\/berkan.resorlu\" \/>\n<meta property=\"article:modified_time\" content=\"2026-01-07T13:46:03+00:00\" \/>\n<meta property=\"og:image\" content=\"https:\/\/berkanresorlu.com\/wp-content\/uploads\/2020\/01\/Doc\u0327-Doktor-Berkan-Res\u0327orlu-Ankara-U\u0308roloji.jpg\" \/>\n\t<meta property=\"og:image:width\" content=\"1000\" \/>\n\t<meta property=\"og:image:height\" content=\"562\" \/>\n\t<meta property=\"og:image:type\" content=\"image\/jpeg\" \/>\n<meta name=\"twitter:card\" content=\"summary_large_image\" \/>\n<meta name=\"twitter:site\" content=\"@berkanresorlu\" \/>\n<meta name=\"twitter:label1\" content=\"Est. reading time\" \/>\n\t<meta name=\"twitter:data1\" content=\"2 minutes\" \/>\n<script type=\"application\/ld+json\" class=\"yoast-schema-graph\">{\"@context\":\"https:\\\/\\\/schema.org\",\"@graph\":[{\"@type\":\"WebPage\",\"@id\":\"https:\\\/\\\/berkanresorlu.com\\\/su-buhari-tedavisi\\\/\",\"url\":\"https:\\\/\\\/berkanresorlu.com\\\/su-buhari-tedavisi\\\/\",\"name\":\"Su Buhar\u0131 Tedavisi\",\"isPartOf\":{\"@id\":\"https:\\\/\\\/berkanresorlu.com\\\/#website\"},\"datePublished\":\"2024-03-05T18:03:16+00:00\",\"dateModified\":\"2026-01-07T13:46:03+00:00\",\"description\":\"Su Buhar\u0131 Tedavisi\",\"breadcrumb\":{\"@id\":\"https:\\\/\\\/berkanresorlu.com\\\/su-buhari-tedavisi\\\/#breadcrumb\"},\"inLanguage\":\"en-US\",\"potentialAction\":[{\"@type\":\"ReadAction\",\"target\":[\"https:\\\/\\\/berkanresorlu.com\\\/su-buhari-tedavisi\\\/\"]}]},{\"@type\":\"BreadcrumbList\",\"@id\":\"https:\\\/\\\/berkanresorlu.com\\\/su-buhari-tedavisi\\\/#breadcrumb\",\"itemListElement\":[{\"@type\":\"ListItem\",\"position\":1,\"name\":\"Ana sayfa\",\"item\":\"https:\\\/\\\/berkanresorlu.com\\\/\"},{\"@type\":\"ListItem\",\"position\":2,\"name\":\"Su Buhar\u0131 Tedavisi\"}]},{\"@type\":\"WebSite\",\"@id\":\"https:\\\/\\\/berkanresorlu.com\\\/#website\",\"url\":\"https:\\\/\\\/berkanresorlu.com\\\/\",\"name\":\"Prof. Dr. Berkan RE\u015eORLU M.D.\",\"description\":\"Ankara Urology Professor\",\"publisher\":{\"@id\":\"https:\\\/\\\/berkanresorlu.com\\\/#organization\"},\"alternateName\":\"Berkan Re\u015forlu\",\"potentialAction\":[{\"@type\":\"SearchAction\",\"target\":{\"@type\":\"EntryPoint\",\"urlTemplate\":\"https:\\\/\\\/berkanresorlu.com\\\/?s={search_term_string}\"},\"query-input\":{\"@type\":\"PropertyValueSpecification\",\"valueRequired\":true,\"valueName\":\"search_term_string\"}}],\"inLanguage\":\"en-US\"},{\"@type\":\"Organization\",\"@id\":\"https:\\\/\\\/berkanresorlu.com\\\/#organization\",\"name\":\"Prof. Dr. Berkan RE\u015eORLU Muayenehanesi \\\/ \u00dcroloji Doktoru\",\"alternateName\":\"Ankara \u00dcroloji Profes\u00f6r\u00fc\",\"url\":\"https:\\\/\\\/berkanresorlu.com\\\/\",\"logo\":{\"@type\":\"ImageObject\",\"inLanguage\":\"en-US\",\"@id\":\"https:\\\/\\\/berkanresorlu.com\\\/#\\\/schema\\\/logo\\\/image\\\/\",\"url\":\"https:\\\/\\\/berkanresorlu.com\\\/wp-content\\\/uploads\\\/2023\\\/03\\\/prof-dr-berkan-resorlu-logo.jpg\",\"contentUrl\":\"https:\\\/\\\/berkanresorlu.com\\\/wp-content\\\/uploads\\\/2023\\\/03\\\/prof-dr-berkan-resorlu-logo.jpg\",\"width\":2073,\"height\":2073,\"caption\":\"Prof. Dr. Berkan RE\u015eORLU Muayenehanesi \\\/ \u00dcroloji Doktoru\"},\"image\":{\"@id\":\"https:\\\/\\\/berkanresorlu.com\\\/#\\\/schema\\\/logo\\\/image\\\/\"},\"sameAs\":[\"https:\\\/\\\/www.facebook.com\\\/berkan.resorlu\",\"https:\\\/\\\/x.com\\\/berkanresorlu\",\"https:\\\/\\\/www.instagram.com\\\/prof.dr.berkanresorlu\\\/\",\"https:\\\/\\\/www.linkedin.com\\\/in\\\/berkan-reorlu-217ab9123\\\/\",\"https:\\\/\\\/www.youtube.com\\\/@prof.dr.berkanresorlu\"]}]}<\/script>\n<!-- \/ Yoast SEO plugin. -->","yoast_head_json":{"title":"Su Buhar\u0131 Tedavisi","description":"[:tr]Su Buhar\u0131 Tedavisi[:]","robots":{"index":"index","follow":"follow","max-snippet":"max-snippet:-1","max-image-preview":"max-image-preview:large","max-video-preview":"max-video-preview:-1"},"canonical":"https:\/\/berkanresorlu.com\/en\/su-buhari-tedavisi\/","og_locale":"en_US","og_type":"article","og_title":"[:tr]Su Buhar\u0131 Tedavisi[:] | Prof. Dr. Berkan RE\u015eORLU M.D.","og_description":"[:tr]Su Buhar\u0131 Tedavisi[:]","og_url":"https:\/\/berkanresorlu.com\/en\/su-buhari-tedavisi\/","og_site_name":"Prof. Dr. Berkan RE\u015eORLU M.D.","article_publisher":"https:\/\/www.facebook.com\/berkan.resorlu","article_modified_time":"2026-01-07T13:46:03+00:00","og_image":[{"width":1000,"height":562,"url":"https:\/\/berkanresorlu.com\/wp-content\/uploads\/2020\/01\/Doc\u0327-Doktor-Berkan-Res\u0327orlu-Ankara-U\u0308roloji.jpg","type":"image\/jpeg"}],"twitter_card":"summary_large_image","twitter_site":"@berkanresorlu","twitter_misc":{"Est. reading time":"2 minutes"},"schema":{"@context":"https:\/\/schema.org","@graph":[{"@type":"WebPage","@id":"https:\/\/berkanresorlu.com\/su-buhari-tedavisi\/","url":"https:\/\/berkanresorlu.com\/su-buhari-tedavisi\/","name":"Su Buhar\u0131 Tedavisi","isPartOf":{"@id":"https:\/\/berkanresorlu.com\/#website"},"datePublished":"2024-03-05T18:03:16+00:00","dateModified":"2026-01-07T13:46:03+00:00","description":"Su Buhar\u0131 Tedavisi","breadcrumb":{"@id":"https:\/\/berkanresorlu.com\/su-buhari-tedavisi\/#breadcrumb"},"inLanguage":"en-US","potentialAction":[{"@type":"ReadAction","target":["https:\/\/berkanresorlu.com\/su-buhari-tedavisi\/"]}]},{"@type":"BreadcrumbList","@id":"https:\/\/berkanresorlu.com\/su-buhari-tedavisi\/#breadcrumb","itemListElement":[{"@type":"ListItem","position":1,"name":"Ana sayfa","item":"https:\/\/berkanresorlu.com\/"},{"@type":"ListItem","position":2,"name":"Su Buhar\u0131 Tedavisi"}]},{"@type":"WebSite","@id":"https:\/\/berkanresorlu.com\/#website","url":"https:\/\/berkanresorlu.com\/","name":"Prof. Dr. Berkan RE\u015eORLU M.D.","description":"Ankara Urology Professor","publisher":{"@id":"https:\/\/berkanresorlu.com\/#organization"},"alternateName":"Berkan Re\u015forlu","potentialAction":[{"@type":"SearchAction","target":{"@type":"EntryPoint","urlTemplate":"https:\/\/berkanresorlu.com\/?s={search_term_string}"},"query-input":{"@type":"PropertyValueSpecification","valueRequired":true,"valueName":"search_term_string"}}],"inLanguage":"en-US"},{"@type":"Organization","@id":"https:\/\/berkanresorlu.com\/#organization","name":"Prof. Dr. Berkan RE\u015eORLU Muayenehanesi \/ \u00dcroloji Doktoru","alternateName":"Ankara \u00dcroloji Profes\u00f6r\u00fc","url":"https:\/\/berkanresorlu.com\/","logo":{"@type":"ImageObject","inLanguage":"en-US","@id":"https:\/\/berkanresorlu.com\/#\/schema\/logo\/image\/","url":"https:\/\/berkanresorlu.com\/wp-content\/uploads\/2023\/03\/prof-dr-berkan-resorlu-logo.jpg","contentUrl":"https:\/\/berkanresorlu.com\/wp-content\/uploads\/2023\/03\/prof-dr-berkan-resorlu-logo.jpg","width":2073,"height":2073,"caption":"Prof. Dr. Berkan RE\u015eORLU Muayenehanesi \/ \u00dcroloji Doktoru"},"image":{"@id":"https:\/\/berkanresorlu.com\/#\/schema\/logo\/image\/"},"sameAs":["https:\/\/www.facebook.com\/berkan.resorlu","https:\/\/x.com\/berkanresorlu","https:\/\/www.instagram.com\/prof.dr.berkanresorlu\/","https:\/\/www.linkedin.com\/in\/berkan-reorlu-217ab9123\/","https:\/\/www.youtube.com\/@prof.dr.berkanresorlu"]}]}},"_links":{"self":[{"href":"https:\/\/berkanresorlu.com\/en\/wp-json\/wp\/v2\/pages\/8086","targetHints":{"allow":["GET"]}}],"collection":[{"href":"https:\/\/berkanresorlu.com\/en\/wp-json\/wp\/v2\/pages"}],"about":[{"href":"https:\/\/berkanresorlu.com\/en\/wp-json\/wp\/v2\/types\/page"}],"author":[{"embeddable":true,"href":"https:\/\/berkanresorlu.com\/en\/wp-json\/wp\/v2\/users\/1"}],"replies":[{"embeddable":true,"href":"https:\/\/berkanresorlu.com\/en\/wp-json\/wp\/v2\/comments?post=8086"}],"version-history":[{"count":8,"href":"https:\/\/berkanresorlu.com\/en\/wp-json\/wp\/v2\/pages\/8086\/revisions"}],"predecessor-version":[{"id":8935,"href":"https:\/\/berkanresorlu.com\/en\/wp-json\/wp\/v2\/pages\/8086\/revisions\/8935"}],"wp:attachment":[{"href":"https:\/\/berkanresorlu.com\/en\/wp-json\/wp\/v2\/media?parent=8086"}],"curies":[{"name":"wp","href":"https:\/\/api.w.org\/{rel}","templated":true}]}}